{"id":33347,"date":"2017-07-13T10:05:57","date_gmt":"2017-07-13T10:05:57","guid":{"rendered":"https:\/\/www.minerva-calibration.com\/about-us\/"},"modified":"2018-09-05T09:22:17","modified_gmt":"2018-09-05T09:22:17","slug":"uber-uns","status":"publish","type":"page","link":"https:\/\/www.minerva-calibration.com\/de\/uber-uns\/","title":{"rendered":"\u00dcber uns"},"content":{"rendered":"<p>[et_pb_section bb_built=&#8220;1&#8243; background_color=&#8220;#399947&#8243; _builder_version=&#8220;3.0.69&#8243; use_background_color_gradient=&#8220;on&#8220; background_image=&#8220;https:\/\/www.minerva-calibration.com\/wp-content\/uploads\/2017\/09\/header-calibration-fluke.jpg&#8220; custom_padding=&#8220;22px|0px|31px|0px&#8220;][et_pb_row _builder_version=&#8220;3.0.59&#8243;][et_pb_column type=&#8220;4_4&#8243;][et_pb_post_title meta=&#8220;off&#8220; featured_image=&#8220;off&#8220; _builder_version=&#8220;3.0.59&#8243; title_font_size=&#8220;40px&#8220; title_text_color=&#8220;#ffffff&#8220; parallax_method=&#8220;on&#8220; \/][\/et_pb_column][\/et_pb_row][\/et_pb_section][et_pb_section bb_built=&#8220;1&#8243; _builder_version=&#8220;3.0.59&#8243; custom_padding=&#8220;0px|0px|0px|0px&#8220;][et_pb_row custom_padding=&#8220;37px|0px|40px|0px&#8220; _builder_version=&#8220;3.0.59&#8243;][et_pb_column type=&#8220;4_4&#8243;][et_pb_dcsbcm_divi_breadcrumbs_module hide_homebreadcrumb=&#8220;off&#8220; separator=&#8220;sep-arrow&#8220; hide_currentbreadcrumb=&#8220;off&#8220; homebreadcrumborientation=&#8220;left&#8220; _builder_version=&#8220;3.0.59&#8243; fontsbreadcrumbs_font_size_tablet=&#8220;51&#8243; fontsbreadcrumbs_text_color=&#8220;#399947&#8243; fontsbreadcrumbs_line_height_tablet=&#8220;2&#8243; fontsseperator_font_size=&#8220;18&#8243; fontsseperator_font_size_tablet=&#8220;51&#8243; fontsseperator_text_color=&#8220;#399947&#8243; fontsseperator_line_height_tablet=&#8220;2&#8243; fontsbreadcrumblinks_font_size_tablet=&#8220;51&#8243; fontsbreadcrumblinks_text_color=&#8220;#399947&#8243; fontsbreadcrumblinks_line_height_tablet=&#8220;2&#8243; custom_margin=&#8220;|20px||&#8220;]<\/p>\n<p>&lt;div class=&#8220;dcsbcm_divi_breadcrumbs_wrapper clearfix et_pb_module et_pb_bg_layout_light et_pb_dcsbcm_divi_breadcrumbs_module_1&#8243;&gt;<br \/>\n&lt;div class=&#8220;dcsbcm_divi_breadcrumbs&#8220;&gt;&lt;span class=&#8220;dcsbcm_divi_breadcrumb&#8220;&gt;&lt;a href=&#8220;http:\/\/minerva-calibration.com\/&#8220; rel=&#8220;v:url&#8220;&gt;Home&lt;\/a&gt;&lt;\/span&gt;&lt;span class=&#8220;dcsbcm_separator&#8220;&gt;\u00a0\u2192\u00a0&lt;\/span&gt;&lt;\/div&gt;<br \/>\n&lt;\/div&gt;<br \/>\n&lt;!&#8211; .dcsbcm_divi_breadcrumbs_wrapper &#8211;&gt;<\/p>\n<p>[\/et_pb_dcsbcm_divi_breadcrumbs_module][\/et_pb_column][\/et_pb_row][et_pb_row custom_padding=&#8220;0px|0px|27px|0px&#8220; _builder_version=&#8220;3.0.59&#8243;][et_pb_column type=&#8220;4_4&#8243;][et_pb_text _builder_version=&#8220;3.0.76&#8243;]<\/p>\n<h2>\u00a0<\/h2>\n<h2>Unsere Aufgabe<\/h2>\n<p><strong>Minerva Metrology and Calibration liefert Kalibrierdienstleistungen auf h\u00f6chstem Niveau und sichert R\u00fcckf\u00fchrbarkeit, auf die sich unsere Kunden verlassen k\u00f6nnen.\u00a0\u00a0<\/strong><\/p>\n<h3 style=\"background-color: #ffffff;\"><strong style=\"font-size: 22px;\"><img decoding=\"async\" class=\"alignright wp-image-32517 size-ubergrid_thumbnail\" style=\"font-size: 22px;\" title=\"Calibration in lab Minerva\" src=\"http:\/\/minerva-calibration.com\/wp-content\/uploads\/2017\/07\/Minerva00115-400x600.jpg\" alt=\"Minerva calibration\" width=\"376\" height=\"564\" srcset=\"https:\/\/www.minerva-calibration.com\/wp-content\/uploads\/2017\/07\/Minerva00115-400x600.jpg 400w, https:\/\/www.minerva-calibration.com\/wp-content\/uploads\/2017\/07\/Minerva00115-510x765.jpg 510w, https:\/\/www.minerva-calibration.com\/wp-content\/uploads\/2017\/07\/Minerva00115-200x300.jpg 200w, https:\/\/www.minerva-calibration.com\/wp-content\/uploads\/2017\/07\/Minerva00115-768x1152.jpg 768w, https:\/\/www.minerva-calibration.com\/wp-content\/uploads\/2017\/07\/Minerva00115-683x1024.jpg 683w, https:\/\/www.minerva-calibration.com\/wp-content\/uploads\/2017\/07\/Minerva00115-16x24.jpg 16w, https:\/\/www.minerva-calibration.com\/wp-content\/uploads\/2017\/07\/Minerva00115-24x36.jpg 24w, https:\/\/www.minerva-calibration.com\/wp-content\/uploads\/2017\/07\/Minerva00115-32x48.jpg 32w, https:\/\/www.minerva-calibration.com\/wp-content\/uploads\/2017\/07\/Minerva00115.jpg 896w\" sizes=\"(max-width: 376px) 100vw, 376px\" \/><\/strong><\/h3>\n<p><span style=\"color: #399947; font-size: 22px;\">Unsere Vision<\/span><\/p>\n<p>Es ist unser Bestreben, weltweit als a High-End-Anbieter in der Metrologie anerkannt zu werden. Wir arbeiten jeden Tag hart daran, verl\u00e4sslicher und transparent handelnder Partner unserer Kunden zu sein, um ihnen innovative L\u00f6sungen zur Kalibrierung zu bieten, auf die sie sich verlassen k\u00f6nnen.<\/p>\n<p>We are happy when our customers are able to operate most accurately and safely with as little down-time as possible.\u00a0We have been active in the high-end pressure metrology market since the 1980\u2019s, <a href=\"https:\/\/www.minerva-calibration.com\/about-us\/our-history\/\">coming from the car industry<\/a>.<\/p>\n<p>Es macht uns stolz, wenn wir dazu beitragen, dass unsere Kunden mit h\u00f6chster Genauigkeit und Sicherheit mit so geringen Ausfallzeiten wie m\u00f6glich arbeiten k\u00f6nnen.\u00a0Wir kommen aus der Automobilindustrie und sind seit den 1980er-Jahren im High-End der Metrologie f\u00fcr Druck t\u00e4tig.<\/p>\n<p>Wir konzentrieren uns auf die zuverl\u00e4ssige Lieferung, den Service und die Unterst\u00fctzung von hochwertiger Kalibrierausr\u00fcstung.<\/p>\n<h2>F\u00fcr wen arbeiten wir und in welchen Marktsegmenten?<\/h2>\n<p>Unser angesehener und anspruchsvoller nationaler und internationaler Kundenkreis umfasst Industriebereiche wie Luft- und Raumfahrt, Prozessindustrien, \u00d6l und Gas, Energieversorgung, Pharmazie und viele nationale Metrologie-Institute.<\/p>\n<p>[\/et_pb_text][\/et_pb_column][\/et_pb_row][\/et_pb_section][et_pb_section bb_built=&#8220;1&#8243; _builder_version=&#8220;3.0.69&#8243;][et_pb_row custom_padding=&#8220;7px|0px|37px|0px&#8220; _builder_version=&#8220;3.0.69&#8243;][et_pb_column type=&#8220;1_2&#8243;][et_pb_text _builder_version=&#8220;3.0.76&#8243;]<\/p>\n<p><strong>Unsere Services\u00a0in der Region EMEA\/weltweit:<\/strong><\/p>\n<ul>\n<li>Kalibrier- und Reparaturdienstleistungen<\/li>\n<li>Schulungen und Beratung<\/li>\n<li>Lieferung von Minerva Kalibrierprodukten<\/li>\n<li>Schl\u00fcsselfertige Projekte<\/li>\n<\/ul>\n<p>[\/et_pb_text][\/et_pb_column][et_pb_column type=&#8220;1_2&#8243;][et_pb_text _builder_version=&#8220;3.0.76&#8243;]<\/p>\n<p><strong>Unsere Services in den Niederlanden, Belgien und Luxemburg:<\/strong><\/p>\n<ul>\n<li>Kalibrier- und Reparaturdienstleistungen<\/li>\n<li>Schulungen und Beratung<\/li>\n<li>Lieferung von <a href=\"\/products\/\">Fluke und Minerva Kalibrierprodukte<\/a><\/li>\n<\/ul>\n<p>[\/et_pb_text][\/et_pb_column][\/et_pb_row][\/et_pb_section][et_pb_section bb_built=&#8220;1&#8243; background_color=&#8220;#e0e0e0&#8243; _builder_version=&#8220;3.0.69&#8243; custom_padding=&#8220;22px|0px|19px|0px&#8220;][et_pb_row make_equal=&#8220;on&#8220; _builder_version=&#8220;3.0.59&#8243;][et_pb_column type=&#8220;1_3&#8243;][et_pb_blurb title=&#8220;Fragen Sie unser Team&#8220; url=&#8220;\/about-us\/team&#8220; use_icon=&#8220;on&#8220; font_icon=&#8220;%%305%%&#8220; use_circle=&#8220;on&#8220; circle_color=&#8220;#ffffff&#8220; use_circle_border=&#8220;on&#8220; _builder_version=&#8220;3.0.76&#8243; background_color=&#8220;#ffffff&#8220; max_width_tablet=&#8220;50px&#8220; custom_padding=&#8220;15px|15px|15px|15px&#8220;]<\/p>\n<p>Innerhalb des vergangenen Jahrzehnts ist unser Team auf nahezu 20 professionelle Mitarbeiter gewachsen, vom technischen Spezialisten bis zum Service-Sachbearbeiter.<\/p>\n<p>Wir stehen Ihnen mit Rat und Tat zur Verf\u00fcgung!<\/p>\n<p>[\/et_pb_blurb][\/et_pb_column][et_pb_column type=&#8220;1_3&#8243;][et_pb_blurb title=&#8220;Unsere aktuellen Stellenangebote&#8220; url=&#8220;\/about-us\/vacancies&#8220; use_icon=&#8220;on&#8220; font_icon=&#8220;%%75%%&#8220; use_circle=&#8220;on&#8220; circle_color=&#8220;#ffffff&#8220; use_circle_border=&#8220;on&#8220; _builder_version=&#8220;3.0.76&#8243; background_color=&#8220;#ffffff&#8220; max_width_tablet=&#8220;50px&#8220; custom_padding=&#8220;15px|15px|15px|15px&#8220;]<\/p>\n<p>Unser Team hat die Kernaufgabe: unsere Kunden mit erstklassigen Produkten und Dienstleistungen zur Druckkalibrierung zu beliefern. R\u00fcckf\u00fchrbarkeit, auf die Verlass ist &#8211; von Absolutdruck \u00fcber Relativdruck bis zu sehr hohen Dr\u00fccken. Haben Sie Interesse, Mitglied dieses Teams zu werden?<\/p>\n<p>[\/et_pb_blurb][\/et_pb_column][et_pb_column type=&#8220;1_3&#8243;][et_pb_number_counter title=&#8220;Wir sind stolz, dass diese Unternehmen unsere Kunden sind!&#8220; number=&#8220;803&#8243; percent_sign=&#8220;off&#8220; _builder_version=&#8220;3.0.76&#8243; background_color=&#8220;#ffffff&#8220; custom_padding=&#8220;15px|15px|15px|15px&#8220; \/][et_pb_button button_url=&#8220;https:\/\/www.minerva-calibration.com\/de\/uber-uns\/kunden\/&#8220; button_text=&#8220;View references&#8220; button_alignment=&#8220;center&#8220; _builder_version=&#8220;3.0.76&#8243; url_new_window=&#8220;off&#8220; background_layout=&#8220;light&#8220; custom_button=&#8220;off&#8220; button_border_width=&#8220;0&#8243; button_border_radius=&#8220;0&#8243; button_letter_spacing=&#8220;0&#8243; button_icon_placement=&#8220;right&#8220; button_letter_spacing_hover=&#8220;0&#8243; \/][\/et_pb_column][\/et_pb_row][\/et_pb_section]<\/p>\n","protected":false},"excerpt":{"rendered":"<p>&lt;div class=&#8220;dcsbcm_divi_breadcrumbs_wrapper clearfix et_pb_module et_pb_bg_layout_light et_pb_dcsbcm_divi_breadcrumbs_module_1&#8243;&gt; &lt;div class=&#8220;dcsbcm_divi_breadcrumbs&#8220;&gt;&lt;span class=&#8220;dcsbcm_divi_breadcrumb&#8220;&gt;&lt;a href=&#8220;http:\/\/minerva-calibration.com\/&#8220; rel=&#8220;v:url&#8220;&gt;Home&lt;\/a&gt;&lt;\/span&gt;&lt;span class=&#8220;dcsbcm_separator&#8220;&gt;\u00a0\u2192\u00a0&lt;\/span&gt;&lt;\/div&gt; &lt;\/div&gt; &lt;!&#8211; .dcsbcm_divi_breadcrumbs_wrapper &#8211;&gt; \u00a0 Unsere Aufgabe Minerva Metrology and Calibration liefert Kalibrierdienstleistungen auf h\u00f6chstem Niveau und sichert R\u00fcckf\u00fchrbarkeit, auf die sich unsere Kunden verlassen k\u00f6nnen.\u00a0\u00a0 Unsere Vision Es ist unser Bestreben, weltweit als a High-End-Anbieter in der Metrologie anerkannt zu werden. Wir [&hellip;]<\/p>\n","protected":false},"author":1,"featured_media":0,"parent":0,"menu_order":0,"comment_status":"closed","ping_status":"closed","template":"","meta":{"_acf_changed":false,"_et_pb_use_builder":"on","_et_pb_old_content":"","_et_gb_content_width":"","footnotes":""},"class_list":["post-33347","page","type-page","status-publish","hentry"],"acf":[],"yoast_head":"<!-- This site is optimized with the Yoast SEO plugin v27.4 - https:\/\/yoast.com\/product\/yoast-seo-wordpress\/ -->\n<title>\u00dcber uns &#8212; Minerva Metrology &amp; Calibration<\/title>\n<meta name=\"robots\" content=\"index, follow, max-snippet:-1, max-image-preview:large, max-video-preview:-1\" \/>\n<link rel=\"canonical\" href=\"https:\/\/www.minerva-calibration.com\/de\/uber-uns\/\" \/>\n<meta property=\"og:locale\" content=\"de_DE\" \/>\n<meta property=\"og:type\" content=\"article\" \/>\n<meta property=\"og:title\" content=\"\u00dcber uns &#8212; Minerva Metrology &amp; Calibration\" \/>\n<meta property=\"og:description\" content=\"&lt;div class=&quot;dcsbcm_divi_breadcrumbs_wrapper clearfix et_pb_module et_pb_bg_layout_light et_pb_dcsbcm_divi_breadcrumbs_module_1&quot;&gt; &lt;div class=&quot;dcsbcm_divi_breadcrumbs&quot;&gt;&lt;span class=&quot;dcsbcm_divi_breadcrumb&quot;&gt;&lt;a href=&quot;http:\/\/minerva-calibration.com\/&quot; rel=&quot;v:url&quot;&gt;Home&lt;\/a&gt;&lt;\/span&gt;&lt;span class=&quot;dcsbcm_separator&quot;&gt;\u00a0\u2192\u00a0&lt;\/span&gt;&lt;\/div&gt; &lt;\/div&gt; &lt;!-- .dcsbcm_divi_breadcrumbs_wrapper --&gt; \u00a0 Unsere Aufgabe Minerva Metrology and Calibration liefert Kalibrierdienstleistungen auf h\u00f6chstem Niveau und sichert R\u00fcckf\u00fchrbarkeit, auf die sich unsere Kunden verlassen k\u00f6nnen.\u00a0\u00a0 Unsere Vision Es ist unser Bestreben, weltweit als a High-End-Anbieter in der Metrologie anerkannt zu werden. Wir [&hellip;]\" \/>\n<meta property=\"og:url\" content=\"https:\/\/www.minerva-calibration.com\/de\/uber-uns\/\" \/>\n<meta property=\"og:site_name\" content=\"Minerva Metrology &amp; Calibration\" \/>\n<meta property=\"article:publisher\" content=\"https:\/\/www.facebook.com\/minervametrology\/\" \/>\n<meta property=\"article:modified_time\" content=\"2018-09-05T09:22:17+00:00\" \/>\n<meta property=\"og:image\" content=\"http:\/\/minerva-calibration.com\/wp-content\/uploads\/2017\/07\/Minerva00115-400x600.jpg\" \/>\n<meta name=\"twitter:card\" content=\"summary_large_image\" \/>\n<meta name=\"twitter:site\" content=\"@Minerva_Cal\" \/>\n<meta name=\"twitter:label1\" content=\"Gesch\u00e4tzte Lesezeit\" \/>\n\t<meta name=\"twitter:data1\" content=\"4\u00a0Minuten\" \/>\n<script type=\"application\/ld+json\" class=\"yoast-schema-graph\">{\"@context\":\"https:\\\/\\\/schema.org\",\"@graph\":[{\"@type\":\"WebPage\",\"@id\":\"https:\\\/\\\/www.minerva-calibration.com\\\/de\\\/uber-uns\\\/\",\"url\":\"https:\\\/\\\/www.minerva-calibration.com\\\/de\\\/uber-uns\\\/\",\"name\":\"\u00dcber uns &#8212; Minerva Metrology &amp; Calibration\",\"isPartOf\":{\"@id\":\"https:\\\/\\\/www.minerva-calibration.com\\\/#website\"},\"primaryImageOfPage\":{\"@id\":\"https:\\\/\\\/www.minerva-calibration.com\\\/de\\\/uber-uns\\\/#primaryimage\"},\"image\":{\"@id\":\"https:\\\/\\\/www.minerva-calibration.com\\\/de\\\/uber-uns\\\/#primaryimage\"},\"thumbnailUrl\":\"http:\\\/\\\/minerva-calibration.com\\\/wp-content\\\/uploads\\\/2017\\\/07\\\/Minerva00115-400x600.jpg\",\"datePublished\":\"2017-07-13T10:05:57+00:00\",\"dateModified\":\"2018-09-05T09:22:17+00:00\",\"inLanguage\":\"de\",\"potentialAction\":[{\"@type\":\"ReadAction\",\"target\":[\"https:\\\/\\\/www.minerva-calibration.com\\\/de\\\/uber-uns\\\/\"]}]},{\"@type\":\"ImageObject\",\"inLanguage\":\"de\",\"@id\":\"https:\\\/\\\/www.minerva-calibration.com\\\/de\\\/uber-uns\\\/#primaryimage\",\"url\":\"http:\\\/\\\/minerva-calibration.com\\\/wp-content\\\/uploads\\\/2017\\\/07\\\/Minerva00115-400x600.jpg\",\"contentUrl\":\"http:\\\/\\\/minerva-calibration.com\\\/wp-content\\\/uploads\\\/2017\\\/07\\\/Minerva00115-400x600.jpg\"},{\"@type\":\"WebSite\",\"@id\":\"https:\\\/\\\/www.minerva-calibration.com\\\/#website\",\"url\":\"https:\\\/\\\/www.minerva-calibration.com\\\/\",\"name\":\"Minerva Metrology &amp; Calibration\",\"description\":\"Specialised in high accuracy calibrations\",\"potentialAction\":[{\"@type\":\"SearchAction\",\"target\":{\"@type\":\"EntryPoint\",\"urlTemplate\":\"https:\\\/\\\/www.minerva-calibration.com\\\/?s={search_term_string}\"},\"query-input\":{\"@type\":\"PropertyValueSpecification\",\"valueRequired\":true,\"valueName\":\"search_term_string\"}}],\"inLanguage\":\"de\"}]}<\/script>\n<!-- \/ Yoast SEO plugin. -->","yoast_head_json":{"title":"\u00dcber uns &#8212; Minerva Metrology &amp; Calibration","robots":{"index":"index","follow":"follow","max-snippet":"max-snippet:-1","max-image-preview":"max-image-preview:large","max-video-preview":"max-video-preview:-1"},"canonical":"https:\/\/www.minerva-calibration.com\/de\/uber-uns\/","og_locale":"de_DE","og_type":"article","og_title":"\u00dcber uns &#8212; Minerva Metrology &amp; Calibration","og_description":"&lt;div class=\"dcsbcm_divi_breadcrumbs_wrapper clearfix et_pb_module et_pb_bg_layout_light et_pb_dcsbcm_divi_breadcrumbs_module_1\"&gt; &lt;div class=\"dcsbcm_divi_breadcrumbs\"&gt;&lt;span class=\"dcsbcm_divi_breadcrumb\"&gt;&lt;a href=\"http:\/\/minerva-calibration.com\/\" rel=\"v:url\"&gt;Home&lt;\/a&gt;&lt;\/span&gt;&lt;span class=\"dcsbcm_separator\"&gt;\u00a0\u2192\u00a0&lt;\/span&gt;&lt;\/div&gt; &lt;\/div&gt; &lt;!-- .dcsbcm_divi_breadcrumbs_wrapper --&gt; \u00a0 Unsere Aufgabe Minerva Metrology and Calibration liefert Kalibrierdienstleistungen auf h\u00f6chstem Niveau und sichert R\u00fcckf\u00fchrbarkeit, auf die sich unsere Kunden verlassen k\u00f6nnen.\u00a0\u00a0 Unsere Vision Es ist unser Bestreben, weltweit als a High-End-Anbieter in der Metrologie anerkannt zu werden. Wir [&hellip;]","og_url":"https:\/\/www.minerva-calibration.com\/de\/uber-uns\/","og_site_name":"Minerva Metrology &amp; Calibration","article_publisher":"https:\/\/www.facebook.com\/minervametrology\/","article_modified_time":"2018-09-05T09:22:17+00:00","og_image":[{"url":"http:\/\/minerva-calibration.com\/wp-content\/uploads\/2017\/07\/Minerva00115-400x600.jpg","type":"","width":"","height":""}],"twitter_card":"summary_large_image","twitter_site":"@Minerva_Cal","twitter_misc":{"Gesch\u00e4tzte Lesezeit":"4\u00a0Minuten"},"schema":{"@context":"https:\/\/schema.org","@graph":[{"@type":"WebPage","@id":"https:\/\/www.minerva-calibration.com\/de\/uber-uns\/","url":"https:\/\/www.minerva-calibration.com\/de\/uber-uns\/","name":"\u00dcber uns &#8212; Minerva Metrology &amp; Calibration","isPartOf":{"@id":"https:\/\/www.minerva-calibration.com\/#website"},"primaryImageOfPage":{"@id":"https:\/\/www.minerva-calibration.com\/de\/uber-uns\/#primaryimage"},"image":{"@id":"https:\/\/www.minerva-calibration.com\/de\/uber-uns\/#primaryimage"},"thumbnailUrl":"http:\/\/minerva-calibration.com\/wp-content\/uploads\/2017\/07\/Minerva00115-400x600.jpg","datePublished":"2017-07-13T10:05:57+00:00","dateModified":"2018-09-05T09:22:17+00:00","inLanguage":"de","potentialAction":[{"@type":"ReadAction","target":["https:\/\/www.minerva-calibration.com\/de\/uber-uns\/"]}]},{"@type":"ImageObject","inLanguage":"de","@id":"https:\/\/www.minerva-calibration.com\/de\/uber-uns\/#primaryimage","url":"http:\/\/minerva-calibration.com\/wp-content\/uploads\/2017\/07\/Minerva00115-400x600.jpg","contentUrl":"http:\/\/minerva-calibration.com\/wp-content\/uploads\/2017\/07\/Minerva00115-400x600.jpg"},{"@type":"WebSite","@id":"https:\/\/www.minerva-calibration.com\/#website","url":"https:\/\/www.minerva-calibration.com\/","name":"Minerva Metrology &amp; Calibration","description":"Specialised in high accuracy calibrations","potentialAction":[{"@type":"SearchAction","target":{"@type":"EntryPoint","urlTemplate":"https:\/\/www.minerva-calibration.com\/?s={search_term_string}"},"query-input":{"@type":"PropertyValueSpecification","valueRequired":true,"valueName":"search_term_string"}}],"inLanguage":"de"}]}},"_links":{"self":[{"href":"https:\/\/www.minerva-calibration.com\/de\/wp-json\/wp\/v2\/pages\/33347","targetHints":{"allow":["GET"]}}],"collection":[{"href":"https:\/\/www.minerva-calibration.com\/de\/wp-json\/wp\/v2\/pages"}],"about":[{"href":"https:\/\/www.minerva-calibration.com\/de\/wp-json\/wp\/v2\/types\/page"}],"author":[{"embeddable":true,"href":"https:\/\/www.minerva-calibration.com\/de\/wp-json\/wp\/v2\/users\/1"}],"replies":[{"embeddable":true,"href":"https:\/\/www.minerva-calibration.com\/de\/wp-json\/wp\/v2\/comments?post=33347"}],"version-history":[{"count":6,"href":"https:\/\/www.minerva-calibration.com\/de\/wp-json\/wp\/v2\/pages\/33347\/revisions"}],"predecessor-version":[{"id":42147,"href":"https:\/\/www.minerva-calibration.com\/de\/wp-json\/wp\/v2\/pages\/33347\/revisions\/42147"}],"wp:attachment":[{"href":"https:\/\/www.minerva-calibration.com\/de\/wp-json\/wp\/v2\/media?parent=33347"}],"curies":[{"name":"wp","href":"https:\/\/api.w.org\/{rel}","templated":true}]}}