{"id":33357,"date":"2017-07-18T12:04:47","date_gmt":"2017-07-18T12:04:47","guid":{"rendered":"https:\/\/www.minerva-calibration.com\/uber-uns\/our-history\/"},"modified":"2025-07-04T17:48:57","modified_gmt":"2025-07-04T15:48:57","slug":"geschichte","status":"publish","type":"page","link":"https:\/\/www.minerva-calibration.com\/de\/uber-uns\/geschichte\/","title":{"rendered":"Unsere Geschichte"},"content":{"rendered":"<p>[et_pb_section fb_built=&#8220;1&#8243; _builder_version=&#8220;4.16&#8243; background_color=&#8220;#399947&#8243; use_background_color_gradient=&#8220;on&#8220; background_image=&#8220;https:\/\/www.minerva-calibration.com\/wp-content\/uploads\/2017\/07\/Minerva00103.jpg&#8220; custom_padding=&#8220;22px|0px|31px|0px&#8220; global_colors_info=&#8220;{}&#8220;][et_pb_row _builder_version=&#8220;4.16&#8243; global_colors_info=&#8220;{}&#8220;][et_pb_column type=&#8220;4_4&#8243; _builder_version=&#8220;4.16&#8243; custom_padding=&#8220;|||&#8220; global_colors_info=&#8220;{}&#8220; custom_padding__hover=&#8220;|||&#8220;][et_pb_post_title meta=&#8220;off&#8220; featured_image=&#8220;off&#8220; _builder_version=&#8220;4.16&#8243; title_text_color=&#8220;#ffffff&#8220; title_font_size=&#8220;40px&#8220; global_colors_info=&#8220;{}&#8220;][\/et_pb_post_title][\/et_pb_column][\/et_pb_row][\/et_pb_section][et_pb_section fb_built=&#8220;1&#8243; _builder_version=&#8220;4.16&#8243; custom_padding=&#8220;0px|0px|19px|0px&#8220; global_colors_info=&#8220;{}&#8220;][et_pb_row _builder_version=&#8220;4.16&#8243; global_colors_info=&#8220;{}&#8220;][et_pb_column type=&#8220;4_4&#8243; _builder_version=&#8220;4.16&#8243; custom_padding=&#8220;|||&#8220; global_colors_info=&#8220;{}&#8220; custom_padding__hover=&#8220;|||&#8220;][et_pb_dcsbcm_divi_breadcrumbs_module separator=&#8220;sep-arrow&#8220; hide_currentbreadcrumb=&#8220;off&#8220; _builder_version=&#8220;4.16&#8243; fontsbreadcrumbs_text_color=&#8220;#399947&#8243; fontsseperator_text_color=&#8220;#399947&#8243; fontsseperator_font_size=&#8220;18&#8243; fontsbreadcrumblinks_text_color=&#8220;#399947&#8243; custom_margin=&#8220;|20px||&#8220; fontsbreadcrumbs_font_size_tablet=&#8220;51&#8243; fontsbreadcrumbs_line_height_tablet=&#8220;2&#8243; fontsseperator_font_size_tablet=&#8220;51&#8243; fontsseperator_line_height_tablet=&#8220;2&#8243; fontsbreadcrumblinks_font_size_tablet=&#8220;51&#8243; fontsbreadcrumblinks_line_height_tablet=&#8220;2&#8243; global_colors_info=&#8220;{}&#8220;]<\/p>\n<div class=\"dcsbcm_divi_breadcrumbs_wrapper clearfix et_pb_module et_pb_bg_layout_light et_pb_dcsbcm_divi_breadcrumbs_module_1\">\n<div class=\"dcsbcm_divi_breadcrumbs\"><span class=\"dcsbcm_divi_breadcrumb\"><a href=\"https:\/\/www.minerva-calibration.com\/\" rel=\"v:url\">Home<\/a><\/span><span class=\"dcsbcm_separator\">\u00a0\u2192\u00a0<\/span><\/div>\n<\/div>\n<p><!-- .dcsbcm_divi_breadcrumbs_wrapper --> <\/p>\n<p>[\/et_pb_dcsbcm_divi_breadcrumbs_module][\/et_pb_column][\/et_pb_row][et_pb_row _builder_version=&#8220;4.16&#8243; custom_padding=&#8220;5px|0px|2px|0px&#8220; global_colors_info=&#8220;{}&#8220;][et_pb_column type=&#8220;4_4&#8243; _builder_version=&#8220;4.16&#8243; custom_padding=&#8220;|||&#8220; global_colors_info=&#8220;{}&#8220; custom_padding__hover=&#8220;|||&#8220;][et_pb_text _builder_version=&#8220;4.16&#8243; border_style=&#8220;solid&#8220; global_colors_info=&#8220;{}&#8220;]<\/p>\n<h2>Minerva \u2013 Meilensteine unserer Firmengeschichte<\/h2>\n<p><strong>Minerva wurde in den 1940er Jahren gegr\u00fcndet und entwickelte sich von einem Handelsunternehmen der Automobilindustrie zu einem internationalen Marktf\u00fchrer der Metrologie und High-End-Kalibrierung.<\/strong><\/p>\n<p>[\/et_pb_text][\/et_pb_column][\/et_pb_row][et_pb_row _builder_version=&#8220;4.16&#8243; background_color=&#8220;rgba(255,255,255,0.64)&#8220; background_size=&#8220;initial&#8220; background_position=&#8220;top_left&#8220; background_repeat=&#8220;repeat&#8220; global_colors_info=&#8220;{}&#8220; column_structure=&#8220;1_3,2_3&#8243;][et_pb_column type=&#8220;1_3&#8243; _builder_version=&#8220;4.16&#8243; background_position=&#8220;top_left&#8220; custom_padding=&#8220;|||&#8220; global_colors_info=&#8220;{}&#8220; custom_padding__hover=&#8220;|||&#8220;][et_pb_image src=&#8220;https:\/\/www.minerva-calibration.com\/wp-content\/uploads\/2025\/05\/Minerva-31-scaled.jpg&#8220; align=&#8220;center&#8220; align_tablet=&#8220;center&#8220; align_phone=&#8220;&#8220; align_last_edited=&#8220;on|desktop&#8220; _builder_version=&#8220;4.27.4&#8243; vertical_offset_tablet=&#8220;0&#8243; horizontal_offset_tablet=&#8220;0&#8243; max_width=&#8220;300px&#8220; animation_style=&#8220;slide&#8220; animation_direction=&#8220;left&#8220; animation_duration=&#8220;500ms&#8220; animation_intensity_slide=&#8220;10%&#8220; hover_enabled=&#8220;0&#8243; z_index_tablet=&#8220;0&#8243; box_shadow_horizontal_tablet=&#8220;0px&#8220; box_shadow_vertical_tablet=&#8220;0px&#8220; box_shadow_blur_tablet=&#8220;40px&#8220; box_shadow_spread_tablet=&#8220;0px&#8220; global_colors_info=&#8220;{}&#8220; title_text=&#8220;Minerva-31&#8243; sticky_enabled=&#8220;0&#8243;][\/et_pb_image][et_pb_blurb title=&#8220;Wie k\u00f6nnen wir Ihnen helfen?&#8220; url=&#8220;\/de\/kontakt&#8220; use_icon=&#8220;on&#8220; font_icon=&#8220;&#xe064;||divi||400&#8243; icon_color=&#8220;#ffffff&#8220; image_icon_background_color=&#8220;#399947&#8243; image_icon_width=&#8220;48px&#8220; _builder_version=&#8220;4.16&#8243; background_color=&#8220;rgba(57,153,71,0.16)&#8220; image_icon_custom_padding=&#8220;25px|25px|25px|25px|false|false&#8220; max_width_tablet=&#8220;50px&#8220; custom_padding=&#8220;20px|20px|20px|20px&#8220; border_radii_image=&#8220;on|100%|100%|100%|100%&#8220; border_width_all_image=&#8220;3px&#8220; border_color_all_image=&#8220;#f2f2f2&#8243; border_style=&#8220;solid&#8220; use_circle=&#8220;on&#8220; use_circle_border=&#8220;on&#8220; circle_border_color=&#8220;#f2f2f2&#8243; global_colors_info=&#8220;{}&#8220; image_icon_background_color__sticky_enabled=&#8220;#399947&#8243; image_icon_background_color__sticky=&#8220;#399947&#8243;]<\/p>\n<p>\nBitte kontaktieren Sie uns, wir freuen uns auf Sie.<\/p>\n<p>[\/et_pb_blurb][et_pb_image src=&#8220;\/wp-content\/uploads\/2017\/07\/auto__minerva-calibration.jpg&#8220; show_in_lightbox=&#8220;on&#8220; align_tablet=&#8220;center&#8220; align_phone=&#8220;&#8220; align_last_edited=&#8220;on|desktop&#8220; _builder_version=&#8220;4.16&#8243; animation_style=&#8220;slide&#8220; animation_direction=&#8220;left&#8220; animation_duration=&#8220;500ms&#8220; animation_intensity_slide=&#8220;10%&#8220; border_style=&#8220;solid&#8220; always_center_on_mobile=&#8220;on&#8220; global_colors_info=&#8220;{}&#8220;][\/et_pb_image][\/et_pb_column][et_pb_column type=&#8220;2_3&#8243; _builder_version=&#8220;4.16&#8243; background_position=&#8220;top_left&#8220; custom_padding=&#8220;|||&#8220; global_colors_info=&#8220;{}&#8220; custom_padding__hover=&#8220;|||&#8220;][et_pb_toggle title=&#8220;2016 bis heute&#8220; _builder_version=&#8220;4.16&#8243; title_text_color=&#8220;#399947&#8243; title_font=&#8220;|on|||&#8220; title_font_size=&#8220;18&#8243; border_style=&#8220;solid&#8220; global_colors_info=&#8220;{}&#8220;]<\/p>\n<p>\nEin vollst\u00e4ndig neues und innovatives Kalibrierlabor wurde gebaut. Unsere aktuellen Messm\u00f6glichkeiten umfassen hohe und niedrige Dr\u00fccke, Masse und elektrische Messgr\u00f6\u00dfen.<\/p>\n<p>In 2017 \u00e4nderte Minerva die Firmierung in <strong>Minerva Metrology and Calibration<\/strong>, um den vielen internationalen Kunden und mehreren nationalen Metrologie-Institute gerecht zu werden. Im selben Jahr wurde Henk de Lange <a href=\"\/minerva-aligns-management-team-strategic-initiatives\/\">General Manager<\/a>.<\/p>\n<p>Heute liefern wir eine ganze Produktpalette Kalibrierinstrumente von Fluke, DHI, Ruska, Pressurements sowie unsere selbst entwickelten Produkte unter dem Markennamen Minerva. Dieses umfassende Programm kann man nicht ohne komplette Unterst\u00fctzung vermarkten, und so haben wir ein hervorragend geschultes Team aufgebaut, das Ihnen dabei hilft, die richtigen Entscheidungen beim Kauf, Service und Kalibrierung zu treffen.<\/p>\n<p>Was als Service zur Unterst\u00fctzung des Verkaufs begann, hat sich immer mehr in Richtung Dienstleistung entwickelt. So durchlaufen heute Ausr\u00fcstungen unterschiedlicher Hersteller &#8211; von Druckwaagen bis zu Messger\u00e4ten f\u00fcr Pegelst\u00e4nde &#8211; unser akkreditiertes Kalibrierlabor.<\/p>\n<p>Zur Abrundung bietet Minerva umfangreiche Metrologielehrg\u00e4nge und Beratung von Unternehmen, die eine gro\u00dfe Bandbreite an Themen abdecken. F\u00fcr diese Dienstleistungen sind wir Partner des VSL, dem nationalen Metrologie-Institut der Niederlande (NMI).<\/p>\n<p>[\/et_pb_toggle][et_pb_toggle title=&#8220;2011&#8243; _builder_version=&#8220;4.16&#8243; title_text_color=&#8220;#399947&#8243; title_font=&#8220;|on|||&#8220; title_font_size=&#8220;18&#8243; border_style=&#8220;solid&#8220; global_colors_info=&#8220;{}&#8220;]<\/p>\n<p>\nEin weiterer Meilenstein f\u00fcr Minerva: der Zusammenschluss von Quality Logics, Siebe Borger und Minerva, Carel Adolfse. Die Vereinigung dieser Unternehmen bilden den Startpunkt eines gro\u00dfen Wachstums des Unternehmens. Minerva erh\u00e4lt auch das volle Portfolio von Fluke Calibration (Druck, Durchfluss, Temperatur, elektrische Messgr\u00f6\u00dfen und Software) f\u00fcr Benelux.<\/p>\n<p>Minerva startet die Entwicklung und den weltweiten Verkauf von Kalibrierprodukten unter eigenem Markennamen.<\/p>\n<p>[\/et_pb_toggle][et_pb_toggle title=&#8220;2007-2009&#8243; _builder_version=&#8220;4.16&#8243; title_text_color=&#8220;#399947&#8243; title_font=&#8220;|on|||&#8220; title_font_size=&#8220;18&#8243; border_style=&#8220;solid&#8220; global_colors_info=&#8220;{}&#8220;]<\/p>\n<p>\nUm unseren Kunden bessere Dienstleistungen anbieten zu k\u00f6nnen, erweitert Minerva seine akkreditierten Messm\u00f6glichkeiten um die Messgr\u00f6\u00dfe Masse, dadurch k\u00f6nnen die Kalibrierungen von Druckwaagen vollst\u00e4ndig im eigenen Haus durchgef\u00fchrt werden.<\/p>\n<p>In 2007 wird DHI Instruments durch Fluke Corporation \u00fcbernommen. Minerva wird exklusiver Vertriebspartner f\u00fcr Fluke Produkte zur <a href=\"https:\/\/www.minerva-calibration.com\/wp-content\/uploads\/2017\/09\/logo_5.png\"><img decoding=\"async\" class=\"alignright wp-image-30965 size-full\" title=\"Fluke service center\" src=\"https:\/\/www.minerva-calibration.com\/wp-content\/uploads\/2017\/09\/logo_5.png\" alt=\"\" width=\"121\" height=\"80\" srcset=\"https:\/\/www.minerva-calibration.com\/wp-content\/uploads\/2017\/09\/logo_5.png 121w, https:\/\/www.minerva-calibration.com\/wp-content\/uploads\/2017\/09\/logo_5-24x16.png 24w, https:\/\/www.minerva-calibration.com\/wp-content\/uploads\/2017\/09\/logo_5-36x24.png 36w, https:\/\/www.minerva-calibration.com\/wp-content\/uploads\/2017\/09\/logo_5-48x32.png 48w\" sizes=\"(max-width: 121px) 100vw, 121px\" \/><\/a>Druckkalibrierung in Benelux.<\/p>\n<p>In 2009 wird Minerva durch Fluke Calibration als Autorisierter Service-Dienstleister f\u00fcr Europa, Mittleren Osten und Afrika ausgew\u00e4hlt.<\/p>\n<p>[\/et_pb_toggle][et_pb_toggle title=&#8220;2005&#8243; _builder_version=&#8220;4.16&#8243; title_text_color=&#8220;#399947&#8243; title_font=&#8220;|on|||&#8220; title_font_size=&#8220;18&#8243; border_style=&#8220;solid&#8220; global_colors_info=&#8220;{}&#8220;]<\/p>\n<p>\nIn 2005 trennen sich Minervas industrielle und messtechnische Aktivit\u00e4ten. Edwin de Harder verl\u00e4sst das \u201eMutterunternehmen\u201d, zieht mit den industriellen Aktivit\u00e4ten nach Friesland um und startet ein neues, unabh\u00e4ngiges Unternehmen. Carel Adolfse f\u00fchrt das Unternehmen <strong>Minerva Meettechniek<\/strong> in Amersfoort weiter.<\/p>\n<p>[\/et_pb_toggle][et_pb_toggle title=&#8220;1997&#8243; _builder_version=&#8220;4.16&#8243; title_text_color=&#8220;#399947&#8243; title_font=&#8220;|on|||&#8220; title_font_size=&#8220;18&#8243; border_style=&#8220;solid&#8220; global_colors_info=&#8220;{}&#8220;]<\/p>\n<p>\nWieder ein wichtiger Meilenstein: Edwin de Harder und Carel Adolfse (Sohn von Herrn Adolfse Senior) \u00fcbernehmen das Unternehmen und \u00e4ndern die Firmierung in <strong>\u2018Minerva Industri\u00eble Producten en Meettechniek\u2019<\/strong> um sich besser auf die beiden wichtigsten Aktivit\u00e4ten zu konzentrieren: industrielle Produkte, die man zum Teil aus der Zeit geerbt hatte, in der man sich von den automobilbezogenen Produkten getrennt hatte, UND metrologische Aktivit\u00e4ten, sowohl im Verkauf als auch in Service \/ Kalibrierung.<\/p>\n<p>Ab 1997 arbeiteten Edwin und Carel sehr hart daran, den Umsatz beider Aktivit\u00e4ten zu steigern. Edwin konzentrierte sich auf den industriellen Teil, Carel spezialisierte sich auf die Metrologie.<\/p>\n<p>[\/et_pb_toggle][et_pb_toggle title=&#8220;1956-1990&#8243; _builder_version=&#8220;4.16&#8243; title_text_color=&#8220;#399947&#8243; title_font=&#8220;|on|||&#8220; title_font_size=&#8220;18&#8243; border_style=&#8220;solid&#8220; global_colors_info=&#8220;{}&#8220;]<\/p>\n<p>\nHerr Weve war der Besitzer des Unternehmens Minerva. In 1956 trat Herr Adolfse Senior bei Minerva als Ingenieur ein, gemeinsam mit Herrn Lambriex. Wichtigster Grund f\u00fcr neue Mitarbeiter war die Erweiterung des Verkaufsportfolios f\u00fcr Bereiche au\u00dferhalb der Automobilindustrie. Zu dieser Zeit begann Minerva mit dem Verkauf von innovativen Produkten wie motorgetriebenen Schwei\u00dfger\u00e4ten, speziellen Metallfolien, Punktschwei\u00dfmaschinen und Sicherheitsausr\u00fcstungen f\u00fcr Bahnen und Feuerwehr. Als Nebenaktivit\u00e4t wurde eine hochspezialisierte kleine Firma aus Frankreich durch Minerva in Benelux repr\u00e4sentiert, die sich auf Druck und Gasdurchfluss spezialisiert hatte. Die Entscheidung zum Einstieg in den Markt von Druck und Gasdurchfluss beeinflusst die Zukunft unseres Unternehmens bis heute.<\/p>\n<p>In 1965 \u00fcbernahmen die Herren Adolfse, Lambriex und Bax das Unternehmen und \u00e4nderten den Namen in Technisch Handelsbureau Minerva.<\/p>\n<p>In den sp\u00e4ten 1960er-Jahren boomte der Verkauf von Produkten f\u00fcr Druck und Gasdurchfluss durch das Wachstum der Niederl\u00e4ndischen Erdgasindustrie und ihrem Bedarf nach hochgenauer Messausr\u00fcstung.<\/p>\n<p>Schon zu Anfang wurde klar, dass es mit dem Verkauf nicht getan war und Minerva wurde aufgefordert, regelm\u00e4\u00dfige Pr\u00fcfungen der verkauften Instrumente durchzuf\u00fchren, um ihre Betriebseigenschaften sicherzustellen. Im Laufe der Zeit war das Pr\u00fcfen der Instrumente nicht mehr ausreichend f\u00fcr unsere Kunden und die Themen Kalibrierung, Messunsicherheit und Akkreditierung kamen auf die Tagesordnung. Minerva erf\u00fcllte die Bed\u00fcrfnisse der Kunden und erlangte die Akkreditierung nach EN 45001 in den sp\u00e4ten 1980ern. Die Norm EN 45001 wurde sp\u00e4ter durch die weltweit anerkannte Norm ISO\/IEC 17025 ersetzt.<\/p>\n<p>In 1985 entschied Minerva, mit dem US-amerikanischen Unternehmen DH Instruments (DHI) zusammenzuarbeiten und wurde erster Repr\u00e4sentant von DHI au\u00dferhalb der USA. Die innovativen Produkte von DHI passten perfekt zur Zielsetzung von Minerva, immer eine Nasenl\u00e4nge voraus zu sein. Neben dem Produktverkauf erhielt unser Unternehmen auch den Status des autorisierten Service-Dienstleisters f\u00fcr EMEA.<\/p>\n<p>[\/et_pb_toggle][et_pb_toggle title=&#8220;1940-1956&#8243; _builder_version=&#8220;4.16&#8243; title_text_color=&#8220;#399947&#8243; title_font=&#8220;|on|||&#8220; title_font_size=&#8220;18&#8243; border_style=&#8220;solid&#8220; global_colors_info=&#8220;{}&#8220;]<\/p>\n<p>\nMinerva N.V. war ein Handelsunternehmen f\u00fcr Automobilteile, einer Sparte der Truckservice Company in Amsterdam.<\/p>\n<p>W\u00e4hrend des zweiten Weltkriegs lieferte Minerva auch kleine Transportautos mit Holzvergaser. Da die Besatzer alles verf\u00fcgbare Benzin und Diesel beanspruchten, war Holzgas eine M\u00f6glichkeit, um den Privat- und Transportverkehr am Laufen zu halten.<\/p>\n<p>[\/et_pb_toggle][et_pb_toggle title=&#8220;Before 1940&#8243; _builder_version=&#8220;4.16&#8243; title_text_color=&#8220;#399947&#8243; title_font=&#8220;|on|||&#8220; title_font_size=&#8220;18&#8243; border_style=&#8220;solid&#8220; global_colors_info=&#8220;{}&#8220;]<\/p>\n<p>\nAlles begann mit Minerva Automobielen, einem Unternehmen, das Automobile des Belgischen Herstellers Minerva mit Schiebermotor importierte. Der Motor war besonders f\u00fcr gro\u00dfe Luxusautos geeignet, aber auch f\u00fcr M\u00fcllwagen und Beerdigungsfahrzeuge, die ruhig und mit niedriger Geschwindigkeit fuhren. Ein Nachteil war der hohe \u00d6lverbrauch, von Amsterdam nach Br\u00fcssel war ein Kanister mit 10 l Schmier\u00f6l erforderlich und bis Paris 20 bis 25 l.<\/p>\n<p>[\/et_pb_toggle][\/et_pb_column][\/et_pb_row][\/et_pb_section]<\/p>\n","protected":false},"excerpt":{"rendered":"<p>Home\u00a0\u2192\u00a0 Minerva \u2013 Meilensteine unserer Firmengeschichte Minerva wurde in den 1940er Jahren gegr\u00fcndet und entwickelte sich von einem Handelsunternehmen der Automobilindustrie zu einem internationalen Marktf\u00fchrer der Metrologie und High-End-Kalibrierung. Bitte kontaktieren Sie uns, wir freuen uns auf Sie. Ein vollst\u00e4ndig neues und innovatives Kalibrierlabor wurde gebaut. Unsere aktuellen Messm\u00f6glichkeiten umfassen hohe und niedrige Dr\u00fccke, Masse [&hellip;]<\/p>\n","protected":false},"author":1,"featured_media":0,"parent":33347,"menu_order":0,"comment_status":"closed","ping_status":"closed","template":"","meta":{"_acf_changed":false,"_et_pb_use_builder":"on","_et_pb_old_content":"","_et_gb_content_width":"","footnotes":""},"class_list":["post-33357","page","type-page","status-publish","hentry"],"acf":[],"yoast_head":"<!-- This site is optimized with the Yoast SEO plugin v27.5 - https:\/\/yoast.com\/product\/yoast-seo-wordpress\/ -->\n<title>Geschichte Minerva Metrology and Calibration<\/title>\n<meta name=\"description\" content=\"Minerva entwickelte sich von einem Handelsunternehmen der Automobilindustrie zu einem internationalen Marktf\u00fchrer der Metrologie und High-End-Kalibrierung\" \/>\n<meta name=\"robots\" content=\"index, follow, max-snippet:-1, max-image-preview:large, max-video-preview:-1\" \/>\n<link rel=\"canonical\" href=\"https:\/\/www.minerva-calibration.com\/de\/uber-uns\/geschichte\/\" \/>\n<meta property=\"og:locale\" content=\"de_DE\" \/>\n<meta property=\"og:type\" content=\"article\" \/>\n<meta property=\"og:title\" content=\"Geschichte Minerva Metrology and Calibration\" \/>\n<meta property=\"og:description\" content=\"Minerva entwickelte sich von einem Handelsunternehmen der Automobilindustrie zu einem internationalen Marktf\u00fchrer der Metrologie und High-End-Kalibrierung\" \/>\n<meta property=\"og:url\" content=\"https:\/\/www.minerva-calibration.com\/de\/uber-uns\/geschichte\/\" \/>\n<meta property=\"og:site_name\" content=\"Minerva Metrology &amp; Calibration\" \/>\n<meta property=\"article:publisher\" content=\"https:\/\/www.facebook.com\/minervametrology\/\" \/>\n<meta property=\"article:modified_time\" content=\"2025-07-04T15:48:57+00:00\" \/>\n<meta property=\"og:image\" content=\"https:\/\/www.minerva-calibration.com\/wp-content\/uploads\/2017\/09\/logo_5.png\" \/>\n<meta name=\"twitter:card\" content=\"summary_large_image\" \/>\n<meta name=\"twitter:site\" content=\"@Minerva_Cal\" \/>\n<meta name=\"twitter:label1\" content=\"Gesch\u00e4tzte Lesezeit\" \/>\n\t<meta name=\"twitter:data1\" content=\"5\u00a0Minuten\" \/>\n<script type=\"application\/ld+json\" class=\"yoast-schema-graph\">{\"@context\":\"https:\\\/\\\/schema.org\",\"@graph\":[{\"@type\":\"WebPage\",\"@id\":\"https:\\\/\\\/www.minerva-calibration.com\\\/de\\\/uber-uns\\\/geschichte\\\/\",\"url\":\"https:\\\/\\\/www.minerva-calibration.com\\\/de\\\/uber-uns\\\/geschichte\\\/\",\"name\":\"Geschichte Minerva Metrology and Calibration\",\"isPartOf\":{\"@id\":\"https:\\\/\\\/www.minerva-calibration.com\\\/#website\"},\"primaryImageOfPage\":{\"@id\":\"https:\\\/\\\/www.minerva-calibration.com\\\/de\\\/uber-uns\\\/geschichte\\\/#primaryimage\"},\"image\":{\"@id\":\"https:\\\/\\\/www.minerva-calibration.com\\\/de\\\/uber-uns\\\/geschichte\\\/#primaryimage\"},\"thumbnailUrl\":\"https:\\\/\\\/www.minerva-calibration.com\\\/wp-content\\\/uploads\\\/2017\\\/09\\\/logo_5.png\",\"datePublished\":\"2017-07-18T12:04:47+00:00\",\"dateModified\":\"2025-07-04T15:48:57+00:00\",\"description\":\"Minerva entwickelte sich von einem Handelsunternehmen der Automobilindustrie zu einem internationalen Marktf\u00fchrer der Metrologie und High-End-Kalibrierung\",\"breadcrumb\":{\"@id\":\"https:\\\/\\\/www.minerva-calibration.com\\\/de\\\/uber-uns\\\/geschichte\\\/#breadcrumb\"},\"inLanguage\":\"de\",\"potentialAction\":[{\"@type\":\"ReadAction\",\"target\":[\"https:\\\/\\\/www.minerva-calibration.com\\\/de\\\/uber-uns\\\/geschichte\\\/\"]}]},{\"@type\":\"ImageObject\",\"inLanguage\":\"de\",\"@id\":\"https:\\\/\\\/www.minerva-calibration.com\\\/de\\\/uber-uns\\\/geschichte\\\/#primaryimage\",\"url\":\"https:\\\/\\\/www.minerva-calibration.com\\\/wp-content\\\/uploads\\\/2017\\\/09\\\/logo_5.png\",\"contentUrl\":\"https:\\\/\\\/www.minerva-calibration.com\\\/wp-content\\\/uploads\\\/2017\\\/09\\\/logo_5.png\"},{\"@type\":\"BreadcrumbList\",\"@id\":\"https:\\\/\\\/www.minerva-calibration.com\\\/de\\\/uber-uns\\\/geschichte\\\/#breadcrumb\",\"itemListElement\":[{\"@type\":\"ListItem\",\"position\":1,\"name\":\"\u00dcber uns\",\"item\":\"https:\\\/\\\/www.minerva-calibration.com\\\/de\\\/uber-uns\\\/\"},{\"@type\":\"ListItem\",\"position\":2,\"name\":\"Unsere Geschichte\"}]},{\"@type\":\"WebSite\",\"@id\":\"https:\\\/\\\/www.minerva-calibration.com\\\/#website\",\"url\":\"https:\\\/\\\/www.minerva-calibration.com\\\/\",\"name\":\"Minerva Metrology &amp; Calibration\",\"description\":\"Specialised in high accuracy calibrations\",\"potentialAction\":[{\"@type\":\"SearchAction\",\"target\":{\"@type\":\"EntryPoint\",\"urlTemplate\":\"https:\\\/\\\/www.minerva-calibration.com\\\/?s={search_term_string}\"},\"query-input\":{\"@type\":\"PropertyValueSpecification\",\"valueRequired\":true,\"valueName\":\"search_term_string\"}}],\"inLanguage\":\"de\"}]}<\/script>\n<!-- \/ Yoast SEO plugin. -->","yoast_head_json":{"title":"Geschichte Minerva Metrology and Calibration","description":"Minerva entwickelte sich von einem Handelsunternehmen der Automobilindustrie zu einem internationalen Marktf\u00fchrer der Metrologie und High-End-Kalibrierung","robots":{"index":"index","follow":"follow","max-snippet":"max-snippet:-1","max-image-preview":"max-image-preview:large","max-video-preview":"max-video-preview:-1"},"canonical":"https:\/\/www.minerva-calibration.com\/de\/uber-uns\/geschichte\/","og_locale":"de_DE","og_type":"article","og_title":"Geschichte Minerva Metrology and Calibration","og_description":"Minerva entwickelte sich von einem Handelsunternehmen der Automobilindustrie zu einem internationalen Marktf\u00fchrer der Metrologie und High-End-Kalibrierung","og_url":"https:\/\/www.minerva-calibration.com\/de\/uber-uns\/geschichte\/","og_site_name":"Minerva Metrology &amp; Calibration","article_publisher":"https:\/\/www.facebook.com\/minervametrology\/","article_modified_time":"2025-07-04T15:48:57+00:00","og_image":[{"url":"https:\/\/www.minerva-calibration.com\/wp-content\/uploads\/2017\/09\/logo_5.png","type":"","width":"","height":""}],"twitter_card":"summary_large_image","twitter_site":"@Minerva_Cal","twitter_misc":{"Gesch\u00e4tzte Lesezeit":"5\u00a0Minuten"},"schema":{"@context":"https:\/\/schema.org","@graph":[{"@type":"WebPage","@id":"https:\/\/www.minerva-calibration.com\/de\/uber-uns\/geschichte\/","url":"https:\/\/www.minerva-calibration.com\/de\/uber-uns\/geschichte\/","name":"Geschichte Minerva Metrology and Calibration","isPartOf":{"@id":"https:\/\/www.minerva-calibration.com\/#website"},"primaryImageOfPage":{"@id":"https:\/\/www.minerva-calibration.com\/de\/uber-uns\/geschichte\/#primaryimage"},"image":{"@id":"https:\/\/www.minerva-calibration.com\/de\/uber-uns\/geschichte\/#primaryimage"},"thumbnailUrl":"https:\/\/www.minerva-calibration.com\/wp-content\/uploads\/2017\/09\/logo_5.png","datePublished":"2017-07-18T12:04:47+00:00","dateModified":"2025-07-04T15:48:57+00:00","description":"Minerva entwickelte sich von einem Handelsunternehmen der Automobilindustrie zu einem internationalen Marktf\u00fchrer der Metrologie und High-End-Kalibrierung","breadcrumb":{"@id":"https:\/\/www.minerva-calibration.com\/de\/uber-uns\/geschichte\/#breadcrumb"},"inLanguage":"de","potentialAction":[{"@type":"ReadAction","target":["https:\/\/www.minerva-calibration.com\/de\/uber-uns\/geschichte\/"]}]},{"@type":"ImageObject","inLanguage":"de","@id":"https:\/\/www.minerva-calibration.com\/de\/uber-uns\/geschichte\/#primaryimage","url":"https:\/\/www.minerva-calibration.com\/wp-content\/uploads\/2017\/09\/logo_5.png","contentUrl":"https:\/\/www.minerva-calibration.com\/wp-content\/uploads\/2017\/09\/logo_5.png"},{"@type":"BreadcrumbList","@id":"https:\/\/www.minerva-calibration.com\/de\/uber-uns\/geschichte\/#breadcrumb","itemListElement":[{"@type":"ListItem","position":1,"name":"\u00dcber uns","item":"https:\/\/www.minerva-calibration.com\/de\/uber-uns\/"},{"@type":"ListItem","position":2,"name":"Unsere Geschichte"}]},{"@type":"WebSite","@id":"https:\/\/www.minerva-calibration.com\/#website","url":"https:\/\/www.minerva-calibration.com\/","name":"Minerva Metrology &amp; Calibration","description":"Specialised in high accuracy calibrations","potentialAction":[{"@type":"SearchAction","target":{"@type":"EntryPoint","urlTemplate":"https:\/\/www.minerva-calibration.com\/?s={search_term_string}"},"query-input":{"@type":"PropertyValueSpecification","valueRequired":true,"valueName":"search_term_string"}}],"inLanguage":"de"}]}},"_links":{"self":[{"href":"https:\/\/www.minerva-calibration.com\/de\/wp-json\/wp\/v2\/pages\/33357","targetHints":{"allow":["GET"]}}],"collection":[{"href":"https:\/\/www.minerva-calibration.com\/de\/wp-json\/wp\/v2\/pages"}],"about":[{"href":"https:\/\/www.minerva-calibration.com\/de\/wp-json\/wp\/v2\/types\/page"}],"author":[{"embeddable":true,"href":"https:\/\/www.minerva-calibration.com\/de\/wp-json\/wp\/v2\/users\/1"}],"replies":[{"embeddable":true,"href":"https:\/\/www.minerva-calibration.com\/de\/wp-json\/wp\/v2\/comments?post=33357"}],"version-history":[{"count":8,"href":"https:\/\/www.minerva-calibration.com\/de\/wp-json\/wp\/v2\/pages\/33357\/revisions"}],"predecessor-version":[{"id":58961,"href":"https:\/\/www.minerva-calibration.com\/de\/wp-json\/wp\/v2\/pages\/33357\/revisions\/58961"}],"up":[{"embeddable":true,"href":"https:\/\/www.minerva-calibration.com\/de\/wp-json\/wp\/v2\/pages\/33347"}],"wp:attachment":[{"href":"https:\/\/www.minerva-calibration.com\/de\/wp-json\/wp\/v2\/media?parent=33357"}],"curies":[{"name":"wp","href":"https:\/\/api.w.org\/{rel}","templated":true}]}}