{"id":33363,"date":"2017-07-17T14:00:51","date_gmt":"2017-07-17T14:00:51","guid":{"rendered":"https:\/\/www.minerva-calibration.com\/uber-uns\/our-worldwide-accreditation\/"},"modified":"2025-07-03T19:32:11","modified_gmt":"2025-07-03T17:32:11","slug":"akkreditierung","status":"publish","type":"page","link":"https:\/\/www.minerva-calibration.com\/de\/uber-uns\/akkreditierung\/","title":{"rendered":"Unsere Akkreditierung"},"content":{"rendered":"<p>[et_pb_section fb_built=&#8220;1&#8243; _builder_version=&#8220;4.16&#8243; background_color=&#8220;#399947&#8243; use_background_color_gradient=&#8220;on&#8220; background_image=&#8220;https:\/\/www.minerva-calibration.com\/wp-content\/uploads\/2017\/06\/Minerva00107.jpg&#8220; custom_padding=&#8220;22px|0px|31px|0px&#8220; global_colors_info=&#8220;{}&#8220;][et_pb_row _builder_version=&#8220;4.16&#8243; global_colors_info=&#8220;{}&#8220;][et_pb_column type=&#8220;4_4&#8243; _builder_version=&#8220;4.16&#8243; custom_padding=&#8220;|||&#8220; global_colors_info=&#8220;{}&#8220; custom_padding__hover=&#8220;|||&#8220;][et_pb_post_title meta=&#8220;off&#8220; featured_image=&#8220;off&#8220; _builder_version=&#8220;4.16&#8243; title_text_color=&#8220;#ffffff&#8220; title_font_size=&#8220;40px&#8220; global_colors_info=&#8220;{}&#8220;][\/et_pb_post_title][\/et_pb_column][\/et_pb_row][\/et_pb_section][et_pb_section fb_built=&#8220;1&#8243; _builder_version=&#8220;4.16&#8243; custom_padding=&#8220;0px|0px|23px|0px&#8220; global_colors_info=&#8220;{}&#8220;][et_pb_row _builder_version=&#8220;4.16&#8243; custom_padding=&#8220;37px|0px|22px|0px&#8220; global_colors_info=&#8220;{}&#8220;][et_pb_column type=&#8220;4_4&#8243; _builder_version=&#8220;4.16&#8243; custom_padding=&#8220;|||&#8220; global_colors_info=&#8220;{}&#8220; custom_padding__hover=&#8220;|||&#8220;][et_pb_dcsbcm_divi_breadcrumbs_module separator=&#8220;sep-arrow&#8220; hide_currentbreadcrumb=&#8220;off&#8220; _builder_version=&#8220;4.16&#8243; fontsbreadcrumbs_text_color=&#8220;#399947&#8243; fontsseperator_text_color=&#8220;#399947&#8243; fontsseperator_font_size=&#8220;18&#8243; fontsbreadcrumblinks_text_color=&#8220;#399947&#8243; custom_margin=&#8220;|20px||&#8220; fontsbreadcrumbs_font_size_tablet=&#8220;51&#8243; fontsbreadcrumbs_line_height_tablet=&#8220;2&#8243; fontsseperator_font_size_tablet=&#8220;51&#8243; fontsseperator_line_height_tablet=&#8220;2&#8243; fontsbreadcrumblinks_font_size_tablet=&#8220;51&#8243; fontsbreadcrumblinks_line_height_tablet=&#8220;2&#8243; global_colors_info=&#8220;{}&#8220;]&lt;div class=&#8220;dcsbcm_divi_breadcrumbs_wrapper clearfix et_pb_module et_pb_bg_layout_light et_pb_dcsbcm_divi_breadcrumbs_module_1&#8243;&gt;<br \/>\n&lt;div class=&#8220;dcsbcm_divi_breadcrumbs&#8220;&gt;&lt;span class=&#8220;dcsbcm_divi_breadcrumb&#8220;&gt;&lt;a href=&#8220;https:\/\/www.minerva-calibration.com\/&#8220; rel=&#8220;v:url&#8220;&gt;Home&lt;\/a&gt;&lt;\/span&gt;&lt;span class=&#8220;dcsbcm_separator&#8220;&gt;\u00a0\u2192\u00a0&lt;\/span&gt;&lt;\/div&gt;<br \/>\n&lt;\/div&gt;<br \/>\n&lt;!&#8211; .dcsbcm_divi_breadcrumbs_wrapper &#8211;&gt;[\/et_pb_dcsbcm_divi_breadcrumbs_module][\/et_pb_column][\/et_pb_row][et_pb_row _builder_version=&#8220;4.16&#8243; custom_padding=&#8220;1px|0px|17px|0px&#8220; global_colors_info=&#8220;{}&#8220;][et_pb_column type=&#8220;4_4&#8243; _builder_version=&#8220;4.16&#8243; custom_padding=&#8220;|||&#8220; global_colors_info=&#8220;{}&#8220; custom_padding__hover=&#8220;|||&#8220;][et_pb_text _builder_version=&#8220;4.27.4&#8243; hover_enabled=&#8220;0&#8243; global_colors_info=&#8220;{}&#8220; sticky_enabled=&#8220;0&#8243;]<\/p>\n<h2 style=\"margin-top: 0cm;\"><span style=\"font-size: 19.5pt; line-height: 107%; font-family: 'Verdana',sans-serif; color: black;\">Akkreditiertes Kalibrierlabor<\/span><\/h2>\n<p><strong>Minerva betreibt ein bedeutendes und innovatives Kalibrierlabor mit hoher Genauigkeit in Amersfoort in den Niederlanden. Die\u00a0Akkreditierung wird seit 1988 durch den Niederl\u00e4ndischen Akkreditierungsrat (RvA &#8211; Raad voor Accreditatie) durchgef\u00fchrt und basiert auf der Norm ISO\/IEC 17025.<\/strong><\/p>\n<p><a href=\"https:\/\/www.minerva-calibration.com\/wp-content\/uploads\/2025\/02\/K-048-UK-feb-2025.jpg\"><img decoding=\"async\" class=\"wp-image-58572 alignright size-medium\" src=\"https:\/\/www.minerva-calibration.com\/wp-content\/uploads\/2025\/02\/K-048-UK-feb-2025-225x300.jpg\" alt=\"\" width=\"225\" height=\"300\" \/><\/a><\/p>\n<p>Die Anerkennung erfolgt durch das ILAC Mutual Recognition Arrangement (MRA), ein Abkommen zur gegenseitigen Anerkennung akkreditierter Dienstleistungen. Im Rahmen dieser Akkreditierung kann Minerva Ausr\u00fcstungen zur Kalibrierung von Druck \u00fcber einen weiten Bereich, der von 0 Pa absolut, \u00fcber Vakuum bis zu 500 MPa \u00dcberdruck reicht, kalibrieren.<\/p>\n<p>Besuchen Sie f\u00fcr weitere Informationen die <a href=\"https:\/\/www.rva.nl\/alle-geaccrediteerden\/k048\/\" target=\"_blank\" rel=\"noopener\">RvA Website<\/a> f\u00fcr den aktuellen technischen Anwendungsbereich. In dieser Urkunde finden Sie, welche Messinstrumente wir kalibrieren, inklusive der Bereiche und Messunsicherheiten.<\/p>\n<p>Wir sind stolz, Ihnen unser Kalibrierlabor zu pr\u00e4sentieren, das 2016 vollst\u00e4ndig \u00fcberarbeitet worden ist. Wir bieten Ihnen erstklassige Dienstleistungen mit sehr geringen Messunsicherheiten.<\/p>\n<p>M\u00f6chten Sie mehr wissen? Nehmen Sie <a href=\"\/de\/kontakt\">Kontakt<\/a> mit uns auf!<\/p>\n<p>&nbsp;<\/p>\n<p>[\/et_pb_text][\/et_pb_column][\/et_pb_row][\/et_pb_section][et_pb_section fb_built=&#8220;1&#8243; admin_label=&#8220;Section&#8220; _builder_version=&#8220;4.16&#8243; background_color=&#8220;#ffffff&#8220; custom_padding=&#8220;0px|0px|10px|0px&#8220; locked=&#8220;off&#8220; global_colors_info=&#8220;{}&#8220;][et_pb_row admin_label=&#8220;Row&#8220; _builder_version=&#8220;4.16&#8243; custom_padding=&#8220;37px|0px|5px|0px&#8220; global_colors_info=&#8220;{}&#8220;][et_pb_column type=&#8220;4_4&#8243; _builder_version=&#8220;4.16&#8243; custom_padding=&#8220;|||&#8220; global_colors_info=&#8220;{}&#8220; custom_padding__hover=&#8220;|||&#8220;][et_pb_text admin_label=&#8220;Text&#8220; _builder_version=&#8220;4.18.0&#8243; border_style=&#8220;solid&#8220; global_colors_info=&#8220;{}&#8220;]<\/p>\n<p>&nbsp;<\/p>\n<h3>Sehen Sie sich das Video an, um das Minerva-Labor mit eigenen Augen zu sehen!<\/h3>\n<p>[\/et_pb_text][et_pb_video src=&#8220;https:\/\/www.youtube.com\/watch?v=iuuq3w_liZs&#8220; image_src=&#8220;https:\/\/www.minerva-calibration.com\/wp-content\/uploads\/2019\/06\/Schermafbeelding-2019-06-14-om-11.27.48.png&#8220; image_src_last_edited=&#8220;off|desktop&#8220; admin_label=&#8220;Video&#8220; _builder_version=&#8220;4.18.0&#8243; width=&#8220;100%&#8220; global_colors_info=&#8220;{}&#8220; image_src__hover_enabled=&#8220;off|desktop&#8220;][\/et_pb_video][\/et_pb_column][\/et_pb_row][et_pb_row _builder_version=&#8220;4.16&#8243; background_size=&#8220;initial&#8220; background_position=&#8220;top_left&#8220; background_repeat=&#8220;repeat&#8220; global_colors_info=&#8220;{}&#8220;][et_pb_column type=&#8220;4_4&#8243; _builder_version=&#8220;4.16&#8243; custom_padding=&#8220;|||&#8220; global_colors_info=&#8220;{}&#8220; custom_padding__hover=&#8220;|||&#8220;][et_pb_text _builder_version=&#8220;4.18.0&#8243; global_colors_info=&#8220;{}&#8220;]<\/p>\n<h2>\u201eSpazieren\u201c Sie mit dieser virtuellen Tour durch unser Kalibrierlabor<\/h2>\n<p>Sie sind immer willkommen, uns zu besuchen, und wir geben Ihnen gerne eine Tour aus dem wirklichen Leben!<\/p>\n<p style=\"text-align: center;\">[\/et_pb_text][et_pb_code _builder_version=&#8220;4.18.0&#8243; global_colors_info=&#8220;{}&#8220;]<pee><iframe frameborder=\"0\" height=\"650\" data-src=\"https:\/\/www.google.com\/maps\/embed?pb=!1m0!3m2!1snl!2snl!4v1493732836224!6m8!1m7!1sF%3A-BUjoc5WoHno%2FWP9COpyPT9I%2FAAAAAAAABr4%2Ff3H3dyVgVTwni693sbD5LAZ4v5D9SUvgwCLIB!2m2!1d52.16073693142967!2d5.358730104076614!3f269.89!4f-19.47!5f0.7820865974627469\" data-cookie-name=\"cookieconsent\" data-cookie-value=\"accept\" \/ style=\"border:0\" width=\"800\"><\/iframe><\/pee>[\/et_pb_code][\/et_pb_column][\/et_pb_row][\/et_pb_section][et_pb_section fb_built=&#8220;1&#8243; _builder_version=&#8220;4.16&#8243; background_color=&#8220;#ffffff&#8220; custom_padding=&#8220;0px|0px|10px|0px&#8220; global_colors_info=&#8220;{}&#8220;][et_pb_row _builder_version=&#8220;4.16&#8243; custom_padding=&#8220;37px|0px|5px|0px&#8220; global_colors_info=&#8220;{}&#8220;][et_pb_column type=&#8220;4_4&#8243; _builder_version=&#8220;4.16&#8243; custom_padding=&#8220;|||&#8220; global_colors_info=&#8220;{}&#8220; custom_padding__hover=&#8220;|||&#8220;][et_pb_text _builder_version=&#8220;4.16&#8243; module_alignment=&#8220;left&#8220; global_colors_info=&#8220;{}&#8220;]<\/p>\n<p>&nbsp;<\/p>\n<h3>Minerva ist vom Niederl\u00e4ndischen Akkreditierungsrat akkreditiert:<br \/>\n<a href=\"https:\/\/www.rva.nl\/scopes\/details\/K048\" target=\"_blank\" rel=\"noopener\"><img decoding=\"async\" class=\"alignright wp-image-32083 size-full\" title=\"raad van accreditatie\" src=\"https:\/\/www.minerva-calibration.com\/wp-content\/uploads\/2017\/07\/RvA-logo-k048-250.png\" alt=\"RvA scope minerva\" width=\"250\" height=\"226\" \/><\/a><\/h3>\n<p>&nbsp;<\/p>\n<p>[\/et_pb_text][\/et_pb_column][\/et_pb_row][\/et_pb_section][et_pb_section fb_built=&#8220;1&#8243; _builder_version=&#8220;4.16&#8243; background_color=&#8220;#f2f2f2&#8243; custom_padding=&#8220;22px|0px|19px|0px&#8220; global_colors_info=&#8220;{}&#8220;][et_pb_row column_structure=&#8220;1_3,1_3,1_3&#8243; make_equal=&#8220;on&#8220; _builder_version=&#8220;4.16&#8243; global_colors_info=&#8220;{}&#8220;][et_pb_column type=&#8220;1_3&#8243; _builder_version=&#8220;4.16&#8243; custom_padding=&#8220;|||&#8220; global_colors_info=&#8220;{}&#8220; custom_padding__hover=&#8220;|||&#8220;][\/et_pb_column][et_pb_column type=&#8220;1_3&#8243; _builder_version=&#8220;4.16&#8243; custom_padding=&#8220;|||&#8220; global_colors_info=&#8220;{}&#8220; custom_padding__hover=&#8220;|||&#8220;][et_pb_blurb title=&#8220;Sprechen Sie uns gerne an!&#8220; url=&#8220;\/de\/kontakt&#8220; use_icon=&#8220;on&#8220; font_icon=&#8220;&#xe010;||divi||400&#8243; image_icon_background_color=&#8220;#ffffff&#8220; image_icon_width=&#8220;96px&#8220; image_icon_width_tablet=&#8220;96px&#8220; image_icon_width_phone=&#8220;96px&#8220; content_max_width_tablet=&#8220;550px&#8220; content_max_width_phone=&#8220;550px&#8220; _builder_version=&#8220;4.16&#8243; header_font=&#8220;||||&#8220; header_text_color=&#8220;#ffffff&#8220; body_font=&#8220;||||&#8220; body_font_size=&#8220;14&#8243; body_line_height=&#8220;1.7em&#8220; background_color=&#8220;#399947&#8243; image_icon_custom_padding=&#8220;25px|25px|25px|25px|false|false&#8220; text_orientation=&#8220;center&#8220; background_layout=&#8220;dark&#8220; max_width=&#8220;100%&#8220; max_width_tablet=&#8220;100%&#8220; max_width_phone=&#8220;100%&#8220; custom_margin=&#8220;|||&#8220; custom_margin_tablet=&#8220;|||&#8220; custom_margin_phone=&#8220;|||&#8220; custom_padding=&#8220;40px|||&#8220; custom_padding_tablet=&#8220;40px|||&#8220; custom_padding_phone=&#8220;40px|||&#8220; header_font_size_tablet=&#8220;18&#8243; header_font_size_phone=&#8220;18&#8243; header_letter_spacing_tablet=&#8220;0px&#8220; header_letter_spacing_phone=&#8220;0px&#8220; header_line_height_tablet=&#8220;1em&#8220; header_line_height_phone=&#8220;1em&#8220; body_font_size_tablet=&#8220;14&#8243; body_font_size_phone=&#8220;14&#8243; body_letter_spacing_tablet=&#8220;0px&#8220; body_letter_spacing_phone=&#8220;0px&#8220; body_line_height_tablet=&#8220;1.7em&#8220; body_line_height_phone=&#8220;1.7em&#8220; border_width_all=&#8220;1px&#8220; border_color_all=&#8220;#ffffff&#8220; border_style_all=&#8220;solid&#8220; border_radii_image=&#8220;on|100%|100%|100%|100%&#8220; use_border_color=&#8220;on&#8220; border_color=&#8220;#ffffff&#8220; border_width=&#8220;1px&#8220; border_style=&#8220;solid&#8220; image_max_width=&#8220;100%&#8220; icon_font_size=&#8220;96px&#8220; image_max_width_tablet=&#8220;100%&#8220; icon_font_size_tablet=&#8220;96px&#8220; image_max_width_phone=&#8220;100%&#8220; icon_font_size_phone=&#8220;96px&#8220; use_circle=&#8220;on&#8220; use_circle_border=&#8220;off&#8220; circle_border_color=&#8220;#399947&#8243; circle_color=&#8220;#ffffff&#8220; global_module=&#8220;27913&#8243; saved_tabs=&#8220;all&#8220; global_colors_info=&#8220;{}&#8220; image_icon_background_color__sticky_enabled=&#8220;#399947&#8243; image_icon_background_color__sticky=&#8220;#399947&#8243;]<\/p>\n<p>Unser Team steht Ihnen mit Rat und Tat zur Verf\u00fcgung.<\/p>\n<p>&nbsp;<\/p>\n<p>[\/et_pb_blurb][\/et_pb_column][et_pb_column type=&#8220;1_3&#8243; _builder_version=&#8220;4.16&#8243; custom_padding=&#8220;|||&#8220; global_colors_info=&#8220;{}&#8220; custom_padding__hover=&#8220;|||&#8220;][\/et_pb_column][\/et_pb_row][\/et_pb_section]<\/p>\n","protected":false},"excerpt":{"rendered":"<p>Minerva has a worldwide acknowledged accreditation. <\/p>\n","protected":false},"author":1,"featured_media":58572,"parent":33347,"menu_order":0,"comment_status":"closed","ping_status":"closed","template":"","meta":{"_acf_changed":false,"_et_pb_use_builder":"on","_et_pb_old_content":"","_et_gb_content_width":"","footnotes":""},"class_list":["post-33363","page","type-page","status-publish","has-post-thumbnail","hentry"],"acf":[],"yoast_head":"<!-- This site is optimized with the Yoast SEO plugin v27.3 - https:\/\/yoast.com\/product\/yoast-seo-wordpress\/ -->\n<title>Unsere Akkreditierung &#8212; Minerva Metrology &amp; Calibration<\/title>\n<meta name=\"description\" content=\"Unsere Akkreditierung wird seit 1988 durch den Niederl\u00e4ndischen Akkreditierungsrat durchgef\u00fchrt und basiert auf der Norm ISO\/IEC 17025.\" \/>\n<meta name=\"robots\" content=\"index, follow, max-snippet:-1, max-image-preview:large, max-video-preview:-1\" \/>\n<link rel=\"canonical\" href=\"https:\/\/www.minerva-calibration.com\/de\/uber-uns\/akkreditierung\/\" \/>\n<meta property=\"og:locale\" content=\"de_DE\" \/>\n<meta property=\"og:type\" content=\"article\" \/>\n<meta property=\"og:title\" content=\"Unsere Akkreditierung &#8212; Minerva Metrology &amp; Calibration\" \/>\n<meta property=\"og:description\" content=\"Unsere Akkreditierung wird seit 1988 durch den Niederl\u00e4ndischen Akkreditierungsrat durchgef\u00fchrt und basiert auf der Norm ISO\/IEC 17025.\" \/>\n<meta property=\"og:url\" content=\"https:\/\/www.minerva-calibration.com\/de\/uber-uns\/akkreditierung\/\" \/>\n<meta property=\"og:site_name\" content=\"Minerva Metrology &amp; Calibration\" \/>\n<meta property=\"article:publisher\" content=\"https:\/\/www.facebook.com\/minervametrology\/\" \/>\n<meta property=\"article:modified_time\" content=\"2025-07-03T17:32:11+00:00\" \/>\n<meta property=\"og:image\" content=\"https:\/\/www.minerva-calibration.com\/wp-content\/uploads\/2025\/02\/K-048-UK-feb-2025.jpg\" \/>\n\t<meta property=\"og:image:width\" content=\"1512\" \/>\n\t<meta property=\"og:image:height\" content=\"2016\" \/>\n\t<meta property=\"og:image:type\" content=\"image\/jpeg\" \/>\n<meta name=\"twitter:card\" content=\"summary_large_image\" \/>\n<meta name=\"twitter:site\" content=\"@Minerva_Cal\" \/>\n<meta name=\"twitter:label1\" content=\"Gesch\u00e4tzte Lesezeit\" \/>\n\t<meta name=\"twitter:data1\" content=\"2\u00a0Minuten\" \/>\n<script type=\"application\/ld+json\" class=\"yoast-schema-graph\">{\"@context\":\"https:\\\/\\\/schema.org\",\"@graph\":[{\"@type\":\"WebPage\",\"@id\":\"https:\\\/\\\/www.minerva-calibration.com\\\/de\\\/uber-uns\\\/akkreditierung\\\/\",\"url\":\"https:\\\/\\\/www.minerva-calibration.com\\\/de\\\/uber-uns\\\/akkreditierung\\\/\",\"name\":\"Unsere Akkreditierung &#8212; Minerva Metrology &amp; Calibration\",\"isPartOf\":{\"@id\":\"https:\\\/\\\/www.minerva-calibration.com\\\/#website\"},\"primaryImageOfPage\":{\"@id\":\"https:\\\/\\\/www.minerva-calibration.com\\\/de\\\/uber-uns\\\/akkreditierung\\\/#primaryimage\"},\"image\":{\"@id\":\"https:\\\/\\\/www.minerva-calibration.com\\\/de\\\/uber-uns\\\/akkreditierung\\\/#primaryimage\"},\"thumbnailUrl\":\"https:\\\/\\\/www.minerva-calibration.com\\\/wp-content\\\/uploads\\\/2025\\\/02\\\/K-048-UK-feb-2025.jpg\",\"datePublished\":\"2017-07-17T14:00:51+00:00\",\"dateModified\":\"2025-07-03T17:32:11+00:00\",\"description\":\"Unsere Akkreditierung wird seit 1988 durch den Niederl\u00e4ndischen Akkreditierungsrat durchgef\u00fchrt und basiert auf der Norm ISO\\\/IEC 17025.\",\"breadcrumb\":{\"@id\":\"https:\\\/\\\/www.minerva-calibration.com\\\/de\\\/uber-uns\\\/akkreditierung\\\/#breadcrumb\"},\"inLanguage\":\"de\",\"potentialAction\":[{\"@type\":\"ReadAction\",\"target\":[\"https:\\\/\\\/www.minerva-calibration.com\\\/de\\\/uber-uns\\\/akkreditierung\\\/\"]}]},{\"@type\":\"ImageObject\",\"inLanguage\":\"de\",\"@id\":\"https:\\\/\\\/www.minerva-calibration.com\\\/de\\\/uber-uns\\\/akkreditierung\\\/#primaryimage\",\"url\":\"https:\\\/\\\/www.minerva-calibration.com\\\/wp-content\\\/uploads\\\/2025\\\/02\\\/K-048-UK-feb-2025.jpg\",\"contentUrl\":\"https:\\\/\\\/www.minerva-calibration.com\\\/wp-content\\\/uploads\\\/2025\\\/02\\\/K-048-UK-feb-2025.jpg\",\"width\":1512,\"height\":2016},{\"@type\":\"BreadcrumbList\",\"@id\":\"https:\\\/\\\/www.minerva-calibration.com\\\/de\\\/uber-uns\\\/akkreditierung\\\/#breadcrumb\",\"itemListElement\":[{\"@type\":\"ListItem\",\"position\":1,\"name\":\"\u00dcber uns\",\"item\":\"https:\\\/\\\/www.minerva-calibration.com\\\/de\\\/uber-uns\\\/\"},{\"@type\":\"ListItem\",\"position\":2,\"name\":\"Unsere Akkreditierung\"}]},{\"@type\":\"WebSite\",\"@id\":\"https:\\\/\\\/www.minerva-calibration.com\\\/#website\",\"url\":\"https:\\\/\\\/www.minerva-calibration.com\\\/\",\"name\":\"Minerva Metrology &amp; Calibration\",\"description\":\"Specialised in high accuracy calibrations\",\"potentialAction\":[{\"@type\":\"SearchAction\",\"target\":{\"@type\":\"EntryPoint\",\"urlTemplate\":\"https:\\\/\\\/www.minerva-calibration.com\\\/?s={search_term_string}\"},\"query-input\":{\"@type\":\"PropertyValueSpecification\",\"valueRequired\":true,\"valueName\":\"search_term_string\"}}],\"inLanguage\":\"de\"}]}<\/script>\n<!-- \/ Yoast SEO plugin. -->","yoast_head_json":{"title":"Unsere Akkreditierung &#8212; Minerva Metrology &amp; Calibration","description":"Unsere Akkreditierung wird seit 1988 durch den Niederl\u00e4ndischen Akkreditierungsrat durchgef\u00fchrt und basiert auf der Norm ISO\/IEC 17025.","robots":{"index":"index","follow":"follow","max-snippet":"max-snippet:-1","max-image-preview":"max-image-preview:large","max-video-preview":"max-video-preview:-1"},"canonical":"https:\/\/www.minerva-calibration.com\/de\/uber-uns\/akkreditierung\/","og_locale":"de_DE","og_type":"article","og_title":"Unsere Akkreditierung &#8212; Minerva Metrology &amp; Calibration","og_description":"Unsere Akkreditierung wird seit 1988 durch den Niederl\u00e4ndischen Akkreditierungsrat durchgef\u00fchrt und basiert auf der Norm ISO\/IEC 17025.","og_url":"https:\/\/www.minerva-calibration.com\/de\/uber-uns\/akkreditierung\/","og_site_name":"Minerva Metrology &amp; Calibration","article_publisher":"https:\/\/www.facebook.com\/minervametrology\/","article_modified_time":"2025-07-03T17:32:11+00:00","og_image":[{"width":1512,"height":2016,"url":"https:\/\/www.minerva-calibration.com\/wp-content\/uploads\/2025\/02\/K-048-UK-feb-2025.jpg","type":"image\/jpeg"}],"twitter_card":"summary_large_image","twitter_site":"@Minerva_Cal","twitter_misc":{"Gesch\u00e4tzte Lesezeit":"2\u00a0Minuten"},"schema":{"@context":"https:\/\/schema.org","@graph":[{"@type":"WebPage","@id":"https:\/\/www.minerva-calibration.com\/de\/uber-uns\/akkreditierung\/","url":"https:\/\/www.minerva-calibration.com\/de\/uber-uns\/akkreditierung\/","name":"Unsere Akkreditierung &#8212; Minerva Metrology &amp; Calibration","isPartOf":{"@id":"https:\/\/www.minerva-calibration.com\/#website"},"primaryImageOfPage":{"@id":"https:\/\/www.minerva-calibration.com\/de\/uber-uns\/akkreditierung\/#primaryimage"},"image":{"@id":"https:\/\/www.minerva-calibration.com\/de\/uber-uns\/akkreditierung\/#primaryimage"},"thumbnailUrl":"https:\/\/www.minerva-calibration.com\/wp-content\/uploads\/2025\/02\/K-048-UK-feb-2025.jpg","datePublished":"2017-07-17T14:00:51+00:00","dateModified":"2025-07-03T17:32:11+00:00","description":"Unsere Akkreditierung wird seit 1988 durch den Niederl\u00e4ndischen Akkreditierungsrat durchgef\u00fchrt und basiert auf der Norm ISO\/IEC 17025.","breadcrumb":{"@id":"https:\/\/www.minerva-calibration.com\/de\/uber-uns\/akkreditierung\/#breadcrumb"},"inLanguage":"de","potentialAction":[{"@type":"ReadAction","target":["https:\/\/www.minerva-calibration.com\/de\/uber-uns\/akkreditierung\/"]}]},{"@type":"ImageObject","inLanguage":"de","@id":"https:\/\/www.minerva-calibration.com\/de\/uber-uns\/akkreditierung\/#primaryimage","url":"https:\/\/www.minerva-calibration.com\/wp-content\/uploads\/2025\/02\/K-048-UK-feb-2025.jpg","contentUrl":"https:\/\/www.minerva-calibration.com\/wp-content\/uploads\/2025\/02\/K-048-UK-feb-2025.jpg","width":1512,"height":2016},{"@type":"BreadcrumbList","@id":"https:\/\/www.minerva-calibration.com\/de\/uber-uns\/akkreditierung\/#breadcrumb","itemListElement":[{"@type":"ListItem","position":1,"name":"\u00dcber uns","item":"https:\/\/www.minerva-calibration.com\/de\/uber-uns\/"},{"@type":"ListItem","position":2,"name":"Unsere Akkreditierung"}]},{"@type":"WebSite","@id":"https:\/\/www.minerva-calibration.com\/#website","url":"https:\/\/www.minerva-calibration.com\/","name":"Minerva Metrology &amp; Calibration","description":"Specialised in high accuracy calibrations","potentialAction":[{"@type":"SearchAction","target":{"@type":"EntryPoint","urlTemplate":"https:\/\/www.minerva-calibration.com\/?s={search_term_string}"},"query-input":{"@type":"PropertyValueSpecification","valueRequired":true,"valueName":"search_term_string"}}],"inLanguage":"de"}]}},"_links":{"self":[{"href":"https:\/\/www.minerva-calibration.com\/de\/wp-json\/wp\/v2\/pages\/33363","targetHints":{"allow":["GET"]}}],"collection":[{"href":"https:\/\/www.minerva-calibration.com\/de\/wp-json\/wp\/v2\/pages"}],"about":[{"href":"https:\/\/www.minerva-calibration.com\/de\/wp-json\/wp\/v2\/types\/page"}],"author":[{"embeddable":true,"href":"https:\/\/www.minerva-calibration.com\/de\/wp-json\/wp\/v2\/users\/1"}],"replies":[{"embeddable":true,"href":"https:\/\/www.minerva-calibration.com\/de\/wp-json\/wp\/v2\/comments?post=33363"}],"version-history":[{"count":14,"href":"https:\/\/www.minerva-calibration.com\/de\/wp-json\/wp\/v2\/pages\/33363\/revisions"}],"predecessor-version":[{"id":58939,"href":"https:\/\/www.minerva-calibration.com\/de\/wp-json\/wp\/v2\/pages\/33363\/revisions\/58939"}],"up":[{"embeddable":true,"href":"https:\/\/www.minerva-calibration.com\/de\/wp-json\/wp\/v2\/pages\/33347"}],"wp:featuredmedia":[{"embeddable":true,"href":"https:\/\/www.minerva-calibration.com\/de\/wp-json\/wp\/v2\/media\/58572"}],"wp:attachment":[{"href":"https:\/\/www.minerva-calibration.com\/de\/wp-json\/wp\/v2\/media?parent=33363"}],"curies":[{"name":"wp","href":"https:\/\/api.w.org\/{rel}","templated":true}]}}