{"id":33442,"date":"2017-07-19T13:35:54","date_gmt":"2017-07-19T13:35:54","guid":{"rendered":"https:\/\/www.minerva-calibration.com\/uber-uns\/vacancies\/"},"modified":"2025-07-04T18:01:51","modified_gmt":"2025-07-04T16:01:51","slug":"stellenangebote","status":"publish","type":"page","link":"https:\/\/www.minerva-calibration.com\/de\/uber-uns\/stellenangebote\/","title":{"rendered":"Stellenangebote"},"content":{"rendered":"<p>[et_pb_section fb_built=&#8220;1&#8243; _builder_version=&#8220;4.16&#8243; background_color=&#8220;#399947&#8243; use_background_color_gradient=&#8220;on&#8220; background_image=&#8220;https:\/\/www.minerva-calibration.com\/wp-content\/uploads\/2017\/08\/lab-team-minerva.jpg&#8220; custom_padding=&#8220;22px|0px|31px|0px&#8220; global_colors_info=&#8220;{}&#8220;][et_pb_row _builder_version=&#8220;4.16&#8243; global_colors_info=&#8220;{}&#8220;][et_pb_column type=&#8220;4_4&#8243; _builder_version=&#8220;4.16&#8243; custom_padding=&#8220;|||&#8220; global_colors_info=&#8220;{}&#8220; custom_padding__hover=&#8220;|||&#8220;][et_pb_post_title meta=&#8220;off&#8220; featured_image=&#8220;off&#8220; _builder_version=&#8220;4.16&#8243; title_text_color=&#8220;#ffffff&#8220; title_font_size=&#8220;40px&#8220; global_colors_info=&#8220;{}&#8220;][\/et_pb_post_title][\/et_pb_column][\/et_pb_row][\/et_pb_section][et_pb_section fb_built=&#8220;1&#8243; _builder_version=&#8220;4.16&#8243; custom_padding=&#8220;0px|0px|5px|0px&#8220; global_colors_info=&#8220;{}&#8220;][et_pb_row _builder_version=&#8220;4.16&#8243; custom_padding=&#8220;37px|0px|0px|0px&#8220; global_colors_info=&#8220;{}&#8220;][et_pb_column type=&#8220;4_4&#8243; _builder_version=&#8220;4.16&#8243; custom_padding=&#8220;|||&#8220; global_colors_info=&#8220;{}&#8220; custom_padding__hover=&#8220;|||&#8220;][et_pb_dcsbcm_divi_breadcrumbs_module separator=&#8220;sep-arrow&#8220; hide_currentbreadcrumb=&#8220;off&#8220; _builder_version=&#8220;4.16&#8243; fontsbreadcrumbs_text_color=&#8220;#399947&#8243; fontsseperator_text_color=&#8220;#399947&#8243; fontsseperator_font_size=&#8220;18&#8243; fontsbreadcrumblinks_text_color=&#8220;#399947&#8243; custom_margin=&#8220;|20px||&#8220; fontsbreadcrumbs_font_size_tablet=&#8220;51&#8243; fontsbreadcrumbs_line_height_tablet=&#8220;2&#8243; fontsseperator_font_size_tablet=&#8220;51&#8243; fontsseperator_line_height_tablet=&#8220;2&#8243; fontsbreadcrumblinks_font_size_tablet=&#8220;51&#8243; fontsbreadcrumblinks_line_height_tablet=&#8220;2&#8243; global_colors_info=&#8220;{}&#8220;]<\/p>\n<div class=\"dcsbcm_divi_breadcrumbs_wrapper clearfix et_pb_module et_pb_bg_layout_light et_pb_dcsbcm_divi_breadcrumbs_module_1\">\n<div class=\"dcsbcm_divi_breadcrumbs\"><span class=\"dcsbcm_divi_breadcrumb\"><a href=\"https:\/\/www.minerva-calibration.com\/\" rel=\"v:url\">Home<\/a><\/span><span class=\"dcsbcm_separator\">\u00a0\u2192\u00a0<\/span><\/div>\n<\/div>\n<p><!-- .dcsbcm_divi_breadcrumbs_wrapper --> [\/et_pb_dcsbcm_divi_breadcrumbs_module][et_pb_text _builder_version=&#8220;4.16&#8243; border_style=&#8220;solid&#8220; global_colors_info=&#8220;{}&#8220;]<\/p>\n<h2>Minerva Metrology and Calibration expandiert!<\/h2>\n<p><strong>Unser Team hat die Kernaufgabe: unsere Kunden mit erstklassigen Produkten und Dienstleistungen zur Druckkalibrierung zu beliefern. R\u00fcckf\u00fchrbarkeit, auf die Verlass ist &#8211; von Absolutdruck \u00fcber Relativdruck bis zu sehr hohen Dr\u00fccken.<\/strong><\/p>\n<p>Minerva ist ein international renommiertes und anerkanntes Unternehmen mit einem loyalen, anspruchsvollen und wachsenden Kundenkreis. Unsere Kunden sind in Industriebereichen wie Luft- und Raumfahrt, Prozessindustrien, \u00d6l und Gas, Energieversorgung und Pharmazie t\u00e4tig, hinzu kommen viele nationale Metrologie-Institute.\u00a0Unsere Druckkalibrierungen sind nach ISO\/IEC 17025 akkreditiert.<\/p>\n<p>&nbsp;<\/p>\n<h2>Aktuelle Stellenangebote (auf Englisch):<\/h2>\n<p>[\/et_pb_text][\/et_pb_column][\/et_pb_row][\/et_pb_section][et_pb_section fb_built=&#8220;1&#8243; _builder_version=&#8220;4.16&#8243; background_color=&#8220;#e0e0e0&#8243; global_colors_info=&#8220;{}&#8220;][et_pb_row _builder_version=&#8220;4.16&#8243; background_size=&#8220;initial&#8220; background_position=&#8220;top_left&#8220; background_repeat=&#8220;repeat&#8220; global_colors_info=&#8220;{}&#8220; column_structure=&#8220;2_3,1_3&#8243;][et_pb_column type=&#8220;2_3&#8243; _builder_version=&#8220;4.16&#8243; custom_padding=&#8220;|||&#8220; global_colors_info=&#8220;{}&#8220; custom_padding__hover=&#8220;|||&#8220;][et_pb_text _builder_version=&#8220;4.16&#8243; global_colors_info=&#8220;{}&#8220;]<\/p>\n<h3><strong>PRODUCT &amp; SOFTWARE SUPPORT SPECIALIST<\/strong><\/h3>\n<p>For our growing customer base in Netherlands and Belgium we are opening a position for a PRODUCT &amp; SOFTWARE SUPPORT SPECIALIST who will provide first line technical and software support to customers in Netherland, Belgium and other European countries.<\/p>\n<p><strong>Required education:<\/strong><br \/>\n Degree in electrical\/ electronics engineering<\/p>\n<p><strong>Experience:<\/strong><br \/>\n Minimum of 2-3 yrs experience in metrology \/ measurement and test applications and use &amp; operation of Fluke MET\/CAL software<\/p>\n<p><strong>Other requirements:<\/strong><br \/>\n Can work independ and is a problem solver, no 9-5 mentatlity, willing to travel and has a customer focussed attitude. <a href=\"https:\/\/www.minerva-calibration.com\/wp-content\/uploads\/2017\/07\/product_software_support_specialist.pdf\" target=\"_blank\" rel=\"noopener\">Download the complete profile<\/a>.<\/p>\n<p>[\/et_pb_text][\/et_pb_column][et_pb_column type=&#8220;1_3&#8243; _builder_version=&#8220;4.16&#8243; custom_padding=&#8220;|||&#8220; global_colors_info=&#8220;{}&#8220; custom_padding__hover=&#8220;|||&#8220;][et_pb_blurb title=&#8220;Apply&#8220; use_icon=&#8220;on&#8220; font_icon=&#8220;&#x5a;||divi||400&#8243; image_icon_background_color=&#8220;#ffffff&#8220; image_icon_width=&#8220;48px&#8220; _builder_version=&#8220;4.16&#8243; image_icon_custom_padding=&#8220;25px|25px|25px|25px|false|false&#8220; custom_padding=&#8220;25px|25px|25px|25px&#8220; border_width_all=&#8220;0px&#8220; border_color_all=&#8220;#399947&#8243; border_style_all=&#8220;solid&#8220; border_radii_image=&#8220;on|100%|100%|100%|100%&#8220; border_width_all_image=&#8220;3px&#8220; border_color_all_image=&#8220;#399947&#8243; use_border_color=&#8220;on&#8220; border_color=&#8220;#399947&#8243; image_max_width=&#8220;none&#8220; use_circle=&#8220;on&#8220; use_circle_border=&#8220;on&#8220; circle_color=&#8220;#ffffff&#8220; global_colors_info=&#8220;{}&#8220; image_icon_background_color__sticky_enabled=&#8220;#399947&#8243; image_icon_background_color__sticky=&#8220;#399947&#8243;]<\/p>\n<p>Are you, or do you have the ambition to become, a PRODUCT &amp; SOFTWARE SUPPORT SPECIALIST?<\/p>\n<p><a href=\"mailto:jobs@minerva-calibration.com?subject=Application\">Send us your application<\/a>.<\/p>\n<p>[\/et_pb_blurb][\/et_pb_column][\/et_pb_row][\/et_pb_section][et_pb_section fb_built=&#8220;1&#8243; _builder_version=&#8220;4.16&#8243; background_color=&#8220;#e0e0e0&#8243; custom_padding=&#8220;22px|0px|19px|0px&#8220; global_colors_info=&#8220;{}&#8220;][et_pb_row make_equal=&#8220;on&#8220; _builder_version=&#8220;4.16&#8243; global_colors_info=&#8220;{}&#8220; column_structure=&#8220;1_2,1_2&#8243;][et_pb_column type=&#8220;1_2&#8243; _builder_version=&#8220;4.16&#8243; custom_padding=&#8220;|||&#8220; global_colors_info=&#8220;{}&#8220; custom_padding__hover=&#8220;|||&#8220;][et_pb_text _builder_version=&#8220;4.16&#8243; border_style=&#8220;solid&#8220; global_colors_info=&#8220;{}&#8220;]<\/p>\n<h2>Offene Bewerbungen<\/h2>\n<p>Wir sind interessiert daran, Bewerbungen f\u00fcr Positionen im technischen Bereich, im Verkauf, und in der Kundenbetreuung zu erhalten.<\/p>\n<ul>\n<li>Sind Sie daran interessiert, in einem mittelst\u00e4ndischen Unternehmen im Herzen der Niederlande zu arbeiten?<\/li>\n<li>In einem engagierten Team, das w\u00e4chst und st\u00e4ndig nach Wegen sucht, um unseren Service zu verbessern?<\/li>\n<\/ul>\n<p>Dann senden Sie Ihre Bewerbung an Henk de Lange, General Manager,\u00a0<a href=\"mailto:jobs@minerva-calibration.com\">jobs@minerva-calibration.com<\/a>\u00a0oder nehmen Sie f\u00fcr weitere Informationen Kontakt zu uns auf \u00fcber\u00a0+31 33 46 22 000.<\/p>\n<p>&nbsp;<\/p>\n<p>[\/et_pb_text][\/et_pb_column][et_pb_column type=&#8220;1_2&#8243; _builder_version=&#8220;4.16&#8243; custom_padding=&#8220;|||&#8220; global_colors_info=&#8220;{}&#8220; custom_padding__hover=&#8220;|||&#8220;][et_pb_text _builder_version=&#8220;4.16&#8243; background_color=&#8220;#e0e0e0&#8243; border_style=&#8220;solid&#8220; global_colors_info=&#8220;{}&#8220;]<\/p>\n<h2>M\u00f6chten Sie in unserem Team mitarbeiten?<\/h2>\n<p>[\/et_pb_text][et_pb_image src=&#8220;https:\/\/www.minerva-calibration.com\/wp-content\/uploads\/2025\/05\/Minerva-31-scaled.jpg&#8220; show_in_lightbox=&#8220;on&#8220; align_tablet=&#8220;center&#8220; align_last_edited=&#8220;on|desktop&#8220; _builder_version=&#8220;4.27.4&#8243; animation_style=&#8220;slide&#8220; animation_direction=&#8220;left&#8220; animation_duration=&#8220;500ms&#8220; animation_intensity_slide=&#8220;10%&#8220; hover_enabled=&#8220;0&#8243; border_style=&#8220;solid&#8220; always_center_on_mobile=&#8220;on&#8220; global_colors_info=&#8220;{}&#8220; title_text=&#8220;Minerva-31&#8243; sticky_enabled=&#8220;0&#8243; align_phone=&#8220;center&#8220;][\/et_pb_image][\/et_pb_column][\/et_pb_row][\/et_pb_section]<\/p>\n","protected":false},"excerpt":{"rendered":"<p>Home\u00a0\u2192\u00a0 Minerva Metrology and Calibration expandiert! Unser Team hat die Kernaufgabe: unsere Kunden mit erstklassigen Produkten und Dienstleistungen zur Druckkalibrierung zu beliefern. R\u00fcckf\u00fchrbarkeit, auf die Verlass ist &#8211; von Absolutdruck \u00fcber Relativdruck bis zu sehr hohen Dr\u00fccken. Minerva ist ein international renommiertes und anerkanntes Unternehmen mit einem loyalen, anspruchsvollen und wachsenden Kundenkreis. Unsere Kunden sind [&hellip;]<\/p>\n","protected":false},"author":1,"featured_media":0,"parent":33347,"menu_order":0,"comment_status":"closed","ping_status":"closed","template":"","meta":{"_acf_changed":false,"_et_pb_use_builder":"on","_et_pb_old_content":"<h2>Minerva Metrology and Calibration is expanding!<\/h2><p><strong>Our team has one mission: providing our customers with premium pressure calibration products and services, ensuring carefree, reliable traceability from vacuum to very high pressure.<\/strong><\/p><p>Minerva is an internationally\u00a0renowned and well appreciated company with a loyal, demanding and growing customer base. Our customers include industries like aerospace, process instruments, oil and gas, energy production, pharmaceutical, and multiple national measurement institutes.<\/p><p>Our pressure calibrations are ISO\/IEC 17025 accredited.<\/p><p>\u00a0<\/p><h2>Current vacancies<\/h2><h3>SENIOR LABORATORY TECHNICIAN \/ QUALITY TEAM LEADER (PART-TIME)<\/h3><p>For our innovative metrology lab, we are looking for a\u00a0Senior Laboratory Technician \/ Quality Team Leader\u00a0who is able to perform pressure calibrations and issue ISO\/IEC 17025 compliant certificates. You will join our team of calibration technicians. Curious about our lab?\u00a0Take a virtual tour.<\/p><p>Required education:<br \/> Technical oriented HBO or University \/ equivalent to BA or Master degree.<\/p><p>Experience:<br \/> 5 - 10 years\u2019 experience in Professional Calibration<br \/> 2 - 3 years\u2019 experience in quality assurance<\/p><p>Other requirements:<br \/> A good vision, math and statistical skills, and a sharp eye-hand coordination.\u00a0You need the ability to analyze and interpret data and other information in order to complete pressure calibration procedures.\u00a0Download the extensive job description.<\/p><p>Apply:<br \/> Are you, or do you have the ambition to become, a senior\u00a0technician with the potential skills to grow towards a role of Quality Team Lead?\u00a0Send us your application.<\/p><p>\u00a0<\/p><h2>Open applications<\/h2><p>We are interested in receiving applications for technical, sales and customer support positions. Are you interested in working at a medium sized company in the heart of the Netherlands? In a dedicated team that is growing and continuously looking for ways to improve our service? Then please send your application to Henk de Lange, General Manager,\u00a0jobs@minerva-calibration.com\u00a0or contact us for more information via\u00a0+31 33 46 22 000.<\/p>","_et_gb_content_width":"","footnotes":""},"class_list":["post-33442","page","type-page","status-publish","hentry"],"acf":[],"yoast_head":"<!-- This site is optimized with the Yoast SEO plugin v27.3 - https:\/\/yoast.com\/product\/yoast-seo-wordpress\/ -->\n<title>Stellenangebote &#8212; Minerva Metrology &amp; Calibration<\/title>\n<meta name=\"robots\" content=\"index, follow, max-snippet:-1, max-image-preview:large, max-video-preview:-1\" \/>\n<link rel=\"canonical\" href=\"https:\/\/www.minerva-calibration.com\/de\/uber-uns\/stellenangebote\/\" \/>\n<meta property=\"og:locale\" content=\"de_DE\" \/>\n<meta property=\"og:type\" content=\"article\" \/>\n<meta property=\"og:title\" content=\"Stellenangebote &#8212; Minerva Metrology &amp; Calibration\" \/>\n<meta property=\"og:description\" content=\"Home\u00a0\u2192\u00a0 Minerva Metrology and Calibration expandiert! Unser Team hat die Kernaufgabe: unsere Kunden mit erstklassigen Produkten und Dienstleistungen zur Druckkalibrierung zu beliefern. R\u00fcckf\u00fchrbarkeit, auf die Verlass ist - von Absolutdruck \u00fcber Relativdruck bis zu sehr hohen Dr\u00fccken. Minerva ist ein international renommiertes und anerkanntes Unternehmen mit einem loyalen, anspruchsvollen und wachsenden Kundenkreis. Unsere Kunden sind [&hellip;]\" \/>\n<meta property=\"og:url\" content=\"https:\/\/www.minerva-calibration.com\/de\/uber-uns\/stellenangebote\/\" \/>\n<meta property=\"og:site_name\" content=\"Minerva Metrology &amp; Calibration\" \/>\n<meta property=\"article:publisher\" content=\"https:\/\/www.facebook.com\/minervametrology\/\" \/>\n<meta property=\"article:modified_time\" content=\"2025-07-04T16:01:51+00:00\" \/>\n<meta name=\"twitter:card\" content=\"summary_large_image\" \/>\n<meta name=\"twitter:site\" content=\"@Minerva_Cal\" \/>\n<meta name=\"twitter:label1\" content=\"Gesch\u00e4tzte Lesezeit\" \/>\n\t<meta name=\"twitter:data1\" content=\"2\u00a0Minuten\" \/>\n<script type=\"application\/ld+json\" class=\"yoast-schema-graph\">{\"@context\":\"https:\\\/\\\/schema.org\",\"@graph\":[{\"@type\":\"WebPage\",\"@id\":\"https:\\\/\\\/www.minerva-calibration.com\\\/de\\\/uber-uns\\\/stellenangebote\\\/\",\"url\":\"https:\\\/\\\/www.minerva-calibration.com\\\/de\\\/uber-uns\\\/stellenangebote\\\/\",\"name\":\"Stellenangebote &#8212; Minerva Metrology &amp; Calibration\",\"isPartOf\":{\"@id\":\"https:\\\/\\\/www.minerva-calibration.com\\\/#website\"},\"datePublished\":\"2017-07-19T13:35:54+00:00\",\"dateModified\":\"2025-07-04T16:01:51+00:00\",\"breadcrumb\":{\"@id\":\"https:\\\/\\\/www.minerva-calibration.com\\\/de\\\/uber-uns\\\/stellenangebote\\\/#breadcrumb\"},\"inLanguage\":\"de\",\"potentialAction\":[{\"@type\":\"ReadAction\",\"target\":[\"https:\\\/\\\/www.minerva-calibration.com\\\/de\\\/uber-uns\\\/stellenangebote\\\/\"]}]},{\"@type\":\"BreadcrumbList\",\"@id\":\"https:\\\/\\\/www.minerva-calibration.com\\\/de\\\/uber-uns\\\/stellenangebote\\\/#breadcrumb\",\"itemListElement\":[{\"@type\":\"ListItem\",\"position\":1,\"name\":\"\u00dcber uns\",\"item\":\"https:\\\/\\\/www.minerva-calibration.com\\\/de\\\/uber-uns\\\/\"},{\"@type\":\"ListItem\",\"position\":2,\"name\":\"Stellenangebote\"}]},{\"@type\":\"WebSite\",\"@id\":\"https:\\\/\\\/www.minerva-calibration.com\\\/#website\",\"url\":\"https:\\\/\\\/www.minerva-calibration.com\\\/\",\"name\":\"Minerva Metrology &amp; Calibration\",\"description\":\"Specialised in high accuracy calibrations\",\"potentialAction\":[{\"@type\":\"SearchAction\",\"target\":{\"@type\":\"EntryPoint\",\"urlTemplate\":\"https:\\\/\\\/www.minerva-calibration.com\\\/?s={search_term_string}\"},\"query-input\":{\"@type\":\"PropertyValueSpecification\",\"valueRequired\":true,\"valueName\":\"search_term_string\"}}],\"inLanguage\":\"de\"}]}<\/script>\n<!-- \/ Yoast SEO plugin. -->","yoast_head_json":{"title":"Stellenangebote &#8212; Minerva Metrology &amp; Calibration","robots":{"index":"index","follow":"follow","max-snippet":"max-snippet:-1","max-image-preview":"max-image-preview:large","max-video-preview":"max-video-preview:-1"},"canonical":"https:\/\/www.minerva-calibration.com\/de\/uber-uns\/stellenangebote\/","og_locale":"de_DE","og_type":"article","og_title":"Stellenangebote &#8212; Minerva Metrology &amp; Calibration","og_description":"Home\u00a0\u2192\u00a0 Minerva Metrology and Calibration expandiert! Unser Team hat die Kernaufgabe: unsere Kunden mit erstklassigen Produkten und Dienstleistungen zur Druckkalibrierung zu beliefern. R\u00fcckf\u00fchrbarkeit, auf die Verlass ist - von Absolutdruck \u00fcber Relativdruck bis zu sehr hohen Dr\u00fccken. Minerva ist ein international renommiertes und anerkanntes Unternehmen mit einem loyalen, anspruchsvollen und wachsenden Kundenkreis. Unsere Kunden sind [&hellip;]","og_url":"https:\/\/www.minerva-calibration.com\/de\/uber-uns\/stellenangebote\/","og_site_name":"Minerva Metrology &amp; Calibration","article_publisher":"https:\/\/www.facebook.com\/minervametrology\/","article_modified_time":"2025-07-04T16:01:51+00:00","twitter_card":"summary_large_image","twitter_site":"@Minerva_Cal","twitter_misc":{"Gesch\u00e4tzte Lesezeit":"2\u00a0Minuten"},"schema":{"@context":"https:\/\/schema.org","@graph":[{"@type":"WebPage","@id":"https:\/\/www.minerva-calibration.com\/de\/uber-uns\/stellenangebote\/","url":"https:\/\/www.minerva-calibration.com\/de\/uber-uns\/stellenangebote\/","name":"Stellenangebote &#8212; Minerva Metrology &amp; Calibration","isPartOf":{"@id":"https:\/\/www.minerva-calibration.com\/#website"},"datePublished":"2017-07-19T13:35:54+00:00","dateModified":"2025-07-04T16:01:51+00:00","breadcrumb":{"@id":"https:\/\/www.minerva-calibration.com\/de\/uber-uns\/stellenangebote\/#breadcrumb"},"inLanguage":"de","potentialAction":[{"@type":"ReadAction","target":["https:\/\/www.minerva-calibration.com\/de\/uber-uns\/stellenangebote\/"]}]},{"@type":"BreadcrumbList","@id":"https:\/\/www.minerva-calibration.com\/de\/uber-uns\/stellenangebote\/#breadcrumb","itemListElement":[{"@type":"ListItem","position":1,"name":"\u00dcber uns","item":"https:\/\/www.minerva-calibration.com\/de\/uber-uns\/"},{"@type":"ListItem","position":2,"name":"Stellenangebote"}]},{"@type":"WebSite","@id":"https:\/\/www.minerva-calibration.com\/#website","url":"https:\/\/www.minerva-calibration.com\/","name":"Minerva Metrology &amp; Calibration","description":"Specialised in high accuracy calibrations","potentialAction":[{"@type":"SearchAction","target":{"@type":"EntryPoint","urlTemplate":"https:\/\/www.minerva-calibration.com\/?s={search_term_string}"},"query-input":{"@type":"PropertyValueSpecification","valueRequired":true,"valueName":"search_term_string"}}],"inLanguage":"de"}]}},"_links":{"self":[{"href":"https:\/\/www.minerva-calibration.com\/de\/wp-json\/wp\/v2\/pages\/33442","targetHints":{"allow":["GET"]}}],"collection":[{"href":"https:\/\/www.minerva-calibration.com\/de\/wp-json\/wp\/v2\/pages"}],"about":[{"href":"https:\/\/www.minerva-calibration.com\/de\/wp-json\/wp\/v2\/types\/page"}],"author":[{"embeddable":true,"href":"https:\/\/www.minerva-calibration.com\/de\/wp-json\/wp\/v2\/users\/1"}],"replies":[{"embeddable":true,"href":"https:\/\/www.minerva-calibration.com\/de\/wp-json\/wp\/v2\/comments?post=33442"}],"version-history":[{"count":5,"href":"https:\/\/www.minerva-calibration.com\/de\/wp-json\/wp\/v2\/pages\/33442\/revisions"}],"predecessor-version":[{"id":58965,"href":"https:\/\/www.minerva-calibration.com\/de\/wp-json\/wp\/v2\/pages\/33442\/revisions\/58965"}],"up":[{"embeddable":true,"href":"https:\/\/www.minerva-calibration.com\/de\/wp-json\/wp\/v2\/pages\/33347"}],"wp:attachment":[{"href":"https:\/\/www.minerva-calibration.com\/de\/wp-json\/wp\/v2\/media?parent=33442"}],"curies":[{"name":"wp","href":"https:\/\/api.w.org\/{rel}","templated":true}]}}