{"id":33448,"date":"2017-07-13T09:05:26","date_gmt":"2017-07-13T09:05:26","guid":{"rendered":"https:\/\/www.minerva-calibration.com\/calibration-and-repair-services\/"},"modified":"2025-07-07T23:12:47","modified_gmt":"2025-07-07T21:12:47","slug":"kalibrier-reparaturdienste","status":"publish","type":"page","link":"https:\/\/www.minerva-calibration.com\/de\/kalibrier-reparaturdienste\/","title":{"rendered":"Kalibrier- und Reparaturdienste"},"content":{"rendered":"<p>[et_pb_section fb_built=&#8220;1&#8243; _builder_version=&#8220;4.16&#8243; background_color=&#8220;#399947&#8243; use_background_color_gradient=&#8220;on&#8220; background_image=&#8220;https:\/\/www.minerva-calibration.com\/wp-content\/uploads\/2017\/06\/Minerva00092.jpg&#8220; custom_padding=&#8220;22px|0px|31px|0px&#8220; global_colors_info=&#8220;{}&#8220;][et_pb_row _builder_version=&#8220;4.16&#8243; global_colors_info=&#8220;{}&#8220;][et_pb_column type=&#8220;4_4&#8243; _builder_version=&#8220;4.16&#8243; custom_padding=&#8220;|||&#8220; global_colors_info=&#8220;{}&#8220; custom_padding__hover=&#8220;|||&#8220;][et_pb_post_title meta=&#8220;off&#8220; featured_image=&#8220;off&#8220; _builder_version=&#8220;4.16&#8243; title_text_color=&#8220;#ffffff&#8220; title_font_size=&#8220;40px&#8220; global_colors_info=&#8220;{}&#8220;][\/et_pb_post_title][\/et_pb_column][\/et_pb_row][\/et_pb_section][et_pb_section fb_built=&#8220;1&#8243; _builder_version=&#8220;4.16&#8243; custom_padding=&#8220;0px|0px|0px|0px&#8220; global_colors_info=&#8220;{}&#8220;][et_pb_row _builder_version=&#8220;4.16&#8243; global_colors_info=&#8220;{}&#8220;][et_pb_column type=&#8220;4_4&#8243; _builder_version=&#8220;4.16&#8243; custom_padding=&#8220;|||&#8220; global_colors_info=&#8220;{}&#8220; custom_padding__hover=&#8220;|||&#8220;][et_pb_dcsbcm_divi_breadcrumbs_module separator=&#8220;sep-arrow&#8220; hide_currentbreadcrumb=&#8220;off&#8220; _builder_version=&#8220;4.16&#8243; fontsbreadcrumbs_text_color=&#8220;#399947&#8243; fontsseperator_text_color=&#8220;#399947&#8243; fontsseperator_font_size=&#8220;18&#8243; fontsbreadcrumblinks_text_color=&#8220;#399947&#8243; custom_margin=&#8220;|20px||&#8220; fontsbreadcrumbs_font_size_tablet=&#8220;51&#8243; fontsbreadcrumbs_line_height_tablet=&#8220;2&#8243; fontsseperator_font_size_tablet=&#8220;51&#8243; fontsseperator_line_height_tablet=&#8220;2&#8243; fontsbreadcrumblinks_font_size_tablet=&#8220;51&#8243; fontsbreadcrumblinks_line_height_tablet=&#8220;2&#8243; global_colors_info=&#8220;{}&#8220;]<\/p>\n<div class=\"dcsbcm_divi_breadcrumbs_wrapper clearfix et_pb_module et_pb_bg_layout_light et_pb_dcsbcm_divi_breadcrumbs_module_1\">\n<div class=\"dcsbcm_divi_breadcrumbs\"><span class=\"dcsbcm_divi_breadcrumb\"><a href=\"https:\/\/www.minerva-calibration.com\/\" rel=\"v:url\">Home<\/a><\/span><span class=\"dcsbcm_separator\">\u00a0\u2192\u00a0<\/span><\/div>\n<\/div>\n<p><!-- .dcsbcm_divi_breadcrumbs_wrapper --><br \/>\n[\/et_pb_dcsbcm_divi_breadcrumbs_module][\/et_pb_column][\/et_pb_row][et_pb_row _builder_version=&#8220;4.16&#8243; custom_padding=&#8220;3px|0px|6px|0px&#8220; global_colors_info=&#8220;{}&#8220;][et_pb_column type=&#8220;4_4&#8243; _builder_version=&#8220;4.16&#8243; custom_padding=&#8220;|||&#8220; global_colors_info=&#8220;{}&#8220; custom_padding__hover=&#8220;|||&#8220;][et_pb_text _builder_version=&#8220;4.16&#8243; border_style=&#8220;solid&#8220; global_colors_info=&#8220;{}&#8220;]<\/p>\n<h2>R\u00fcckf\u00fchrbarkeit, auf die Verlass ist<\/h2>\n<p><strong>Das Verschicken Ihrer Instrumente zur Reparatur oder Kalibrierung ist immer mit Aufwand verbunden. Deshalb hat das Minerva-Team Prozeduren geschaffen, um professionelle, schnelle und transparente Dienstleistungen zu bieten. <\/strong><\/p>\n<p>Ab dem Eintreffen Ihres Instruments in unserem Labor bis zur R\u00fccklieferung an Ihrem Standort ist der Prozess zuverl\u00e4ssig und klar:<\/p>\n<p><img decoding=\"async\" class=\"wp-image-25127 size-full aligncenter\" src=\"https:\/\/www.minerva-calibration.com\/wp-content\/uploads\/2017\/06\/proces-Minerva-calibrations-1.png\" alt=\"process Minerva calibrations\" width=\"745\" height=\"279\" srcset=\"https:\/\/www.minerva-calibration.com\/wp-content\/uploads\/2017\/06\/proces-Minerva-calibrations-1.png 745w, https:\/\/www.minerva-calibration.com\/wp-content\/uploads\/2017\/06\/proces-Minerva-calibrations-1-510x191.png 510w, https:\/\/www.minerva-calibration.com\/wp-content\/uploads\/2017\/06\/proces-Minerva-calibrations-1-300x112.png 300w\" sizes=\"(max-width: 745px) 100vw, 745px\" \/><\/p>\n<p>Sie k\u00f6nnen den Fortschritt unserer Dienstleistung in Ihrem <a href=\"https:\/\/www.minerva-calibration.com\/de\/zitat\/\">pers\u00f6nlichen Minerva Online-Portal<\/a> verfolgen.<\/p>\n<p>Unser Service-Sachbearbeiter pr\u00fcft und dokumentiert Ihr Instrument bei der Ankunft (mit Fotos). Danach wird Ihr Instrument sorgf\u00e4ltig gepr\u00fcft, und Instandhaltung und Reinigung werden durchgef\u00fchrt.\u00a0Zum Abschluss wird Ihr Instrument professionell verpackt und verschickt.<br \/>\n[\/et_pb_text][\/et_pb_column][\/et_pb_row][et_pb_row column_structure=&#8220;1_2,1_4,1_4&#8243; _builder_version=&#8220;4.16&#8243; global_colors_info=&#8220;{}&#8220;][et_pb_column type=&#8220;1_2&#8243; _builder_version=&#8220;4.16&#8243; custom_padding=&#8220;|||&#8220; global_colors_info=&#8220;{}&#8220; custom_padding__hover=&#8220;|||&#8220;][et_pb_text _builder_version=&#8220;4.16&#8243; border_style=&#8220;solid&#8220; global_colors_info=&#8220;{}&#8220;]<\/p>\n<h2>Schnelle Durchlaufzeit und exzellenter Service:<\/h2>\n<ul>\n<li>Kalibier- und Reparaturdienstleistungen aus einer Hand<\/li>\n<li>Instandhaltungen werden gem\u00e4\u00df den Herstellerspezifikationen durchgef\u00fchrt<\/li>\n<li>Arbeiten zur pr\u00e4ventiven Instandhaltung basieren auf Informationen aus der Historie<\/li>\n<li>Bleiben Sie \u00fcber E-Mail und Ihr Online-Portal \u00fcber alle Stufen unserer Dienstleistung auf dem Laufenden<\/li>\n<li>ISO\/IEC 17025 akkreditiertes Labor mit hochqualifizierten Mitarbeitern<\/li>\n<\/ul>\n<p>[\/et_pb_text][\/et_pb_column][et_pb_column type=&#8220;1_4&#8243; _builder_version=&#8220;4.16&#8243; custom_padding=&#8220;|||&#8220; global_colors_info=&#8220;{}&#8220; custom_padding__hover=&#8220;|||&#8220;][et_pb_cta title=&#8220;Unser Geltungsbereich&#8220; button_url=&#8220;\/wp-content\/uploads\/2019\/10\/Minvervas-Technical-Scope-2019de.pdf&#8220; url_new_window=&#8220;on&#8220; button_text=&#8220;herunterladen&#8220; _builder_version=&#8220;3.27.3&#8243; header_font=&#8220;||||&#8220; body_font=&#8220;||||&#8220; body_text_color=&#8220;#ffffff&#8220; body_font_size=&#8220;14&#8243; body_line_height=&#8220;1.7em&#8220; max_width=&#8220;100%&#8220; max_width_tablet=&#8220;50px&#8220; max_width_phone=&#8220;50px&#8220; hover_enabled=&#8220;0&#8243; header_font_size_tablet=&#8220;26&#8243; header_font_size_phone=&#8220;26&#8243; header_letter_spacing_tablet=&#8220;0px&#8220; header_letter_spacing_phone=&#8220;0px&#8220; header_line_height_tablet=&#8220;1em&#8220; header_line_height_phone=&#8220;1em&#8220; body_font_size_tablet=&#8220;14&#8243; body_font_size_phone=&#8220;14&#8243; body_letter_spacing_tablet=&#8220;0px&#8220; body_letter_spacing_phone=&#8220;0px&#8220; body_line_height_tablet=&#8220;1.7em&#8220; body_line_height_phone=&#8220;1.7em&#8220; button_text_size_tablet=&#8220;18&#8243; button_text_size_phone=&#8220;18&#8243; button_letter_spacing_tablet=&#8220;0&#8243; button_letter_spacing_phone=&#8220;0&#8243; use_border_color=&#8220;off&#8220; border_color=&#8220;#ffffff&#8220; border_width=&#8220;1px&#8220; border_style=&#8220;solid&#8220; button_border_radius_hover=&#8220;3&#8243; button_letter_spacing_hover=&#8220;0&#8243; global_module=&#8220;33374&#8243; global_colors_info=&#8220;{}&#8220; button_letter_spacing_hover_tablet=&#8220;0&#8243; button_letter_spacing_hover_phone=&#8220;0&#8243; button_text_size__hover_enabled=&#8220;off&#8220; button_one_text_size__hover_enabled=&#8220;off&#8220; button_two_text_size__hover_enabled=&#8220;off&#8220; button_text_color__hover_enabled=&#8220;off&#8220; button_one_text_color__hover_enabled=&#8220;off&#8220; button_two_text_color__hover_enabled=&#8220;off&#8220; button_border_width__hover_enabled=&#8220;off&#8220; button_one_border_width__hover_enabled=&#8220;off&#8220; button_two_border_width__hover_enabled=&#8220;off&#8220; button_border_color__hover_enabled=&#8220;off&#8220; button_one_border_color__hover_enabled=&#8220;off&#8220; button_two_border_color__hover_enabled=&#8220;off&#8220; button_border_radius__hover_enabled=&#8220;on&#8220; button_border_radius__hover=&#8220;3&#8243; button_one_border_radius__hover_enabled=&#8220;off&#8220; button_two_border_radius__hover_enabled=&#8220;off&#8220; button_letter_spacing__hover_enabled=&#8220;on&#8220; button_letter_spacing__hover=&#8220;0&#8243; button_one_letter_spacing__hover_enabled=&#8220;off&#8220; button_two_letter_spacing__hover_enabled=&#8220;off&#8220; button_bg_color__hover_enabled=&#8220;off&#8220; button_one_bg_color__hover_enabled=&#8220;off&#8220; button_two_bg_color__hover_enabled=&#8220;off&#8220; sticky_enabled=&#8220;0&#8243;]<\/p>\n<p><a href=\"https:\/\/www.minerva-calibration.com\/wp-content\/uploads\/2019\/10\/Minvervas-Technical-Scope-2019de.pdf\" target=\"_blank\" rel=\"noopener noreferrer\"><img decoding=\"async\" class=\"aligncenter wp-image-33384 size-thumbnail\" title=\"Technischer Umfang Minerva\" src=\"https:\/\/www.minerva-calibration.com\/wp-content\/uploads\/2017\/09\/technischer-Umfang-150x150.png\" alt=\"Technischer Umfang Minerva\" width=\"150\" height=\"150\" srcset=\"https:\/\/www.minerva-calibration.com\/wp-content\/uploads\/2017\/09\/technischer-Umfang-150x150.png 150w, https:\/\/www.minerva-calibration.com\/wp-content\/uploads\/2017\/09\/technischer-Umfang-100x100.png 100w, https:\/\/www.minerva-calibration.com\/wp-content\/uploads\/2017\/09\/technischer-Umfang-250x250.png 250w\" sizes=\"(max-width: 150px) 100vw, 150px\" \/><\/a><\/p>\n<p>[\/et_pb_cta][\/et_pb_column][et_pb_column type=&#8220;1_4&#8243; _builder_version=&#8220;4.16&#8243; custom_padding=&#8220;|||&#8220; global_colors_info=&#8220;{}&#8220; custom_padding__hover=&#8220;|||&#8220;][\/et_pb_column][\/et_pb_row][\/et_pb_section][et_pb_section fb_built=&#8220;1&#8243; _builder_version=&#8220;4.16&#8243; background_color=&#8220;#e0e0e0&#8243; custom_padding=&#8220;22px|0px|19px|0px&#8220; global_colors_info=&#8220;{}&#8220;][et_pb_row column_structure=&#8220;1_3,1_3,1_3&#8243; make_equal=&#8220;on&#8220; _builder_version=&#8220;4.16&#8243; global_colors_info=&#8220;{}&#8220;][et_pb_column type=&#8220;1_3&#8243; _builder_version=&#8220;4.16&#8243; custom_padding=&#8220;|||&#8220; global_colors_info=&#8220;{}&#8220; custom_padding__hover=&#8220;|||&#8220;][et_pb_text _builder_version=&#8220;4.16&#8243; background_color=&#8220;#ffffff&#8220; custom_margin=&#8220;|||&#8220; custom_padding=&#8220;20px|20px|20px|20px&#8220; border_style=&#8220;solid&#8220; global_colors_info=&#8220;{}&#8220;]<strong>Hier k\u00f6nnen Sie mehr erfahren:<\/strong><\/p>\n<ul>\n<li><a href=\"https:\/\/www.minerva-calibration.com\/de\/kalibrier-reparaturdienste\/kalibrierdienstleistungen\/\">Kalibrierdienstleistungen<\/a><\/li>\n<li><a href=\"https:\/\/www.minerva-calibration.com\/de\/kalibrier-reparaturdienste\/reparaturdienstleistungen\/\">Reparaturdienstleistungen<\/a><\/li>\n<li><a href=\"https:\/\/www.minerva-calibration.com\/de\/uber-uns\/weltweite-akkreditierung\/\">Akkreditiertes Kalibrierlabor<\/a><\/li>\n<li><a href=\"https:\/\/www.minerva-calibration.com\/de\/kalibrier-reparaturdienste\/autorisiertes-fluke-service-center\/\">Autorisiertes Fluke Service Center<\/a><\/li>\n<\/ul>\n<p>[\/et_pb_text][\/et_pb_column][et_pb_column type=&#8220;1_3&#8243; _builder_version=&#8220;4.16&#8243; custom_padding=&#8220;|||&#8220; global_colors_info=&#8220;{}&#8220; custom_padding__hover=&#8220;|||&#8220;][et_pb_blurb title=&#8220;Sprechen Sie uns gerne an!&#8220; url=&#8220;\/de\/kontakt&#8220; use_icon=&#8220;on&#8220; font_icon=&#8220;&#xe010;||divi||400&#8243; image_icon_background_color=&#8220;#ffffff&#8220; image_icon_width=&#8220;96px&#8220; image_icon_width_tablet=&#8220;96px&#8220; image_icon_width_phone=&#8220;96px&#8220; content_max_width_tablet=&#8220;550px&#8220; content_max_width_phone=&#8220;550px&#8220; _builder_version=&#8220;4.16&#8243; header_font=&#8220;||||&#8220; header_text_color=&#8220;#ffffff&#8220; body_font=&#8220;||||&#8220; body_font_size=&#8220;14&#8243; body_line_height=&#8220;1.7em&#8220; background_color=&#8220;#399947&#8243; image_icon_custom_padding=&#8220;25px|25px|25px|25px|false|false&#8220; text_orientation=&#8220;center&#8220; background_layout=&#8220;dark&#8220; max_width=&#8220;100%&#8220; max_width_tablet=&#8220;100%&#8220; max_width_phone=&#8220;100%&#8220; custom_margin=&#8220;|||&#8220; custom_margin_tablet=&#8220;|||&#8220; custom_margin_phone=&#8220;|||&#8220; custom_padding=&#8220;40px|||&#8220; custom_padding_tablet=&#8220;40px|||&#8220; custom_padding_phone=&#8220;40px|||&#8220; header_font_size_tablet=&#8220;18&#8243; header_font_size_phone=&#8220;18&#8243; header_letter_spacing_tablet=&#8220;0px&#8220; header_letter_spacing_phone=&#8220;0px&#8220; header_line_height_tablet=&#8220;1em&#8220; header_line_height_phone=&#8220;1em&#8220; body_font_size_tablet=&#8220;14&#8243; body_font_size_phone=&#8220;14&#8243; body_letter_spacing_tablet=&#8220;0px&#8220; body_letter_spacing_phone=&#8220;0px&#8220; body_line_height_tablet=&#8220;1.7em&#8220; body_line_height_phone=&#8220;1.7em&#8220; border_width_all=&#8220;1px&#8220; border_color_all=&#8220;#ffffff&#8220; border_style_all=&#8220;solid&#8220; border_radii_image=&#8220;on|100%|100%|100%|100%&#8220; use_border_color=&#8220;on&#8220; border_color=&#8220;#ffffff&#8220; border_width=&#8220;1px&#8220; border_style=&#8220;solid&#8220; image_max_width=&#8220;100%&#8220; icon_font_size=&#8220;96px&#8220; image_max_width_tablet=&#8220;100%&#8220; icon_font_size_tablet=&#8220;96px&#8220; image_max_width_phone=&#8220;100%&#8220; icon_font_size_phone=&#8220;96px&#8220; use_circle=&#8220;on&#8220; use_circle_border=&#8220;off&#8220; circle_border_color=&#8220;#399947&#8243; circle_color=&#8220;#ffffff&#8220; global_module=&#8220;27913&#8243; saved_tabs=&#8220;all&#8220; global_colors_info=&#8220;{}&#8220; image_icon_background_color__sticky_enabled=&#8220;#399947&#8243; image_icon_background_color__sticky=&#8220;#399947&#8243;]<\/p>\n<p>Unser Team steht Ihnen mit Rat und Tat zur Verf\u00fcgung.<\/p>\n<p>&nbsp;<\/p>\n<p>[\/et_pb_blurb][\/et_pb_column][et_pb_column type=&#8220;1_3&#8243; _builder_version=&#8220;4.16&#8243; custom_padding=&#8220;|||&#8220; global_colors_info=&#8220;{}&#8220; custom_padding__hover=&#8220;|||&#8220;][et_pb_testimonial author=&#8220;Ian&#8220; job_title=&#8220;Purchasing Manager&#8220; company_name=&#8220;NOV Wellborne&#8220; url=&#8220;https:\/\/www.nov.com\/Segments\/Wellbore_Technologies.aspx&#8220; url_new_window=&#8220;on&#8220; portrait_url=&#8220;\/wp-content\/uploads\/2017\/07\/NOV-logo.png&#8220; quote_icon_background_color=&#8220;#399947&#8243; _builder_version=&#8220;4.16&#8243; background_color=&#8220;#ffffff&#8220; hover_enabled=&#8220;0&#8243; border_style=&#8220;solid&#8220; saved_tabs=&#8220;all&#8220; global_colors_info=&#8220;{}&#8220; sticky_enabled=&#8220;0&#8243;]\u201cStella,<br \/>\nbitte richten Sie Ihren Kollegen gro\u00dfen Dank aus, dass diese eilige Arbeit so schnell erledigt haben, so wie ich es von Ihnen kenne. Sie haben erstklassige Arbeit geleistet, um unser Ger\u00e4t mit der k\u00fcrzest m\u00f6glichen Durchlaufzeit fertigzustellen!\u201c<br \/>\n[\/et_pb_testimonial][\/et_pb_column][\/et_pb_row][\/et_pb_section]<\/p>\n","protected":false},"excerpt":{"rendered":"<p>Kalibrier- und Reparaturdienste<\/p>\n","protected":false},"author":1,"featured_media":0,"parent":0,"menu_order":0,"comment_status":"closed","ping_status":"closed","template":"","meta":{"_acf_changed":false,"_et_pb_use_builder":"on","_et_pb_old_content":"","_et_gb_content_width":"","footnotes":""},"class_list":["post-33448","page","type-page","status-publish","hentry"],"acf":[],"yoast_head":"<!-- This site is optimized with the Yoast SEO plugin v27.4 - https:\/\/yoast.com\/product\/yoast-seo-wordpress\/ -->\n<title>Kalibrier- und Reparaturdienste &#8212; Minerva Metrology &amp; Calibration<\/title>\n<meta name=\"description\" content=\"Das Verschicken Ihrer Instrumente zur Reparatur oder Kalibrierung ist immer mit Aufwand verbunden. Wir bieten einen transparenten Service.\" \/>\n<meta name=\"robots\" content=\"index, follow, max-snippet:-1, max-image-preview:large, max-video-preview:-1\" \/>\n<link rel=\"canonical\" href=\"https:\/\/www.minerva-calibration.com\/de\/kalibrier-reparaturdienste\/\" \/>\n<meta property=\"og:locale\" content=\"de_DE\" \/>\n<meta property=\"og:type\" content=\"article\" \/>\n<meta property=\"og:title\" content=\"Kalibrier- und Reparaturdienste &#8212; Minerva Metrology &amp; Calibration\" \/>\n<meta property=\"og:description\" content=\"Das Verschicken Ihrer Instrumente zur Reparatur oder Kalibrierung ist immer mit Aufwand verbunden. Wir bieten einen transparenten Service.\" \/>\n<meta property=\"og:url\" content=\"https:\/\/www.minerva-calibration.com\/de\/kalibrier-reparaturdienste\/\" \/>\n<meta property=\"og:site_name\" content=\"Minerva Metrology &amp; Calibration\" \/>\n<meta property=\"article:publisher\" content=\"https:\/\/www.facebook.com\/minervametrology\/\" \/>\n<meta property=\"article:modified_time\" content=\"2025-07-07T21:12:47+00:00\" \/>\n<meta property=\"og:image\" content=\"https:\/\/www.minerva-calibration.com\/wp-content\/uploads\/2017\/06\/proces-Minerva-calibrations-1.png\" \/>\n\t<meta property=\"og:image:width\" content=\"745\" \/>\n\t<meta property=\"og:image:height\" content=\"279\" \/>\n\t<meta property=\"og:image:type\" content=\"image\/png\" \/>\n<meta name=\"twitter:card\" content=\"summary_large_image\" \/>\n<meta name=\"twitter:site\" content=\"@Minerva_Cal\" \/>\n<meta name=\"twitter:label1\" content=\"Gesch\u00e4tzte Lesezeit\" \/>\n\t<meta name=\"twitter:data1\" content=\"2\u00a0Minuten\" \/>\n<script type=\"application\/ld+json\" class=\"yoast-schema-graph\">{\"@context\":\"https:\\\/\\\/schema.org\",\"@graph\":[{\"@type\":\"WebPage\",\"@id\":\"https:\\\/\\\/www.minerva-calibration.com\\\/de\\\/kalibrier-reparaturdienste\\\/\",\"url\":\"https:\\\/\\\/www.minerva-calibration.com\\\/de\\\/kalibrier-reparaturdienste\\\/\",\"name\":\"Kalibrier- und Reparaturdienste &#8212; Minerva Metrology &amp; Calibration\",\"isPartOf\":{\"@id\":\"https:\\\/\\\/www.minerva-calibration.com\\\/#website\"},\"primaryImageOfPage\":{\"@id\":\"https:\\\/\\\/www.minerva-calibration.com\\\/de\\\/kalibrier-reparaturdienste\\\/#primaryimage\"},\"image\":{\"@id\":\"https:\\\/\\\/www.minerva-calibration.com\\\/de\\\/kalibrier-reparaturdienste\\\/#primaryimage\"},\"thumbnailUrl\":\"https:\\\/\\\/www.minerva-calibration.com\\\/wp-content\\\/uploads\\\/2017\\\/06\\\/proces-Minerva-calibrations-1.png\",\"datePublished\":\"2017-07-13T09:05:26+00:00\",\"dateModified\":\"2025-07-07T21:12:47+00:00\",\"description\":\"Das Verschicken Ihrer Instrumente zur Reparatur oder Kalibrierung ist immer mit Aufwand verbunden. Wir bieten einen transparenten Service.\",\"inLanguage\":\"de\",\"potentialAction\":[{\"@type\":\"ReadAction\",\"target\":[\"https:\\\/\\\/www.minerva-calibration.com\\\/de\\\/kalibrier-reparaturdienste\\\/\"]}]},{\"@type\":\"ImageObject\",\"inLanguage\":\"de\",\"@id\":\"https:\\\/\\\/www.minerva-calibration.com\\\/de\\\/kalibrier-reparaturdienste\\\/#primaryimage\",\"url\":\"https:\\\/\\\/www.minerva-calibration.com\\\/wp-content\\\/uploads\\\/2017\\\/06\\\/proces-Minerva-calibrations-1.png\",\"contentUrl\":\"https:\\\/\\\/www.minerva-calibration.com\\\/wp-content\\\/uploads\\\/2017\\\/06\\\/proces-Minerva-calibrations-1.png\"},{\"@type\":\"WebSite\",\"@id\":\"https:\\\/\\\/www.minerva-calibration.com\\\/#website\",\"url\":\"https:\\\/\\\/www.minerva-calibration.com\\\/\",\"name\":\"Minerva Metrology &amp; Calibration\",\"description\":\"Specialised in high accuracy calibrations\",\"potentialAction\":[{\"@type\":\"SearchAction\",\"target\":{\"@type\":\"EntryPoint\",\"urlTemplate\":\"https:\\\/\\\/www.minerva-calibration.com\\\/?s={search_term_string}\"},\"query-input\":{\"@type\":\"PropertyValueSpecification\",\"valueRequired\":true,\"valueName\":\"search_term_string\"}}],\"inLanguage\":\"de\"}]}<\/script>\n<!-- \/ Yoast SEO plugin. -->","yoast_head_json":{"title":"Kalibrier- und Reparaturdienste &#8212; Minerva Metrology &amp; Calibration","description":"Das Verschicken Ihrer Instrumente zur Reparatur oder Kalibrierung ist immer mit Aufwand verbunden. Wir bieten einen transparenten Service.","robots":{"index":"index","follow":"follow","max-snippet":"max-snippet:-1","max-image-preview":"max-image-preview:large","max-video-preview":"max-video-preview:-1"},"canonical":"https:\/\/www.minerva-calibration.com\/de\/kalibrier-reparaturdienste\/","og_locale":"de_DE","og_type":"article","og_title":"Kalibrier- und Reparaturdienste &#8212; Minerva Metrology &amp; Calibration","og_description":"Das Verschicken Ihrer Instrumente zur Reparatur oder Kalibrierung ist immer mit Aufwand verbunden. Wir bieten einen transparenten Service.","og_url":"https:\/\/www.minerva-calibration.com\/de\/kalibrier-reparaturdienste\/","og_site_name":"Minerva Metrology &amp; Calibration","article_publisher":"https:\/\/www.facebook.com\/minervametrology\/","article_modified_time":"2025-07-07T21:12:47+00:00","og_image":[{"width":745,"height":279,"url":"https:\/\/www.minerva-calibration.com\/wp-content\/uploads\/2017\/06\/proces-Minerva-calibrations-1.png","type":"image\/png"}],"twitter_card":"summary_large_image","twitter_site":"@Minerva_Cal","twitter_misc":{"Gesch\u00e4tzte Lesezeit":"2\u00a0Minuten"},"schema":{"@context":"https:\/\/schema.org","@graph":[{"@type":"WebPage","@id":"https:\/\/www.minerva-calibration.com\/de\/kalibrier-reparaturdienste\/","url":"https:\/\/www.minerva-calibration.com\/de\/kalibrier-reparaturdienste\/","name":"Kalibrier- und Reparaturdienste &#8212; Minerva Metrology &amp; Calibration","isPartOf":{"@id":"https:\/\/www.minerva-calibration.com\/#website"},"primaryImageOfPage":{"@id":"https:\/\/www.minerva-calibration.com\/de\/kalibrier-reparaturdienste\/#primaryimage"},"image":{"@id":"https:\/\/www.minerva-calibration.com\/de\/kalibrier-reparaturdienste\/#primaryimage"},"thumbnailUrl":"https:\/\/www.minerva-calibration.com\/wp-content\/uploads\/2017\/06\/proces-Minerva-calibrations-1.png","datePublished":"2017-07-13T09:05:26+00:00","dateModified":"2025-07-07T21:12:47+00:00","description":"Das Verschicken Ihrer Instrumente zur Reparatur oder Kalibrierung ist immer mit Aufwand verbunden. Wir bieten einen transparenten Service.","inLanguage":"de","potentialAction":[{"@type":"ReadAction","target":["https:\/\/www.minerva-calibration.com\/de\/kalibrier-reparaturdienste\/"]}]},{"@type":"ImageObject","inLanguage":"de","@id":"https:\/\/www.minerva-calibration.com\/de\/kalibrier-reparaturdienste\/#primaryimage","url":"https:\/\/www.minerva-calibration.com\/wp-content\/uploads\/2017\/06\/proces-Minerva-calibrations-1.png","contentUrl":"https:\/\/www.minerva-calibration.com\/wp-content\/uploads\/2017\/06\/proces-Minerva-calibrations-1.png"},{"@type":"WebSite","@id":"https:\/\/www.minerva-calibration.com\/#website","url":"https:\/\/www.minerva-calibration.com\/","name":"Minerva Metrology &amp; Calibration","description":"Specialised in high accuracy calibrations","potentialAction":[{"@type":"SearchAction","target":{"@type":"EntryPoint","urlTemplate":"https:\/\/www.minerva-calibration.com\/?s={search_term_string}"},"query-input":{"@type":"PropertyValueSpecification","valueRequired":true,"valueName":"search_term_string"}}],"inLanguage":"de"}]}},"_links":{"self":[{"href":"https:\/\/www.minerva-calibration.com\/de\/wp-json\/wp\/v2\/pages\/33448","targetHints":{"allow":["GET"]}}],"collection":[{"href":"https:\/\/www.minerva-calibration.com\/de\/wp-json\/wp\/v2\/pages"}],"about":[{"href":"https:\/\/www.minerva-calibration.com\/de\/wp-json\/wp\/v2\/types\/page"}],"author":[{"embeddable":true,"href":"https:\/\/www.minerva-calibration.com\/de\/wp-json\/wp\/v2\/users\/1"}],"replies":[{"embeddable":true,"href":"https:\/\/www.minerva-calibration.com\/de\/wp-json\/wp\/v2\/comments?post=33448"}],"version-history":[{"count":7,"href":"https:\/\/www.minerva-calibration.com\/de\/wp-json\/wp\/v2\/pages\/33448\/revisions"}],"predecessor-version":[{"id":58972,"href":"https:\/\/www.minerva-calibration.com\/de\/wp-json\/wp\/v2\/pages\/33448\/revisions\/58972"}],"wp:attachment":[{"href":"https:\/\/www.minerva-calibration.com\/de\/wp-json\/wp\/v2\/media?parent=33448"}],"curies":[{"name":"wp","href":"https:\/\/api.w.org\/{rel}","templated":true}]}}