{"id":33491,"date":"2017-07-13T14:24:08","date_gmt":"2017-07-13T14:24:08","guid":{"rendered":"https:\/\/www.minerva-calibration.com\/kalibrier-reparaturdienste\/reparaties\/"},"modified":"2022-05-03T14:01:51","modified_gmt":"2022-05-03T12:01:51","slug":"reparaturdienstleistungen","status":"publish","type":"page","link":"https:\/\/www.minerva-calibration.com\/de\/kalibrier-reparaturdienste\/reparaturdienstleistungen\/","title":{"rendered":"Reparaturdienstleistungen"},"content":{"rendered":"<p>[et_pb_section bb_built=&#8220;1&#8243; background_color=&#8220;#399947&#8243; custom_padding=&#8220;22px|0px|31px|0px&#8220; _builder_version=&#8220;3.0.59&#8243; use_background_color_gradient=&#8220;on&#8220; background_image=&#8220;https:\/\/www.minerva-calibration.com\/wp-content\/uploads\/2017\/07\/Minerva00103.jpg&#8220;][et_pb_row _builder_version=&#8220;3.0.59&#8243;][et_pb_column type=&#8220;4_4&#8243;][et_pb_post_title meta=&#8220;off&#8220; featured_image=&#8220;off&#8220; _builder_version=&#8220;3.0.59&#8243; title_font_size=&#8220;40px&#8220; title_text_color=&#8220;#ffffff&#8220; parallax_method=&#8220;on&#8220; \/][\/et_pb_column][\/et_pb_row][\/et_pb_section][et_pb_section bb_built=&#8220;1&#8243; custom_padding=&#8220;0px|0px|34px|0px&#8220; _builder_version=&#8220;3.0.59&#8243;][et_pb_row custom_padding=&#8220;37px|0px|17px|0px&#8220; _builder_version=&#8220;3.0.59&#8243;][et_pb_column type=&#8220;4_4&#8243;][et_pb_dcsbcm_divi_breadcrumbs_module hide_homebreadcrumb=&#8220;off&#8220; separator=&#8220;sep-arrow&#8220; hide_currentbreadcrumb=&#8220;off&#8220; homebreadcrumborientation=&#8220;left&#8220; _builder_version=&#8220;3.0.59&#8243; fontsbreadcrumbs_font_size_tablet=&#8220;51&#8243; fontsbreadcrumbs_text_color=&#8220;#399947&#8243; fontsbreadcrumbs_line_height_tablet=&#8220;2&#8243; fontsseperator_font_size=&#8220;18&#8243; fontsseperator_font_size_tablet=&#8220;51&#8243; fontsseperator_text_color=&#8220;#399947&#8243; fontsseperator_line_height_tablet=&#8220;2&#8243; fontsbreadcrumblinks_font_size_tablet=&#8220;51&#8243; fontsbreadcrumblinks_text_color=&#8220;#399947&#8243; fontsbreadcrumblinks_line_height_tablet=&#8220;2&#8243; custom_margin=&#8220;|20px||&#8220;]<\/p>\n<p>&lt;div class=&#8220;dcsbcm_divi_breadcrumbs_wrapper clearfix et_pb_module et_pb_bg_layout_light et_pb_dcsbcm_divi_breadcrumbs_module_1&#8243;&gt;<br \/>\n&lt;div class=&#8220;dcsbcm_divi_breadcrumbs&#8220;&gt;&lt;span class=&#8220;dcsbcm_divi_breadcrumb&#8220;&gt;&lt;a href=&#8220;https:\/\/www.minerva-calibration.com\/&#8220; rel=&#8220;v:url&#8220;&gt;Home&lt;\/a&gt;&lt;\/span&gt;&lt;span class=&#8220;dcsbcm_separator&#8220;&gt;\u00a0\u2192\u00a0&lt;\/span&gt;&lt;\/div&gt;<br \/>\n&lt;\/div&gt;<br \/>\n&lt;!&#8211; .dcsbcm_divi_breadcrumbs_wrapper &#8211;&gt;<\/p>\n<p>[\/et_pb_dcsbcm_divi_breadcrumbs_module][\/et_pb_column][\/et_pb_row][et_pb_row custom_padding=&#8220;4px|0px|0px|0px&#8220; _builder_version=&#8220;3.0.59&#8243;][et_pb_column type=&#8220;4_4&#8243;][et_pb_text _builder_version=&#8220;3.0.76&#8243; background_layout=&#8220;light&#8220; border_style=&#8220;solid&#8220;]<\/p>\n<h2>Ihr engagierter Servicepartner<\/h2>\n<p><strong>Bei Minerva erhalten Sie alles aus einer Hand: wir pr\u00fcfen und reparieren Ihre Druckausr\u00fcstung, bevor wir sie kalibrieren.<\/strong><\/p>\n<p><img decoding=\"async\" class=\"alignright wp-image-25132\" style=\"background-color: #ffffff; font-size: 16px;\" src=\"\/wp-content\/uploads\/2017\/06\/Minerva00089-300x200.jpg\" alt=\"repairing calibration instruments\" width=\"350\" height=\"233\" srcset=\"https:\/\/www.minerva-calibration.com\/wp-content\/uploads\/2017\/06\/Minerva00089-300x200.jpg 300w, https:\/\/www.minerva-calibration.com\/wp-content\/uploads\/2017\/06\/Minerva00089-510x340.jpg 510w, https:\/\/www.minerva-calibration.com\/wp-content\/uploads\/2017\/06\/Minerva00089-768x512.jpg 768w, https:\/\/www.minerva-calibration.com\/wp-content\/uploads\/2017\/06\/Minerva00089-1024x683.jpg 1024w, https:\/\/www.minerva-calibration.com\/wp-content\/uploads\/2017\/06\/Minerva00089-1080x720.jpg 1080w, https:\/\/www.minerva-calibration.com\/wp-content\/uploads\/2017\/06\/Minerva00089.jpg 1344w\" sizes=\"(max-width: 350px) 100vw, 350px\" \/><\/p>\n<p>Unser technischer Service-Sachbearbeiter pr\u00fcft und dokumentiert (inkl. Fotos) Ihre Instrumente nach dem Wareneingang.\u00a0Dadurch wird sichergestellt, dass Ihr Instrument sorgf\u00e4ltig inspiziert wird, bevor Instandhaltung und Service durchgef\u00fchrt werden.<\/p>\n<p>Sie k\u00f6nnen den Fortschritt der Servicedienstleistung in Ihrem <a href=\"https:\/\/www.minerva-calibration.com\/de\/zitat\/\">pers\u00f6nlichen Minerva Online-Portal<\/a> verfolgen, und Sie werden \u00fcber E-Mail informiert. Die Instandhaltung wird gem\u00e4\u00df dokumentierter Prozeduren durchgef\u00fchrt.<\/p>\n<p>Dank langfristiger Beziehungen mit unseren Kunden k\u00f6nnen wir pr\u00e4ventive Arbeiten, basierend auf Informationen aus der Historie, durchf\u00fchren.<\/p>\n<p>[\/et_pb_text][\/et_pb_column][\/et_pb_row][\/et_pb_section][et_pb_section bb_built=&#8220;1&#8243; _builder_version=&#8220;3.0.72&#8243;][et_pb_row custom_padding=&#8220;5px|0px|3px|0px&#8220; _builder_version=&#8220;3.0.72&#8243;][et_pb_column type=&#8220;1_2&#8243;][et_pb_text _builder_version=&#8220;3.0.76&#8243; background_layout=&#8220;light&#8220; border_style=&#8220;solid&#8220;]<\/p>\n<h3>M\u00f6chten Sie ein Angebot erhalten?<\/h3>\n<p>Senden Sie Ihre Anfrage nach Reparatur- und\/oder Kalibrierdienstleistungen durch <a href=\"https:\/\/www.minerva-calibration.com\/de\/kontakt\/\">Kontakt zu uns<\/a> oder \u00fcber <a href=\"https:\/\/www.minerva-calibration.com\/de\/zitat\/\">Ihr Minerva Online-Portal<\/a>.<\/p>\n<p>[\/et_pb_text][\/et_pb_column][et_pb_column type=&#8220;1_2&#8243;][et_pb_text _builder_version=&#8220;3.0.76&#8243; background_color=&#8220;#ffffff&#8220; custom_padding=&#8220;20px|20px|20px|20px&#8220; background_layout=&#8220;light&#8220; border_style=&#8220;solid&#8220;]<\/p>\n<h3>Unsere einzigartige Serviceabteilung:<\/h3>\n<ul>\n<li>Pr\u00fcfungen, Reparaturen, Kalibrierungen: um die einwandfreie Funktionalit\u00e4t Ihrer Instrumente sicherzustellen<\/li>\n<li>Bietet Service f\u00fcr unterschiedliche Hersteller und Produkte<\/li>\n<li>Reduzierte Durchlaufzeiten, da ein Lager von Ersatzteilen vorhanden ist<\/li>\n<\/ul>\n<p>[\/et_pb_text][\/et_pb_column][\/et_pb_row][\/et_pb_section][et_pb_section bb_built=&#8220;1&#8243; background_color=&#8220;#399947&#8243; custom_padding=&#8220;0px|0px|0px|0px&#8220; _builder_version=&#8220;3.0.69&#8243; background_color_gradient_end=&#8220;#399947&#8243;][et_pb_row _builder_version=&#8220;3.0.63&#8243; background_color=&#8220;#399947&#8243; background_position_1=&#8220;top_left&#8220; background_repeat_1=&#8220;no-repeat&#8220;][et_pb_column type=&#8220;4_4&#8243;][et_pb_button _builder_version=&#8220;3.0.76&#8243; button_url=&#8220;\/de\/zitat\/&#8220; url_new_window=&#8220;off&#8220; button_text=&#8220;Fordern Sie ein Angebot an&#8220; button_alignment=&#8220;center&#8220; background_layout=&#8220;dark&#8220; custom_button=&#8220;on&#8220; button_border_width=&#8220;2&#8243; button_letter_spacing=&#8220;0&#8243; button_icon_placement=&#8220;right&#8220; button_letter_spacing_hover=&#8220;0&#8243; button_border_color=&#8220;#ffffff&#8220; button_font=&#8220;|on|||&#8220; button_icon=&#8220;%%24%%&#8220; button_text_size=&#8220;20&#8243; button_border_radius=&#8220;0&#8243; \/][\/et_pb_column][\/et_pb_row][\/et_pb_section][et_pb_section bb_built=&#8220;1&#8243; fullwidth=&#8220;off&#8220; specialty=&#8220;off&#8220; _builder_version=&#8220;3.0.73&#8243;][et_pb_row][et_pb_column type=&#8220;4_4&#8243;][et_pb_text _builder_version=&#8220;3.0.76&#8243; background_layout=&#8220;light&#8220; border_style=&#8220;solid&#8220;]<\/p>\n<h2>Marken die wir bedienen:<\/h2>\n<p>[\/et_pb_text][\/et_pb_column][\/et_pb_row][et_pb_row][et_pb_column type=&#8220;1_3&#8243;][et_pb_gallery gallery_ids=&#8220;25637,25638,25639,25641,25642,25643,25640,33018,33014,33010&#8243; gallery_orderby=&#8220;rand&#8220; gallery_captions=&#8220;,,,,,,&#8220; fullwidth=&#8220;on&#8220; show_pagination=&#8220;off&#8220; _builder_version=&#8220;3.0.73&#8243; show_title_and_caption=&#8220;on&#8220; orientation=&#8220;landscape&#8220; zoom_icon_color=&#8220;#399947&#8243; hover_overlay_color=&#8220;rgba(255,255,255,0.9)&#8220; background_layout=&#8220;light&#8220; border_style=&#8220;solid&#8220; \/][\/et_pb_column][et_pb_column type=&#8220;1_3&#8243;][et_pb_gallery _builder_version=&#8220;3.0.73&#8243; gallery_orderby=&#8220;rand&#8220; posts_number=&#8220;10&#8243; show_title_and_caption=&#8220;on&#8220; show_pagination=&#8220;on&#8220; gallery_ids=&#8220;32926,33094,33090,33086,33082,33078,33074,33070,33066,33062&#8243; fullwidth=&#8220;on&#8220; orientation=&#8220;landscape&#8220; zoom_icon_color=&#8220;#399947&#8243; hover_overlay_color=&#8220;rgba(255,255,255,0.9)&#8220; background_layout=&#8220;light&#8220; border_style=&#8220;solid&#8220; hover_icon=&#8220;%%20%%&#8220; \/][\/et_pb_column][et_pb_column type=&#8220;1_3&#8243;][et_pb_gallery _builder_version=&#8220;3.0.73&#8243; gallery_orderby=&#8220;rand&#8220; posts_number=&#8220;9&#8243; show_title_and_caption=&#8220;on&#8220; show_pagination=&#8220;on&#8220; gallery_ids=&#8220;33050,33046,33042,33038,33034,33030,33026,33022,33054,33111&#8243; fullwidth=&#8220;on&#8220; orientation=&#8220;landscape&#8220; zoom_icon_color=&#8220;#399947&#8243; hover_overlay_color=&#8220;rgba(255,255,255,0.9)&#8220; background_layout=&#8220;light&#8220; border_style=&#8220;solid&#8220; hover_icon=&#8220;%%20%%&#8220; \/][\/et_pb_column][\/et_pb_row][\/et_pb_section][et_pb_section bb_built=&#8220;1&#8243; background_color=&#8220;#e0e0e0&#8243; custom_padding=&#8220;22px|0px|19px|0px&#8220; _builder_version=&#8220;3.0.69&#8243;][et_pb_row custom_padding=&#8220;37px|0px|4px|0px&#8220; make_equal=&#8220;on&#8220; _builder_version=&#8220;3.0.59&#8243;][et_pb_column type=&#8220;1_2&#8243;][et_pb_text _builder_version=&#8220;3.0.76&#8243; background_color=&#8220;#ffffff&#8220; custom_margin=&#8220;|||&#8220; custom_padding=&#8220;20px|20px|20px|20px&#8220; background_layout=&#8220;light&#8220; border_style=&#8220;solid&#8220;]<\/p>\n<h3>Autorisiertes Fluke Service Center<\/h3>\n<p>Minerva ist autorisiertes Kalibrier Service Center f\u00fcr Fluke Calibration. <a href=\"https:\/\/www.minerva-calibration.com\/de\/kalibrier-reparaturdienste\/autorisiertes-fluke-service-center\/\">Weitere Informationen<\/a><\/p>\n<p><a href=\"\/fluke-authorized-service-centre\"><img decoding=\"async\" class=\"aligncenter size-full wp-image-25617\" src=\"https:\/\/www.minerva-calibration.com\/wp-content\/uploads\/2017\/07\/Fluke-authorize-service-center-logo.png\" alt=\"Fluke Authorized Service Centre\" width=\"283\" height=\"150\" \/><\/a><\/p>\n<p>[\/et_pb_text][\/et_pb_column][et_pb_column type=&#8220;1_2&#8243;][et_pb_team_member _builder_version=&#8220;3.0.76&#8243; name=&#8220;Rinus de Leeuw&#8220; position=&#8220;Service Engineer&#8220; linkedin_url=&#8220;https:\/\/www.linkedin.com\/in\/rinus-de-leeuw\/&#8220; background_layout=&#8220;light&#8220; border_style=&#8220;solid&#8220; image_url=&#8220;https:\/\/www.minerva-calibration.com\/wp-content\/uploads\/2018\/10\/Rinus-de-Leeuw-350&#215;253.jpg&#8220;]<\/p>\n<p>Irgendwelche Fragen? <a href=\"mailto:rinus.deleeuw@minerva-calibration.com\">Bitte kontaktieren Sie mich<\/a>!<\/p>\n<p>[\/et_pb_team_member][\/et_pb_column][\/et_pb_row][\/et_pb_section]<\/p>\n","protected":false},"excerpt":{"rendered":"<p>&lt;div class=&#8220;dcsbcm_divi_breadcrumbs_wrapper clearfix et_pb_module et_pb_bg_layout_light et_pb_dcsbcm_divi_breadcrumbs_module_1&#8243;&gt; &lt;div class=&#8220;dcsbcm_divi_breadcrumbs&#8220;&gt;&lt;span class=&#8220;dcsbcm_divi_breadcrumb&#8220;&gt;&lt;a href=&#8220;https:\/\/www.minerva-calibration.com\/&#8220; rel=&#8220;v:url&#8220;&gt;Home&lt;\/a&gt;&lt;\/span&gt;&lt;span class=&#8220;dcsbcm_separator&#8220;&gt;\u00a0\u2192\u00a0&lt;\/span&gt;&lt;\/div&gt; &lt;\/div&gt; &lt;!&#8211; .dcsbcm_divi_breadcrumbs_wrapper &#8211;&gt; Ihr engagierter Servicepartner Bei Minerva erhalten Sie alles aus einer Hand: wir pr\u00fcfen und reparieren Ihre Druckausr\u00fcstung, bevor wir sie kalibrieren. Unser technischer Service-Sachbearbeiter pr\u00fcft und dokumentiert (inkl. Fotos) Ihre Instrumente nach dem Wareneingang.\u00a0Dadurch wird sichergestellt, dass Ihr Instrument [&hellip;]<\/p>\n","protected":false},"author":1,"featured_media":0,"parent":33448,"menu_order":0,"comment_status":"closed","ping_status":"closed","template":"","meta":{"_acf_changed":false,"_et_pb_use_builder":"on","_et_pb_old_content":"","_et_gb_content_width":"","footnotes":""},"class_list":["post-33491","page","type-page","status-publish","hentry"],"acf":[],"yoast_head":"<!-- This site is optimized with the Yoast SEO plugin v27.5 - https:\/\/yoast.com\/product\/yoast-seo-wordpress\/ -->\n<title>Reparaturdienstleistungen &#8212; Minerva Metrology &amp; Calibration<\/title>\n<meta name=\"description\" content=\"Bei Minerva erhalten Sie alles aus einer Hand: wir pr\u00fcfen und reparieren Ihre Druckausr\u00fcstung, bevor wir sie kalibrieren.\" \/>\n<meta name=\"robots\" content=\"index, follow, max-snippet:-1, max-image-preview:large, max-video-preview:-1\" \/>\n<link rel=\"canonical\" href=\"https:\/\/www.minerva-calibration.com\/de\/kalibrier-reparaturdienste\/reparaturdienstleistungen\/\" \/>\n<meta property=\"og:locale\" content=\"de_DE\" \/>\n<meta property=\"og:type\" content=\"article\" \/>\n<meta property=\"og:title\" content=\"Reparaturdienstleistungen &#8212; Minerva Metrology &amp; Calibration\" \/>\n<meta property=\"og:description\" content=\"Bei Minerva erhalten Sie alles aus einer Hand: wir pr\u00fcfen und reparieren Ihre Druckausr\u00fcstung, bevor wir sie kalibrieren.\" \/>\n<meta property=\"og:url\" content=\"https:\/\/www.minerva-calibration.com\/de\/kalibrier-reparaturdienste\/reparaturdienstleistungen\/\" \/>\n<meta property=\"og:site_name\" content=\"Minerva Metrology &amp; Calibration\" \/>\n<meta property=\"article:publisher\" content=\"https:\/\/www.facebook.com\/minervametrology\/\" \/>\n<meta property=\"article:modified_time\" content=\"2022-05-03T12:01:51+00:00\" \/>\n<meta property=\"og:image\" content=\"https:\/\/www.minerva-calibration.com\/wp-content\/uploads\/2017\/07\/Fluke-authorize-service-center-logo.png\" \/>\n<meta name=\"twitter:card\" content=\"summary_large_image\" \/>\n<meta name=\"twitter:site\" content=\"@Minerva_Cal\" \/>\n<meta name=\"twitter:label1\" content=\"Gesch\u00e4tzte Lesezeit\" \/>\n\t<meta name=\"twitter:data1\" content=\"5\u00a0Minuten\" \/>\n<script type=\"application\/ld+json\" class=\"yoast-schema-graph\">{\"@context\":\"https:\\\/\\\/schema.org\",\"@graph\":[{\"@type\":\"WebPage\",\"@id\":\"https:\\\/\\\/www.minerva-calibration.com\\\/de\\\/kalibrier-reparaturdienste\\\/reparaturdienstleistungen\\\/\",\"url\":\"https:\\\/\\\/www.minerva-calibration.com\\\/de\\\/kalibrier-reparaturdienste\\\/reparaturdienstleistungen\\\/\",\"name\":\"Reparaturdienstleistungen &#8212; Minerva Metrology &amp; Calibration\",\"isPartOf\":{\"@id\":\"https:\\\/\\\/www.minerva-calibration.com\\\/#website\"},\"primaryImageOfPage\":{\"@id\":\"https:\\\/\\\/www.minerva-calibration.com\\\/de\\\/kalibrier-reparaturdienste\\\/reparaturdienstleistungen\\\/#primaryimage\"},\"image\":{\"@id\":\"https:\\\/\\\/www.minerva-calibration.com\\\/de\\\/kalibrier-reparaturdienste\\\/reparaturdienstleistungen\\\/#primaryimage\"},\"thumbnailUrl\":\"https:\\\/\\\/www.minerva-calibration.com\\\/wp-content\\\/uploads\\\/2017\\\/07\\\/Fluke-authorize-service-center-logo.png\",\"datePublished\":\"2017-07-13T14:24:08+00:00\",\"dateModified\":\"2022-05-03T12:01:51+00:00\",\"description\":\"Bei Minerva erhalten Sie alles aus einer Hand: wir pr\u00fcfen und reparieren Ihre Druckausr\u00fcstung, bevor wir sie kalibrieren.\",\"breadcrumb\":{\"@id\":\"https:\\\/\\\/www.minerva-calibration.com\\\/de\\\/kalibrier-reparaturdienste\\\/reparaturdienstleistungen\\\/#breadcrumb\"},\"inLanguage\":\"de\",\"potentialAction\":[{\"@type\":\"ReadAction\",\"target\":[\"https:\\\/\\\/www.minerva-calibration.com\\\/de\\\/kalibrier-reparaturdienste\\\/reparaturdienstleistungen\\\/\"]}]},{\"@type\":\"ImageObject\",\"inLanguage\":\"de\",\"@id\":\"https:\\\/\\\/www.minerva-calibration.com\\\/de\\\/kalibrier-reparaturdienste\\\/reparaturdienstleistungen\\\/#primaryimage\",\"url\":\"https:\\\/\\\/www.minerva-calibration.com\\\/wp-content\\\/uploads\\\/2017\\\/07\\\/Fluke-authorize-service-center-logo.png\",\"contentUrl\":\"https:\\\/\\\/www.minerva-calibration.com\\\/wp-content\\\/uploads\\\/2017\\\/07\\\/Fluke-authorize-service-center-logo.png\"},{\"@type\":\"BreadcrumbList\",\"@id\":\"https:\\\/\\\/www.minerva-calibration.com\\\/de\\\/kalibrier-reparaturdienste\\\/reparaturdienstleistungen\\\/#breadcrumb\",\"itemListElement\":[{\"@type\":\"ListItem\",\"position\":1,\"name\":\"Kalibrier- und Reparaturdienste\",\"item\":\"https:\\\/\\\/www.minerva-calibration.com\\\/de\\\/kalibrier-reparaturdienste\\\/\"},{\"@type\":\"ListItem\",\"position\":2,\"name\":\"Reparaturdienstleistungen\"}]},{\"@type\":\"WebSite\",\"@id\":\"https:\\\/\\\/www.minerva-calibration.com\\\/#website\",\"url\":\"https:\\\/\\\/www.minerva-calibration.com\\\/\",\"name\":\"Minerva Metrology &amp; Calibration\",\"description\":\"Specialised in high accuracy calibrations\",\"potentialAction\":[{\"@type\":\"SearchAction\",\"target\":{\"@type\":\"EntryPoint\",\"urlTemplate\":\"https:\\\/\\\/www.minerva-calibration.com\\\/?s={search_term_string}\"},\"query-input\":{\"@type\":\"PropertyValueSpecification\",\"valueRequired\":true,\"valueName\":\"search_term_string\"}}],\"inLanguage\":\"de\"}]}<\/script>\n<!-- \/ Yoast SEO plugin. -->","yoast_head_json":{"title":"Reparaturdienstleistungen &#8212; Minerva Metrology &amp; Calibration","description":"Bei Minerva erhalten Sie alles aus einer Hand: wir pr\u00fcfen und reparieren Ihre Druckausr\u00fcstung, bevor wir sie kalibrieren.","robots":{"index":"index","follow":"follow","max-snippet":"max-snippet:-1","max-image-preview":"max-image-preview:large","max-video-preview":"max-video-preview:-1"},"canonical":"https:\/\/www.minerva-calibration.com\/de\/kalibrier-reparaturdienste\/reparaturdienstleistungen\/","og_locale":"de_DE","og_type":"article","og_title":"Reparaturdienstleistungen &#8212; Minerva Metrology &amp; Calibration","og_description":"Bei Minerva erhalten Sie alles aus einer Hand: wir pr\u00fcfen und reparieren Ihre Druckausr\u00fcstung, bevor wir sie kalibrieren.","og_url":"https:\/\/www.minerva-calibration.com\/de\/kalibrier-reparaturdienste\/reparaturdienstleistungen\/","og_site_name":"Minerva Metrology &amp; Calibration","article_publisher":"https:\/\/www.facebook.com\/minervametrology\/","article_modified_time":"2022-05-03T12:01:51+00:00","og_image":[{"url":"https:\/\/www.minerva-calibration.com\/wp-content\/uploads\/2017\/07\/Fluke-authorize-service-center-logo.png","type":"","width":"","height":""}],"twitter_card":"summary_large_image","twitter_site":"@Minerva_Cal","twitter_misc":{"Gesch\u00e4tzte Lesezeit":"5\u00a0Minuten"},"schema":{"@context":"https:\/\/schema.org","@graph":[{"@type":"WebPage","@id":"https:\/\/www.minerva-calibration.com\/de\/kalibrier-reparaturdienste\/reparaturdienstleistungen\/","url":"https:\/\/www.minerva-calibration.com\/de\/kalibrier-reparaturdienste\/reparaturdienstleistungen\/","name":"Reparaturdienstleistungen &#8212; Minerva Metrology &amp; Calibration","isPartOf":{"@id":"https:\/\/www.minerva-calibration.com\/#website"},"primaryImageOfPage":{"@id":"https:\/\/www.minerva-calibration.com\/de\/kalibrier-reparaturdienste\/reparaturdienstleistungen\/#primaryimage"},"image":{"@id":"https:\/\/www.minerva-calibration.com\/de\/kalibrier-reparaturdienste\/reparaturdienstleistungen\/#primaryimage"},"thumbnailUrl":"https:\/\/www.minerva-calibration.com\/wp-content\/uploads\/2017\/07\/Fluke-authorize-service-center-logo.png","datePublished":"2017-07-13T14:24:08+00:00","dateModified":"2022-05-03T12:01:51+00:00","description":"Bei Minerva erhalten Sie alles aus einer Hand: wir pr\u00fcfen und reparieren Ihre Druckausr\u00fcstung, bevor wir sie kalibrieren.","breadcrumb":{"@id":"https:\/\/www.minerva-calibration.com\/de\/kalibrier-reparaturdienste\/reparaturdienstleistungen\/#breadcrumb"},"inLanguage":"de","potentialAction":[{"@type":"ReadAction","target":["https:\/\/www.minerva-calibration.com\/de\/kalibrier-reparaturdienste\/reparaturdienstleistungen\/"]}]},{"@type":"ImageObject","inLanguage":"de","@id":"https:\/\/www.minerva-calibration.com\/de\/kalibrier-reparaturdienste\/reparaturdienstleistungen\/#primaryimage","url":"https:\/\/www.minerva-calibration.com\/wp-content\/uploads\/2017\/07\/Fluke-authorize-service-center-logo.png","contentUrl":"https:\/\/www.minerva-calibration.com\/wp-content\/uploads\/2017\/07\/Fluke-authorize-service-center-logo.png"},{"@type":"BreadcrumbList","@id":"https:\/\/www.minerva-calibration.com\/de\/kalibrier-reparaturdienste\/reparaturdienstleistungen\/#breadcrumb","itemListElement":[{"@type":"ListItem","position":1,"name":"Kalibrier- und Reparaturdienste","item":"https:\/\/www.minerva-calibration.com\/de\/kalibrier-reparaturdienste\/"},{"@type":"ListItem","position":2,"name":"Reparaturdienstleistungen"}]},{"@type":"WebSite","@id":"https:\/\/www.minerva-calibration.com\/#website","url":"https:\/\/www.minerva-calibration.com\/","name":"Minerva Metrology &amp; Calibration","description":"Specialised in high accuracy calibrations","potentialAction":[{"@type":"SearchAction","target":{"@type":"EntryPoint","urlTemplate":"https:\/\/www.minerva-calibration.com\/?s={search_term_string}"},"query-input":{"@type":"PropertyValueSpecification","valueRequired":true,"valueName":"search_term_string"}}],"inLanguage":"de"}]}},"_links":{"self":[{"href":"https:\/\/www.minerva-calibration.com\/de\/wp-json\/wp\/v2\/pages\/33491","targetHints":{"allow":["GET"]}}],"collection":[{"href":"https:\/\/www.minerva-calibration.com\/de\/wp-json\/wp\/v2\/pages"}],"about":[{"href":"https:\/\/www.minerva-calibration.com\/de\/wp-json\/wp\/v2\/types\/page"}],"author":[{"embeddable":true,"href":"https:\/\/www.minerva-calibration.com\/de\/wp-json\/wp\/v2\/users\/1"}],"replies":[{"embeddable":true,"href":"https:\/\/www.minerva-calibration.com\/de\/wp-json\/wp\/v2\/comments?post=33491"}],"version-history":[{"count":9,"href":"https:\/\/www.minerva-calibration.com\/de\/wp-json\/wp\/v2\/pages\/33491\/revisions"}],"predecessor-version":[{"id":52827,"href":"https:\/\/www.minerva-calibration.com\/de\/wp-json\/wp\/v2\/pages\/33491\/revisions\/52827"}],"up":[{"embeddable":true,"href":"https:\/\/www.minerva-calibration.com\/de\/wp-json\/wp\/v2\/pages\/33448"}],"wp:attachment":[{"href":"https:\/\/www.minerva-calibration.com\/de\/wp-json\/wp\/v2\/media?parent=33491"}],"curies":[{"name":"wp","href":"https:\/\/api.w.org\/{rel}","templated":true}]}}