{"id":33895,"date":"2017-07-13T10:05:57","date_gmt":"2017-07-13T10:05:57","guid":{"rendered":"https:\/\/www.minerva-calibration.com\/uber-uns\/"},"modified":"2018-09-05T09:20:17","modified_gmt":"2018-09-05T09:20:17","slug":"notre-entreprise","status":"publish","type":"page","link":"https:\/\/www.minerva-calibration.com\/fr\/notre-entreprise\/","title":{"rendered":"\u00e0 propos de notre entreprise"},"content":{"rendered":"<p>[et_pb_section bb_built=\u00a0\u00bb1&Prime; background_color=\u00a0\u00bb#399947&Prime; _builder_version=\u00a0\u00bb3.0.69&Prime; use_background_color_gradient=\u00a0\u00bbon\u00a0\u00bb background_image=\u00a0\u00bbhttps:\/\/www.minerva-calibration.com\/wp-content\/uploads\/2017\/09\/header-calibration-fluke.jpg\u00a0\u00bb custom_padding=\u00a0\u00bb22px|0px|31px|0px\u00a0\u00bb][et_pb_row _builder_version=\u00a0\u00bb3.0.59&Prime;][et_pb_column type=\u00a0\u00bb4_4&Prime;][et_pb_post_title meta=\u00a0\u00bboff\u00a0\u00bb featured_image=\u00a0\u00bboff\u00a0\u00bb _builder_version=\u00a0\u00bb3.0.59&Prime; title_font_size=\u00a0\u00bb40px\u00a0\u00bb title_text_color=\u00a0\u00bb#ffffff\u00a0\u00bb parallax_method=\u00a0\u00bboff\u00a0\u00bb \/][\/et_pb_column][\/et_pb_row][\/et_pb_section][et_pb_section bb_built=\u00a0\u00bb1&Prime; _builder_version=\u00a0\u00bb3.0.59&Prime; custom_padding=\u00a0\u00bb0px|0px|0px|0px\u00a0\u00bb][et_pb_row custom_padding=\u00a0\u00bb37px|0px|40px|0px\u00a0\u00bb _builder_version=\u00a0\u00bb3.0.59&Prime;][et_pb_column type=\u00a0\u00bb4_4&Prime;][et_pb_dcsbcm_divi_breadcrumbs_module hide_homebreadcrumb=\u00a0\u00bboff\u00a0\u00bb separator=\u00a0\u00bbsep-arrow\u00a0\u00bb hide_currentbreadcrumb=\u00a0\u00bboff\u00a0\u00bb homebreadcrumborientation=\u00a0\u00bbleft\u00a0\u00bb _builder_version=\u00a0\u00bb3.0.59&Prime; fontsbreadcrumbs_font_size_tablet=\u00a0\u00bb51&Prime; fontsbreadcrumbs_text_color=\u00a0\u00bb#399947&Prime; fontsbreadcrumbs_line_height_tablet=\u00a0\u00bb2&Prime; fontsseperator_font_size=\u00a0\u00bb18&Prime; fontsseperator_font_size_tablet=\u00a0\u00bb51&Prime; fontsseperator_text_color=\u00a0\u00bb#399947&Prime; fontsseperator_line_height_tablet=\u00a0\u00bb2&Prime; fontsbreadcrumblinks_font_size_tablet=\u00a0\u00bb51&Prime; fontsbreadcrumblinks_text_color=\u00a0\u00bb#399947&Prime; fontsbreadcrumblinks_line_height_tablet=\u00a0\u00bb2&Prime; custom_margin=\u00a0\u00bb|20px||\u00a0\u00bb]<\/p>\n<p>&lt;div class=\u00a0\u00bbdcsbcm_divi_breadcrumbs_wrapper clearfix et_pb_module et_pb_bg_layout_light et_pb_dcsbcm_divi_breadcrumbs_module_1&Prime;&gt;<br \/>\n&lt;div class=\u00a0\u00bbdcsbcm_divi_breadcrumbs\u00a0\u00bb&gt;&lt;span class=\u00a0\u00bbdcsbcm_divi_breadcrumb\u00a0\u00bb&gt;&lt;a href=\u00a0\u00bbhttp:\/\/minerva-calibration.com\/\u00a0\u00bb rel=\u00a0\u00bbv:url\u00a0\u00bb&gt;Home&lt;\/a&gt;&lt;\/span&gt;&lt;span class=\u00a0\u00bbdcsbcm_separator\u00a0\u00bb&gt;\u00a0\u2192\u00a0&lt;\/span&gt;&lt;\/div&gt;<br \/>\n&lt;\/div&gt;<br \/>\n&lt;!&#8211; .dcsbcm_divi_breadcrumbs_wrapper &#8211;&gt;<\/p>\n<p>[\/et_pb_dcsbcm_divi_breadcrumbs_module][\/et_pb_column][\/et_pb_row][et_pb_row custom_padding=\u00a0\u00bb0px|0px|27px|0px\u00a0\u00bb _builder_version=\u00a0\u00bb3.0.59&Prime;][et_pb_column type=\u00a0\u00bb4_4&Prime;][et_pb_text _builder_version=\u00a0\u00bb3.0.76&Prime; background_layout=\u00a0\u00bblight\u00a0\u00bb border_style=\u00a0\u00bbsolid\u00a0\u00bb]<\/p>\n<h2>\u00a0<\/h2>\n<h2>Notre mission<\/h2>\n<p><strong>Minerva Metrology and Calibration a pour mission de fournir les meilleurs services de calibration et de garantir la tra\u00e7abilit\u00e9 \u00e0 nos clients en toute facilit\u00e9.<\/strong><\/p>\n<h3 style=\"background-color: #ffffff;\"><strong style=\"font-size: 22px;\"><img decoding=\"async\" class=\"alignright wp-image-32517 size-ubergrid_thumbnail\" style=\"font-size: 22px;\" title=\"Calibration in lab Minerva\" src=\"http:\/\/minerva-calibration.com\/wp-content\/uploads\/2017\/07\/Minerva00115-400x600.jpg\" alt=\"Minerva calibration\" width=\"376\" height=\"564\" srcset=\"https:\/\/www.minerva-calibration.com\/wp-content\/uploads\/2017\/07\/Minerva00115-400x600.jpg 400w, https:\/\/www.minerva-calibration.com\/wp-content\/uploads\/2017\/07\/Minerva00115-510x765.jpg 510w, https:\/\/www.minerva-calibration.com\/wp-content\/uploads\/2017\/07\/Minerva00115-200x300.jpg 200w, https:\/\/www.minerva-calibration.com\/wp-content\/uploads\/2017\/07\/Minerva00115-768x1152.jpg 768w, https:\/\/www.minerva-calibration.com\/wp-content\/uploads\/2017\/07\/Minerva00115-683x1024.jpg 683w, https:\/\/www.minerva-calibration.com\/wp-content\/uploads\/2017\/07\/Minerva00115-16x24.jpg 16w, https:\/\/www.minerva-calibration.com\/wp-content\/uploads\/2017\/07\/Minerva00115-24x36.jpg 24w, https:\/\/www.minerva-calibration.com\/wp-content\/uploads\/2017\/07\/Minerva00115-32x48.jpg 32w, https:\/\/www.minerva-calibration.com\/wp-content\/uploads\/2017\/07\/Minerva00115.jpg 896w\" sizes=\"(max-width: 376px) 100vw, 376px\" \/><\/strong><\/h3>\n<h3>Notre vision<\/h3>\n<p>Notre ambition est de devenir un acteur renomm\u00e9 et haut de gamme en m\u00e9trologie. Nous nous effor\u00e7ons chaque jour d\u2019\u00eatre un partenaire de confiance et transparent pour nos clients. Pour leur offrir des solutions de calibration simples et innovantes.<\/p>\n<p>Nous sommes heureux d\u2019aider nos clients \u00e0 accomplir des t\u00e2ches pr\u00e9cises et s\u00fbres en limitant un maximum les temps d\u2019arr\u00eat.\u00a0Issu de l\u2019industrie automobile, nous sommes pr\u00e9sents sur le march\u00e9 de la m\u00e9trologie de pression haut de gamme depuis les ann\u00e9es 1980.<\/p>\n<p>Notre mission est d\u2019assurer la vente, l\u2019entretien et la maintenance professionnelle\u00a0d\u2019\u00e9quipements de calibration de haute pr\u00e9cision.<\/p>\n<h2>Qui sont nos clients et quels sont nos march\u00e9s ?<\/h2>\n<p>Notre client\u00e8le nationale et internationale, prestigieuse et exigeante, compte des industries de l\u2019a\u00e9rospatial, de l\u2019instrumentation, du p\u00e9trole et gaz, de la production d\u2019\u00e9nergie, de produits pharmaceutiques et de nombreux instituts nationaux de m\u00e9trologie.<\/p>\n<p>[\/et_pb_text][\/et_pb_column][\/et_pb_row][\/et_pb_section][et_pb_section bb_built=\u00a0\u00bb1&Prime; _builder_version=\u00a0\u00bb3.0.69&Prime;][et_pb_row custom_padding=\u00a0\u00bb7px|0px|37px|0px\u00a0\u00bb _builder_version=\u00a0\u00bb3.0.69&Prime;][et_pb_column type=\u00a0\u00bb1_2&Prime;][et_pb_text _builder_version=\u00a0\u00bb3.0.76&Prime; background_layout=\u00a0\u00bblight\u00a0\u00bb border_style=\u00a0\u00bbsolid\u00a0\u00bb]<\/p>\n<p><strong>Nos services en EMEA et dans le monde :<\/strong><\/p>\n<ul>\n<li>Services de calibration et de r\u00e9paration,<\/li>\n<li>Formation &amp; Conseil<\/li>\n<li><a href=\"\/product-category\/minerva-products\/\">fourniture de produits de calibration Minerva<\/a><\/li>\n<li>projets cl\u00e9 en main<\/li>\n<\/ul>\n<p>[\/et_pb_text][\/et_pb_column][et_pb_column type=\u00a0\u00bb1_2&Prime;][et_pb_text _builder_version=\u00a0\u00bb3.0.76&Prime; background_layout=\u00a0\u00bblight\u00a0\u00bb border_style=\u00a0\u00bbsolid\u00a0\u00bb]<\/p>\n<p><strong>Nos services aux Pays-Bas, Belgique et Luxembourg :<\/strong><\/p>\n<ul>\n<li>Services de calibration et de r\u00e9paration<\/li>\n<li>Formation &amp; Conseil<\/li>\n<li>fourniture <a href=\"\/products\/\">de produits de calibration Fluke et Minerva<\/a><\/li>\n<\/ul>\n<p>[\/et_pb_text][\/et_pb_column][\/et_pb_row][\/et_pb_section][et_pb_section bb_built=\u00a0\u00bb1&Prime; background_color=\u00a0\u00bb#e0e0e0&Prime; _builder_version=\u00a0\u00bb3.0.69&Prime; custom_padding=\u00a0\u00bb22px|0px|19px|0px\u00a0\u00bb][et_pb_row make_equal=\u00a0\u00bbon\u00a0\u00bb _builder_version=\u00a0\u00bb3.0.59&Prime;][et_pb_column type=\u00a0\u00bb1_3&Prime;][et_pb_blurb title=\u00a0\u00bbSollicitez notre \u00e9quipe\u00a0\u00bb url=\u00a0\u00bb\/about-us\/team\u00a0\u00bb use_icon=\u00a0\u00bbon\u00a0\u00bb font_icon=\u00a0\u00bb%%305%%\u00a0\u00bb use_circle=\u00a0\u00bbon\u00a0\u00bb circle_color=\u00a0\u00bb#ffffff\u00a0\u00bb use_circle_border=\u00a0\u00bbon\u00a0\u00bb _builder_version=\u00a0\u00bb3.0.76&Prime; background_color=\u00a0\u00bb#ffffff\u00a0\u00bb max_width_tablet=\u00a0\u00bb50px\u00a0\u00bb custom_padding=\u00a0\u00bb15px|15px|15px|15px\u00a0\u00bb url_new_window=\u00a0\u00bboff\u00a0\u00bb icon_placement=\u00a0\u00bbtop\u00a0\u00bb use_icon_font_size=\u00a0\u00bboff\u00a0\u00bb background_layout=\u00a0\u00bblight\u00a0\u00bb border_style=\u00a0\u00bbsolid\u00a0\u00bb]<\/p>\n<p>Ces dix derni\u00e8res ann\u00e9es, notre \u00e9quipe s\u2019est \u00e9toff\u00e9e et compte d\u00e9sormais 20 professionnels, dont des sp\u00e9cialistes techniques et des professionnels du service client\u00e8le.<\/p>\n<p>Nous sommes pr\u00eats \u00e0 vous aider !<\/p>\n<p>[\/et_pb_blurb][\/et_pb_column][et_pb_column type=\u00a0\u00bb1_3&Prime;][et_pb_blurb title=\u00a0\u00bbConsultez nos postes \u00e0 pourvoir\u00a0\u00bb url=\u00a0\u00bb\/about-us\/vacancies\u00a0\u00bb use_icon=\u00a0\u00bbon\u00a0\u00bb font_icon=\u00a0\u00bb%%75%%\u00a0\u00bb use_circle=\u00a0\u00bbon\u00a0\u00bb circle_color=\u00a0\u00bb#ffffff\u00a0\u00bb use_circle_border=\u00a0\u00bbon\u00a0\u00bb _builder_version=\u00a0\u00bb3.0.76&Prime; background_color=\u00a0\u00bb#ffffff\u00a0\u00bb max_width_tablet=\u00a0\u00bb50px\u00a0\u00bb custom_padding=\u00a0\u00bb15px|15px|15px|15px\u00a0\u00bb url_new_window=\u00a0\u00bboff\u00a0\u00bb icon_placement=\u00a0\u00bbtop\u00a0\u00bb use_icon_font_size=\u00a0\u00bboff\u00a0\u00bb background_layout=\u00a0\u00bblight\u00a0\u00bb border_style=\u00a0\u00bbsolid\u00a0\u00bb]<\/p>\n<p>Notre \u00e9quipe a une mission claire : offrir \u00e0 nos clients des services et des produits de calibration de pression de grande qualit\u00e9, tout en garantissant une tra\u00e7abilit\u00e9 facile et fiable, du vide jusqu\u2019\u00e0 de tr\u00e8s hautes pressions. Voulez-vous rejoindre notre \u00e9quipe ?<\/p>\n<p>[\/et_pb_blurb][\/et_pb_column][et_pb_column type=\u00a0\u00bb1_3&Prime;][et_pb_number_counter title=\u00a0\u00bbNous sommes fiers que ces entreprises soient nos clients\u00a0\u00bb number=\u00a0\u00bb803&Prime; percent_sign=\u00a0\u00bboff\u00a0\u00bb _builder_version=\u00a0\u00bb3.0.76&Prime; background_color=\u00a0\u00bb#ffffff\u00a0\u00bb custom_padding=\u00a0\u00bb15px|15px|15px|15px\u00a0\u00bb background_layout=\u00a0\u00bblight\u00a0\u00bb number_text_color=\u00a0\u00bb#399947&Prime; border_style=\u00a0\u00bbsolid\u00a0\u00bb \/][et_pb_button button_text=\u00a0\u00bbVoir les r\u00e9f\u00e9rences\u00a0\u00bb button_alignment=\u00a0\u00bbcenter\u00a0\u00bb _builder_version=\u00a0\u00bb3.0.76&Prime; url_new_window=\u00a0\u00bboff\u00a0\u00bb background_layout=\u00a0\u00bblight\u00a0\u00bb custom_button=\u00a0\u00bboff\u00a0\u00bb button_border_width=\u00a0\u00bb0&Prime; button_border_radius=\u00a0\u00bb0&Prime; button_letter_spacing=\u00a0\u00bb0&Prime; button_icon_placement=\u00a0\u00bbright\u00a0\u00bb button_letter_spacing_hover=\u00a0\u00bb0&Prime; button_url=\u00a0\u00bbhttps:\/\/www.minerva-calibration.com\/fr\/notre-entreprise\/clientele\/\u00a0\u00bb \/][\/et_pb_column][\/et_pb_row][\/et_pb_section]<\/p>\n","protected":false},"excerpt":{"rendered":"<p>Minerva a pour mission de fournir les meilleurs services de calibration et de garantir la tra\u00e7abilit\u00e9 \u00e0 nos clients en toute facilit\u00e9.<\/p>\n","protected":false},"author":1,"featured_media":0,"parent":0,"menu_order":0,"comment_status":"closed","ping_status":"closed","template":"","meta":{"_acf_changed":false,"_et_pb_use_builder":"on","_et_pb_old_content":"","_et_gb_content_width":"","footnotes":""},"class_list":["post-33895","page","type-page","status-publish","hentry"],"acf":[],"yoast_head":"<!-- This site is optimized with the Yoast SEO plugin v27.3 - https:\/\/yoast.com\/product\/yoast-seo-wordpress\/ -->\n<title>\u00e0 propos de notre entreprise &#8212; Minerva Metrology &amp; Calibration<\/title>\n<meta name=\"robots\" content=\"index, follow, max-snippet:-1, max-image-preview:large, max-video-preview:-1\" \/>\n<link rel=\"canonical\" href=\"https:\/\/www.minerva-calibration.com\/fr\/notre-entreprise\/\" \/>\n<meta property=\"og:locale\" content=\"fr_FR\" \/>\n<meta property=\"og:type\" content=\"article\" \/>\n<meta property=\"og:title\" content=\"\u00e0 propos de notre entreprise &#8212; Minerva Metrology &amp; Calibration\" \/>\n<meta property=\"og:description\" content=\"Minerva a pour mission de fournir les meilleurs services de calibration et de garantir la tra\u00e7abilit\u00e9 \u00e0 nos clients en toute facilit\u00e9.\" \/>\n<meta property=\"og:url\" content=\"https:\/\/www.minerva-calibration.com\/fr\/notre-entreprise\/\" \/>\n<meta property=\"og:site_name\" content=\"Minerva Metrology &amp; Calibration\" \/>\n<meta property=\"article:publisher\" content=\"https:\/\/www.facebook.com\/minervametrology\/\" \/>\n<meta property=\"article:modified_time\" content=\"2018-09-05T09:20:17+00:00\" \/>\n<meta property=\"og:image\" content=\"http:\/\/minerva-calibration.com\/wp-content\/uploads\/2017\/07\/Minerva00115-400x600.jpg\" \/>\n<meta name=\"twitter:card\" content=\"summary_large_image\" \/>\n<meta name=\"twitter:site\" content=\"@Minerva_Cal\" \/>\n<meta name=\"twitter:label1\" content=\"Dur\u00e9e de lecture estim\u00e9e\" \/>\n\t<meta name=\"twitter:data1\" content=\"5 minutes\" \/>\n<script type=\"application\/ld+json\" class=\"yoast-schema-graph\">{\"@context\":\"https:\\\/\\\/schema.org\",\"@graph\":[{\"@type\":\"WebPage\",\"@id\":\"https:\\\/\\\/www.minerva-calibration.com\\\/fr\\\/notre-entreprise\\\/\",\"url\":\"https:\\\/\\\/www.minerva-calibration.com\\\/fr\\\/notre-entreprise\\\/\",\"name\":\"\u00e0 propos de notre entreprise &#8212; Minerva Metrology &amp; Calibration\",\"isPartOf\":{\"@id\":\"https:\\\/\\\/www.minerva-calibration.com\\\/#website\"},\"primaryImageOfPage\":{\"@id\":\"https:\\\/\\\/www.minerva-calibration.com\\\/fr\\\/notre-entreprise\\\/#primaryimage\"},\"image\":{\"@id\":\"https:\\\/\\\/www.minerva-calibration.com\\\/fr\\\/notre-entreprise\\\/#primaryimage\"},\"thumbnailUrl\":\"http:\\\/\\\/minerva-calibration.com\\\/wp-content\\\/uploads\\\/2017\\\/07\\\/Minerva00115-400x600.jpg\",\"datePublished\":\"2017-07-13T10:05:57+00:00\",\"dateModified\":\"2018-09-05T09:20:17+00:00\",\"inLanguage\":\"fr-FR\",\"potentialAction\":[{\"@type\":\"ReadAction\",\"target\":[\"https:\\\/\\\/www.minerva-calibration.com\\\/fr\\\/notre-entreprise\\\/\"]}]},{\"@type\":\"ImageObject\",\"inLanguage\":\"fr-FR\",\"@id\":\"https:\\\/\\\/www.minerva-calibration.com\\\/fr\\\/notre-entreprise\\\/#primaryimage\",\"url\":\"http:\\\/\\\/minerva-calibration.com\\\/wp-content\\\/uploads\\\/2017\\\/07\\\/Minerva00115-400x600.jpg\",\"contentUrl\":\"http:\\\/\\\/minerva-calibration.com\\\/wp-content\\\/uploads\\\/2017\\\/07\\\/Minerva00115-400x600.jpg\"},{\"@type\":\"WebSite\",\"@id\":\"https:\\\/\\\/www.minerva-calibration.com\\\/#website\",\"url\":\"https:\\\/\\\/www.minerva-calibration.com\\\/\",\"name\":\"Minerva Metrology &amp; Calibration\",\"description\":\"Specialised in high accuracy calibrations\",\"potentialAction\":[{\"@type\":\"SearchAction\",\"target\":{\"@type\":\"EntryPoint\",\"urlTemplate\":\"https:\\\/\\\/www.minerva-calibration.com\\\/?s={search_term_string}\"},\"query-input\":{\"@type\":\"PropertyValueSpecification\",\"valueRequired\":true,\"valueName\":\"search_term_string\"}}],\"inLanguage\":\"fr-FR\"}]}<\/script>\n<!-- \/ Yoast SEO plugin. -->","yoast_head_json":{"title":"\u00e0 propos de notre entreprise &#8212; Minerva Metrology &amp; Calibration","robots":{"index":"index","follow":"follow","max-snippet":"max-snippet:-1","max-image-preview":"max-image-preview:large","max-video-preview":"max-video-preview:-1"},"canonical":"https:\/\/www.minerva-calibration.com\/fr\/notre-entreprise\/","og_locale":"fr_FR","og_type":"article","og_title":"\u00e0 propos de notre entreprise &#8212; Minerva Metrology &amp; Calibration","og_description":"Minerva a pour mission de fournir les meilleurs services de calibration et de garantir la tra\u00e7abilit\u00e9 \u00e0 nos clients en toute facilit\u00e9.","og_url":"https:\/\/www.minerva-calibration.com\/fr\/notre-entreprise\/","og_site_name":"Minerva Metrology &amp; Calibration","article_publisher":"https:\/\/www.facebook.com\/minervametrology\/","article_modified_time":"2018-09-05T09:20:17+00:00","og_image":[{"url":"http:\/\/minerva-calibration.com\/wp-content\/uploads\/2017\/07\/Minerva00115-400x600.jpg","type":"","width":"","height":""}],"twitter_card":"summary_large_image","twitter_site":"@Minerva_Cal","twitter_misc":{"Dur\u00e9e de lecture estim\u00e9e":"5 minutes"},"schema":{"@context":"https:\/\/schema.org","@graph":[{"@type":"WebPage","@id":"https:\/\/www.minerva-calibration.com\/fr\/notre-entreprise\/","url":"https:\/\/www.minerva-calibration.com\/fr\/notre-entreprise\/","name":"\u00e0 propos de notre entreprise &#8212; Minerva Metrology &amp; Calibration","isPartOf":{"@id":"https:\/\/www.minerva-calibration.com\/#website"},"primaryImageOfPage":{"@id":"https:\/\/www.minerva-calibration.com\/fr\/notre-entreprise\/#primaryimage"},"image":{"@id":"https:\/\/www.minerva-calibration.com\/fr\/notre-entreprise\/#primaryimage"},"thumbnailUrl":"http:\/\/minerva-calibration.com\/wp-content\/uploads\/2017\/07\/Minerva00115-400x600.jpg","datePublished":"2017-07-13T10:05:57+00:00","dateModified":"2018-09-05T09:20:17+00:00","inLanguage":"fr-FR","potentialAction":[{"@type":"ReadAction","target":["https:\/\/www.minerva-calibration.com\/fr\/notre-entreprise\/"]}]},{"@type":"ImageObject","inLanguage":"fr-FR","@id":"https:\/\/www.minerva-calibration.com\/fr\/notre-entreprise\/#primaryimage","url":"http:\/\/minerva-calibration.com\/wp-content\/uploads\/2017\/07\/Minerva00115-400x600.jpg","contentUrl":"http:\/\/minerva-calibration.com\/wp-content\/uploads\/2017\/07\/Minerva00115-400x600.jpg"},{"@type":"WebSite","@id":"https:\/\/www.minerva-calibration.com\/#website","url":"https:\/\/www.minerva-calibration.com\/","name":"Minerva Metrology &amp; Calibration","description":"Specialised in high accuracy calibrations","potentialAction":[{"@type":"SearchAction","target":{"@type":"EntryPoint","urlTemplate":"https:\/\/www.minerva-calibration.com\/?s={search_term_string}"},"query-input":{"@type":"PropertyValueSpecification","valueRequired":true,"valueName":"search_term_string"}}],"inLanguage":"fr-FR"}]}},"_links":{"self":[{"href":"https:\/\/www.minerva-calibration.com\/fr\/wp-json\/wp\/v2\/pages\/33895","targetHints":{"allow":["GET"]}}],"collection":[{"href":"https:\/\/www.minerva-calibration.com\/fr\/wp-json\/wp\/v2\/pages"}],"about":[{"href":"https:\/\/www.minerva-calibration.com\/fr\/wp-json\/wp\/v2\/types\/page"}],"author":[{"embeddable":true,"href":"https:\/\/www.minerva-calibration.com\/fr\/wp-json\/wp\/v2\/users\/1"}],"replies":[{"embeddable":true,"href":"https:\/\/www.minerva-calibration.com\/fr\/wp-json\/wp\/v2\/comments?post=33895"}],"version-history":[{"count":6,"href":"https:\/\/www.minerva-calibration.com\/fr\/wp-json\/wp\/v2\/pages\/33895\/revisions"}],"predecessor-version":[{"id":42146,"href":"https:\/\/www.minerva-calibration.com\/fr\/wp-json\/wp\/v2\/pages\/33895\/revisions\/42146"}],"wp:attachment":[{"href":"https:\/\/www.minerva-calibration.com\/fr\/wp-json\/wp\/v2\/media?parent=33895"}],"curies":[{"name":"wp","href":"https:\/\/api.w.org\/{rel}","templated":true}]}}