{"id":33910,"date":"2017-07-13T09:05:26","date_gmt":"2017-07-13T09:05:26","guid":{"rendered":"https:\/\/www.minerva-calibration.com\/calibration-and-repair-services\/"},"modified":"2025-07-07T23:19:53","modified_gmt":"2025-07-07T21:19:53","slug":"services-detalonnage-reparation","status":"publish","type":"page","link":"https:\/\/www.minerva-calibration.com\/fr\/services-detalonnage-reparation\/","title":{"rendered":"Services d&rsquo;\u00e9talonnage et de r\u00e9paration"},"content":{"rendered":"<p>[et_pb_section fb_built=\u00a0\u00bb1&Prime; _builder_version=\u00a0\u00bb4.16&Prime; background_color=\u00a0\u00bb#399947&Prime; use_background_color_gradient=\u00a0\u00bbon\u00a0\u00bb background_image=\u00a0\u00bbhttps:\/\/www.minerva-calibration.com\/wp-content\/uploads\/2017\/06\/Minerva00092.jpg\u00a0\u00bb custom_padding=\u00a0\u00bb22px|0px|31px|0px\u00a0\u00bb global_colors_info=\u00a0\u00bb{}\u00a0\u00bb][et_pb_row _builder_version=\u00a0\u00bb4.16&Prime; global_colors_info=\u00a0\u00bb{}\u00a0\u00bb][et_pb_column type=\u00a0\u00bb4_4&Prime; _builder_version=\u00a0\u00bb4.16&Prime; custom_padding=\u00a0\u00bb|||\u00a0\u00bb global_colors_info=\u00a0\u00bb{}\u00a0\u00bb custom_padding__hover=\u00a0\u00bb|||\u00a0\u00bb][et_pb_post_title meta=\u00a0\u00bboff\u00a0\u00bb featured_image=\u00a0\u00bboff\u00a0\u00bb _builder_version=\u00a0\u00bb4.16&Prime; title_text_color=\u00a0\u00bb#ffffff\u00a0\u00bb title_font_size=\u00a0\u00bb40px\u00a0\u00bb global_colors_info=\u00a0\u00bb{}\u00a0\u00bb][\/et_pb_post_title][\/et_pb_column][\/et_pb_row][\/et_pb_section][et_pb_section fb_built=\u00a0\u00bb1&Prime; _builder_version=\u00a0\u00bb4.16&Prime; custom_padding=\u00a0\u00bb0px|0px|0px|0px\u00a0\u00bb global_colors_info=\u00a0\u00bb{}\u00a0\u00bb][et_pb_row _builder_version=\u00a0\u00bb4.16&Prime; global_colors_info=\u00a0\u00bb{}\u00a0\u00bb][et_pb_column type=\u00a0\u00bb4_4&Prime; _builder_version=\u00a0\u00bb4.16&Prime; custom_padding=\u00a0\u00bb|||\u00a0\u00bb global_colors_info=\u00a0\u00bb{}\u00a0\u00bb custom_padding__hover=\u00a0\u00bb|||\u00a0\u00bb][et_pb_dcsbcm_divi_breadcrumbs_module separator=\u00a0\u00bbsep-arrow\u00a0\u00bb hide_currentbreadcrumb=\u00a0\u00bboff\u00a0\u00bb _builder_version=\u00a0\u00bb4.16&Prime; fontsbreadcrumbs_text_color=\u00a0\u00bb#399947&Prime; fontsseperator_text_color=\u00a0\u00bb#399947&Prime; fontsseperator_font_size=\u00a0\u00bb18&Prime; fontsbreadcrumblinks_text_color=\u00a0\u00bb#399947&Prime; custom_margin=\u00a0\u00bb|20px||\u00a0\u00bb fontsbreadcrumbs_font_size_tablet=\u00a0\u00bb51&Prime; fontsbreadcrumbs_line_height_tablet=\u00a0\u00bb2&Prime; fontsseperator_font_size_tablet=\u00a0\u00bb51&Prime; fontsseperator_line_height_tablet=\u00a0\u00bb2&Prime; fontsbreadcrumblinks_font_size_tablet=\u00a0\u00bb51&Prime; fontsbreadcrumblinks_line_height_tablet=\u00a0\u00bb2&Prime; global_colors_info=\u00a0\u00bb{}\u00a0\u00bb]<\/p>\n<div class=\"dcsbcm_divi_breadcrumbs_wrapper clearfix et_pb_module et_pb_bg_layout_light et_pb_dcsbcm_divi_breadcrumbs_module_1\">\n<div class=\"dcsbcm_divi_breadcrumbs\"><span class=\"dcsbcm_divi_breadcrumb\"><a href=\"https:\/\/www.minerva-calibration.com\/\" rel=\"v:url\">Home<\/a><\/span><span class=\"dcsbcm_separator\">\u00a0\u2192\u00a0<\/span><\/div>\n<\/div>\n<p><!-- .dcsbcm_divi_breadcrumbs_wrapper --><br \/>\n[\/et_pb_dcsbcm_divi_breadcrumbs_module][\/et_pb_column][\/et_pb_row][et_pb_row _builder_version=\u00a0\u00bb4.16&Prime; custom_padding=\u00a0\u00bb3px|0px|6px|0px\u00a0\u00bb global_colors_info=\u00a0\u00bb{}\u00a0\u00bb][et_pb_column type=\u00a0\u00bb4_4&Prime; _builder_version=\u00a0\u00bb4.16&Prime; custom_padding=\u00a0\u00bb|||\u00a0\u00bb global_colors_info=\u00a0\u00bb{}\u00a0\u00bb custom_padding__hover=\u00a0\u00bb|||\u00a0\u00bb][et_pb_text _builder_version=\u00a0\u00bb4.16&Prime; border_style=\u00a0\u00bbsolid\u00a0\u00bb global_colors_info=\u00a0\u00bb{}\u00a0\u00bb]<\/p>\n<h1>Garantir une tra\u00e7abilit\u00e9 facile<\/h1>\n<p><strong>Ce n\u2019est jamais simple d\u2019envoyer ses instruments pour r\u00e9paration ou calibration. C\u2019est pourquoi les \u00e9quipes de Minerva sont form\u00e9es pour assurer un service rapide, professionnel et transparent. D\u00e8s l\u2019arriv\u00e9e de votre appareil dans notre labo, jusqu\u2019\u00e0 son retour dans vos locaux, le processus est clair et fiable :<\/strong><\/p>\n<p><img decoding=\"async\" class=\"wp-image-25127 size-full aligncenter\" src=\"https:\/\/www.minerva-calibration.com\/wp-content\/uploads\/2017\/06\/proces-Minerva-calibrations-1.png\" alt=\"process Minerva calibrations\" width=\"745\" height=\"279\" srcset=\"https:\/\/www.minerva-calibration.com\/wp-content\/uploads\/2017\/06\/proces-Minerva-calibrations-1.png 745w, https:\/\/www.minerva-calibration.com\/wp-content\/uploads\/2017\/06\/proces-Minerva-calibrations-1-510x191.png 510w, https:\/\/www.minerva-calibration.com\/wp-content\/uploads\/2017\/06\/proces-Minerva-calibrations-1-300x112.png 300w\" sizes=\"(max-width: 745px) 100vw, 745px\" \/><\/p>\n<p>Vous pouvez contr\u00f4ler l\u2019avancement du service sur votre <a href=\"https:\/\/www.minerva-calibration.com\/fr\/offre\/\">portail en ligne personnel Minerva<\/a>.<\/p>\n<p>A l\u2019arriv\u00e9e de votre instrument, le responsable de maintenance le v\u00e9rifie et le documente (photos \u00e0 l\u2019appui). Cela garantit un contr\u00f4le fiable de votre appareil avant sa maintenance et son nettoyage.\u00a0Pour finir, votre instrument est consciencieusement emball\u00e9 et exp\u00e9di\u00e9.<br \/>\n[\/et_pb_text][\/et_pb_column][\/et_pb_row][et_pb_row column_structure=\u00a0\u00bb1_2,1_4,1_4&Prime; _builder_version=\u00a0\u00bb4.16&Prime; global_colors_info=\u00a0\u00bb{}\u00a0\u00bb][et_pb_column type=\u00a0\u00bb1_2&Prime; _builder_version=\u00a0\u00bb4.16&Prime; custom_padding=\u00a0\u00bb|||\u00a0\u00bb global_colors_info=\u00a0\u00bb{}\u00a0\u00bb custom_padding__hover=\u00a0\u00bb|||\u00a0\u00bb][et_pb_text _builder_version=\u00a0\u00bb4.16&Prime; border_style=\u00a0\u00bbsolid\u00a0\u00bb global_colors_info=\u00a0\u00bb{}\u00a0\u00bb]<\/p>\n<h2>Garantir un service rapide et d\u2019excellence :<\/h2>\n<ul>\n<li>Un guichet unique pour la r\u00e9paration et la calibration<\/li>\n<li>La maintenance respecte les sp\u00e9cifications du constructeur<\/li>\n<li>La maintenance pr\u00e9ventive est bas\u00e9e sur des informations historiques<\/li>\n<li>Restez inform\u00e9 de toutes les \u00e9tapes du cycle d\u2019entretien par email ou sur le portail en ligne.<\/li>\n<li>Labo certifi\u00e9 ISO\/IEC 17025 et personnel sp\u00e9cialis\u00e9.<\/li>\n<\/ul>\n<p>[\/et_pb_text][\/et_pb_column][et_pb_column type=\u00a0\u00bb1_4&Prime; _builder_version=\u00a0\u00bb4.16&Prime; custom_padding=\u00a0\u00bb|||\u00a0\u00bb global_colors_info=\u00a0\u00bb{}\u00a0\u00bb custom_padding__hover=\u00a0\u00bb|||\u00a0\u00bb][et_pb_cta title=\u00a0\u00bbNotre port\u00e9e\u00a0\u00bb button_url=\u00a0\u00bb\/wp-content\/uploads\/2019\/10\/Minvervas-Technical-Scope-2019fa.pdf\u00a0\u00bb url_new_window=\u00a0\u00bbon\u00a0\u00bb button_text=\u00a0\u00bbT\u00e9l\u00e9charger\u00a0\u00bb _builder_version=\u00a0\u00bb3.27.3&Prime; header_font=\u00a0\u00bb||||\u00a0\u00bb body_font=\u00a0\u00bb||||\u00a0\u00bb body_text_color=\u00a0\u00bb#ffffff\u00a0\u00bb body_font_size=\u00a0\u00bb14&Prime; body_line_height=\u00a0\u00bb1.7em\u00a0\u00bb max_width=\u00a0\u00bb100%\u00a0\u00bb max_width_tablet=\u00a0\u00bb50px\u00a0\u00bb max_width_phone=\u00a0\u00bb50px\u00a0\u00bb header_font_size_tablet=\u00a0\u00bb26&Prime; header_font_size_phone=\u00a0\u00bb26&Prime; header_letter_spacing_tablet=\u00a0\u00bb0px\u00a0\u00bb header_letter_spacing_phone=\u00a0\u00bb0px\u00a0\u00bb header_line_height_tablet=\u00a0\u00bb1em\u00a0\u00bb header_line_height_phone=\u00a0\u00bb1em\u00a0\u00bb body_font_size_tablet=\u00a0\u00bb14&Prime; body_font_size_phone=\u00a0\u00bb14&Prime; body_letter_spacing_tablet=\u00a0\u00bb0px\u00a0\u00bb body_letter_spacing_phone=\u00a0\u00bb0px\u00a0\u00bb body_line_height_tablet=\u00a0\u00bb1.7em\u00a0\u00bb body_line_height_phone=\u00a0\u00bb1.7em\u00a0\u00bb button_text_size_tablet=\u00a0\u00bb18&Prime; button_text_size_phone=\u00a0\u00bb18&Prime; button_letter_spacing_tablet=\u00a0\u00bb0&Prime; button_letter_spacing_phone=\u00a0\u00bb0&Prime; use_border_color=\u00a0\u00bboff\u00a0\u00bb border_color=\u00a0\u00bb#ffffff\u00a0\u00bb border_width=\u00a0\u00bb1px\u00a0\u00bb border_style=\u00a0\u00bbsolid\u00a0\u00bb button_border_radius_hover=\u00a0\u00bb3&Prime; button_letter_spacing_hover=\u00a0\u00bb0&Prime; global_module=\u00a0\u00bb33833&Prime; global_colors_info=\u00a0\u00bb{}\u00a0\u00bb button_letter_spacing_hover_tablet=\u00a0\u00bb0&Prime; button_letter_spacing_hover_phone=\u00a0\u00bb0&Prime; button_text_size__hover_enabled=\u00a0\u00bboff\u00a0\u00bb button_one_text_size__hover_enabled=\u00a0\u00bboff\u00a0\u00bb button_two_text_size__hover_enabled=\u00a0\u00bboff\u00a0\u00bb button_text_color__hover_enabled=\u00a0\u00bboff\u00a0\u00bb button_one_text_color__hover_enabled=\u00a0\u00bboff\u00a0\u00bb button_two_text_color__hover_enabled=\u00a0\u00bboff\u00a0\u00bb button_border_width__hover_enabled=\u00a0\u00bboff\u00a0\u00bb button_one_border_width__hover_enabled=\u00a0\u00bboff\u00a0\u00bb button_two_border_width__hover_enabled=\u00a0\u00bboff\u00a0\u00bb button_border_color__hover_enabled=\u00a0\u00bboff\u00a0\u00bb button_one_border_color__hover_enabled=\u00a0\u00bboff\u00a0\u00bb button_two_border_color__hover_enabled=\u00a0\u00bboff\u00a0\u00bb button_border_radius__hover_enabled=\u00a0\u00bbon\u00a0\u00bb button_border_radius__hover=\u00a0\u00bb3&Prime; button_one_border_radius__hover_enabled=\u00a0\u00bboff\u00a0\u00bb button_two_border_radius__hover_enabled=\u00a0\u00bboff\u00a0\u00bb button_letter_spacing__hover_enabled=\u00a0\u00bbon\u00a0\u00bb button_letter_spacing__hover=\u00a0\u00bb0&Prime; button_one_letter_spacing__hover_enabled=\u00a0\u00bboff\u00a0\u00bb button_two_letter_spacing__hover_enabled=\u00a0\u00bboff\u00a0\u00bb button_bg_color__hover_enabled=\u00a0\u00bboff\u00a0\u00bb button_one_bg_color__hover_enabled=\u00a0\u00bboff\u00a0\u00bb button_two_bg_color__hover_enabled=\u00a0\u00bboff\u00a0\u00bb]<\/p>\n<p><a href=\"https:\/\/www.minerva-calibration.com\/wp-content\/uploads\/2019\/10\/Minvervas-Technical-Scope-2019fa.pdf\" target=\"_blank\" rel=\"noopener noreferrer\"><img decoding=\"async\" class=\"aligncenter wp-image-33835 size-thumbnail\" title=\"technical scope minerva\" src=\"https:\/\/www.minerva-calibration.com\/wp-content\/uploads\/2017\/09\/Scope-FR-150x150.png\" alt=\"port\u00e9e\" width=\"150\" height=\"150\" \/><\/a><\/p>\n<p>[\/et_pb_cta][\/et_pb_column][et_pb_column type=\u00a0\u00bb1_4&Prime; _builder_version=\u00a0\u00bb4.16&Prime; custom_padding=\u00a0\u00bb|||\u00a0\u00bb global_colors_info=\u00a0\u00bb{}\u00a0\u00bb custom_padding__hover=\u00a0\u00bb|||\u00a0\u00bb][\/et_pb_column][\/et_pb_row][\/et_pb_section][et_pb_section fb_built=\u00a0\u00bb1&Prime; _builder_version=\u00a0\u00bb4.16&Prime; background_color=\u00a0\u00bb#e0e0e0&Prime; custom_padding=\u00a0\u00bb22px|0px|19px|0px\u00a0\u00bb global_colors_info=\u00a0\u00bb{}\u00a0\u00bb][et_pb_row column_structure=\u00a0\u00bb1_3,1_3,1_3&Prime; make_equal=\u00a0\u00bbon\u00a0\u00bb _builder_version=\u00a0\u00bb4.16&Prime; global_colors_info=\u00a0\u00bb{}\u00a0\u00bb][et_pb_column type=\u00a0\u00bb1_3&Prime; _builder_version=\u00a0\u00bb4.16&Prime; custom_padding=\u00a0\u00bb|||\u00a0\u00bb global_colors_info=\u00a0\u00bb{}\u00a0\u00bb custom_padding__hover=\u00a0\u00bb|||\u00a0\u00bb][et_pb_text _builder_version=\u00a0\u00bb4.16&Prime; background_color=\u00a0\u00bb#ffffff\u00a0\u00bb custom_margin=\u00a0\u00bb|||\u00a0\u00bb custom_padding=\u00a0\u00bb20px|20px|20px|20px\u00a0\u00bb border_style=\u00a0\u00bbsolid\u00a0\u00bb global_colors_info=\u00a0\u00bb{}\u00a0\u00bb]<strong>Plus d\u2019informations :<\/strong><\/p>\n<ul>\n<li><a href=\"https:\/\/www.minerva-calibration.com\/fr\/services-detalonnage-reparation\/services-detalonnage\/\">Services de calibration<\/a><\/li>\n<li><a href=\"https:\/\/www.minerva-calibration.com\/fr\/services-detalonnage-reparation\/services-reparation\/\">Services de r\u00e9paration<\/a><\/li>\n<li><a href=\"https:\/\/www.minerva-calibration.com\/fr\/notre-entreprise\/laboratoire-detalonnage-accredite\/\">Labo de calibration certifi\u00e9<\/a><\/li>\n<li><a href=\"https:\/\/www.minerva-calibration.com\/fr\/services-detalonnage-reparation\/fluke-service-center\/\">Centre de service Fluke Calibration agr\u00e9\u00e9<\/a><\/li>\n<\/ul>\n<p>[\/et_pb_text][\/et_pb_column][et_pb_column type=\u00a0\u00bb1_3&Prime; _builder_version=\u00a0\u00bb4.16&Prime; custom_padding=\u00a0\u00bb|||\u00a0\u00bb global_colors_info=\u00a0\u00bb{}\u00a0\u00bb custom_padding__hover=\u00a0\u00bb|||\u00a0\u00bb][et_pb_blurb title=\u00a0\u00bbN&rsquo;h\u00e9sitez pas \u00e0 nous contacter!\u00a0\u00bb url=\u00a0\u00bb\/contact\u00a0\u00bb use_icon=\u00a0\u00bbon\u00a0\u00bb font_icon=\u00a0\u00bb&#xe010;||divi||400&Prime; image_icon_background_color=\u00a0\u00bb#ffffff\u00a0\u00bb image_icon_width=\u00a0\u00bb96px\u00a0\u00bb image_icon_width_tablet=\u00a0\u00bb96px\u00a0\u00bb image_icon_width_phone=\u00a0\u00bb96px\u00a0\u00bb content_max_width_tablet=\u00a0\u00bb550px\u00a0\u00bb content_max_width_phone=\u00a0\u00bb550px\u00a0\u00bb admin_label=\u00a0\u00bbBlurb contact\u00a0\u00bb _builder_version=\u00a0\u00bb4.16&Prime; header_font=\u00a0\u00bb||||\u00a0\u00bb header_text_color=\u00a0\u00bb#ffffff\u00a0\u00bb body_font=\u00a0\u00bb||||\u00a0\u00bb body_font_size=\u00a0\u00bb14&Prime; body_line_height=\u00a0\u00bb1.7em\u00a0\u00bb background_color=\u00a0\u00bb#399947&Prime; image_icon_custom_padding=\u00a0\u00bb25px|25px|25px|25px|false|false\u00a0\u00bb text_orientation=\u00a0\u00bbcenter\u00a0\u00bb background_layout=\u00a0\u00bbdark\u00a0\u00bb max_width=\u00a0\u00bb100%\u00a0\u00bb max_width_tablet=\u00a0\u00bb100%\u00a0\u00bb max_width_phone=\u00a0\u00bb100%\u00a0\u00bb custom_margin=\u00a0\u00bb|||\u00a0\u00bb custom_margin_tablet=\u00a0\u00bb|||\u00a0\u00bb custom_margin_phone=\u00a0\u00bb|||\u00a0\u00bb custom_padding=\u00a0\u00bb40px|||\u00a0\u00bb custom_padding_tablet=\u00a0\u00bb40px|||\u00a0\u00bb custom_padding_phone=\u00a0\u00bb40px|||\u00a0\u00bb header_font_size_tablet=\u00a0\u00bb18&Prime; header_font_size_phone=\u00a0\u00bb18&Prime; header_letter_spacing_tablet=\u00a0\u00bb0px\u00a0\u00bb header_letter_spacing_phone=\u00a0\u00bb0px\u00a0\u00bb header_line_height_tablet=\u00a0\u00bb1em\u00a0\u00bb header_line_height_phone=\u00a0\u00bb1em\u00a0\u00bb body_font_size_tablet=\u00a0\u00bb14&Prime; body_font_size_phone=\u00a0\u00bb14&Prime; body_letter_spacing_tablet=\u00a0\u00bb0px\u00a0\u00bb body_letter_spacing_phone=\u00a0\u00bb0px\u00a0\u00bb body_line_height_tablet=\u00a0\u00bb1.7em\u00a0\u00bb body_line_height_phone=\u00a0\u00bb1.7em\u00a0\u00bb border_width_all=\u00a0\u00bb1px\u00a0\u00bb border_color_all=\u00a0\u00bb#ffffff\u00a0\u00bb border_style_all=\u00a0\u00bbsolid\u00a0\u00bb border_radii_image=\u00a0\u00bbon|100%|100%|100%|100%\u00a0\u00bb use_border_color=\u00a0\u00bbon\u00a0\u00bb border_color=\u00a0\u00bb#ffffff\u00a0\u00bb border_width=\u00a0\u00bb1px\u00a0\u00bb border_style=\u00a0\u00bbsolid\u00a0\u00bb image_max_width=\u00a0\u00bb100%\u00a0\u00bb icon_font_size=\u00a0\u00bb96px\u00a0\u00bb image_max_width_tablet=\u00a0\u00bb100%\u00a0\u00bb icon_font_size_tablet=\u00a0\u00bb96px\u00a0\u00bb image_max_width_phone=\u00a0\u00bb100%\u00a0\u00bb icon_font_size_phone=\u00a0\u00bb96px\u00a0\u00bb use_circle=\u00a0\u00bbon\u00a0\u00bb use_circle_border=\u00a0\u00bboff\u00a0\u00bb circle_border_color=\u00a0\u00bb#399947&Prime; circle_color=\u00a0\u00bb#ffffff\u00a0\u00bb global_module=\u00a0\u00bb27913&Prime; saved_tabs=\u00a0\u00bball\u00a0\u00bb global_colors_info=\u00a0\u00bb{}\u00a0\u00bb image_icon_background_color__sticky_enabled=\u00a0\u00bb#399947&Prime; image_icon_background_color__sticky=\u00a0\u00bb#399947&Prime;]<\/p>\n<p>Notre \u00e9quipe est \u00e0 votre disposition.<\/p>\n<p>[\/et_pb_blurb][\/et_pb_column][et_pb_column type=\u00a0\u00bb1_3&Prime; _builder_version=\u00a0\u00bb4.16&Prime; custom_padding=\u00a0\u00bb|||\u00a0\u00bb global_colors_info=\u00a0\u00bb{}\u00a0\u00bb custom_padding__hover=\u00a0\u00bb|||\u00a0\u00bb][et_pb_testimonial author=\u00a0\u00bbIan\u00a0\u00bb job_title=\u00a0\u00bbPurchasing Manager\u00a0\u00bb company_name=\u00a0\u00bbNOV Wellborne\u00a0\u00bb url=\u00a0\u00bbhttps:\/\/www.nov.com\/Segments\/Wellbore_Technologies.aspx\u00a0\u00bb url_new_window=\u00a0\u00bbon\u00a0\u00bb portrait_url=\u00a0\u00bbhttps:\/\/www.minerva-calibration.com\/wp-content\/uploads\/2017\/07\/NOV-logo.png\u00a0\u00bb quote_icon_background_color=\u00a0\u00bb#399947&Prime; _builder_version=\u00a0\u00bb4.16&Prime; background_color=\u00a0\u00bb#ffffff\u00a0\u00bb border_style=\u00a0\u00bbsolid\u00a0\u00bb saved_tabs=\u00a0\u00bball\u00a0\u00bb global_colors_info=\u00a0\u00bb{}\u00a0\u00bb]\u00a0\u00bbStella,<br \/>\nVeuillez transmettre mes remerciements \u00e0 toute votre \u00e9quipe pour la fa\u00e7on dont vous avez trait\u00e9 notre demande urgente, comme toujours, vous avez accompli un travail incroyable pour r\u00e9parer notre appareil en un temps record !\u00a0\u00bb<br \/>\n[\/et_pb_testimonial][\/et_pb_column][\/et_pb_row][\/et_pb_section]<\/p>\n","protected":false},"excerpt":{"rendered":"<p>Services d&rsquo;\u00e9talonnage et de r\u00e9paration<\/p>\n","protected":false},"author":1,"featured_media":0,"parent":0,"menu_order":0,"comment_status":"closed","ping_status":"closed","template":"","meta":{"_acf_changed":false,"_et_pb_use_builder":"on","_et_pb_old_content":"","_et_gb_content_width":"","footnotes":""},"class_list":["post-33910","page","type-page","status-publish","hentry"],"acf":[],"yoast_head":"<!-- This site is optimized with the Yoast SEO plugin v27.4 - https:\/\/yoast.com\/product\/yoast-seo-wordpress\/ -->\n<title>Services d&#039;\u00e9talonnage et de r\u00e9paration &#8212; Minerva Metrology &amp; Calibration<\/title>\n<meta name=\"description\" content=\"Ce n\u2019est jamais simple d\u2019envoyer ses instruments pour r\u00e9paration ou calibration. Les \u00e9quipes de Minerva sont form\u00e9es pour assurer un service transparent.\" \/>\n<meta name=\"robots\" content=\"index, follow, max-snippet:-1, max-image-preview:large, max-video-preview:-1\" \/>\n<link rel=\"canonical\" href=\"https:\/\/www.minerva-calibration.com\/fr\/services-detalonnage-reparation\/\" \/>\n<meta property=\"og:locale\" content=\"fr_FR\" \/>\n<meta property=\"og:type\" content=\"article\" \/>\n<meta property=\"og:title\" content=\"Services d&#039;\u00e9talonnage et de r\u00e9paration &#8212; Minerva Metrology &amp; Calibration\" \/>\n<meta property=\"og:description\" content=\"Ce n\u2019est jamais simple d\u2019envoyer ses instruments pour r\u00e9paration ou calibration. Les \u00e9quipes de Minerva sont form\u00e9es pour assurer un service transparent.\" \/>\n<meta property=\"og:url\" content=\"https:\/\/www.minerva-calibration.com\/fr\/services-detalonnage-reparation\/\" \/>\n<meta property=\"og:site_name\" content=\"Minerva Metrology &amp; Calibration\" \/>\n<meta property=\"article:publisher\" content=\"https:\/\/www.facebook.com\/minervametrology\/\" \/>\n<meta property=\"article:modified_time\" content=\"2025-07-07T21:19:53+00:00\" \/>\n<meta property=\"og:image\" content=\"https:\/\/www.minerva-calibration.com\/wp-content\/uploads\/2017\/06\/proces-Minerva-calibrations-1.png\" \/>\n\t<meta property=\"og:image:width\" content=\"745\" \/>\n\t<meta property=\"og:image:height\" content=\"279\" \/>\n\t<meta property=\"og:image:type\" content=\"image\/png\" \/>\n<meta name=\"twitter:card\" content=\"summary_large_image\" \/>\n<meta name=\"twitter:site\" content=\"@Minerva_Cal\" \/>\n<meta name=\"twitter:label1\" content=\"Dur\u00e9e de lecture estim\u00e9e\" \/>\n\t<meta name=\"twitter:data1\" content=\"2 minutes\" \/>\n<script type=\"application\/ld+json\" class=\"yoast-schema-graph\">{\"@context\":\"https:\\\/\\\/schema.org\",\"@graph\":[{\"@type\":\"WebPage\",\"@id\":\"https:\\\/\\\/www.minerva-calibration.com\\\/fr\\\/services-detalonnage-reparation\\\/\",\"url\":\"https:\\\/\\\/www.minerva-calibration.com\\\/fr\\\/services-detalonnage-reparation\\\/\",\"name\":\"Services d'\u00e9talonnage et de r\u00e9paration &#8212; Minerva Metrology &amp; Calibration\",\"isPartOf\":{\"@id\":\"https:\\\/\\\/www.minerva-calibration.com\\\/#website\"},\"primaryImageOfPage\":{\"@id\":\"https:\\\/\\\/www.minerva-calibration.com\\\/fr\\\/services-detalonnage-reparation\\\/#primaryimage\"},\"image\":{\"@id\":\"https:\\\/\\\/www.minerva-calibration.com\\\/fr\\\/services-detalonnage-reparation\\\/#primaryimage\"},\"thumbnailUrl\":\"https:\\\/\\\/www.minerva-calibration.com\\\/wp-content\\\/uploads\\\/2017\\\/06\\\/proces-Minerva-calibrations-1.png\",\"datePublished\":\"2017-07-13T09:05:26+00:00\",\"dateModified\":\"2025-07-07T21:19:53+00:00\",\"description\":\"Ce n\u2019est jamais simple d\u2019envoyer ses instruments pour r\u00e9paration ou calibration. Les \u00e9quipes de Minerva sont form\u00e9es pour assurer un service transparent.\",\"inLanguage\":\"fr-FR\",\"potentialAction\":[{\"@type\":\"ReadAction\",\"target\":[\"https:\\\/\\\/www.minerva-calibration.com\\\/fr\\\/services-detalonnage-reparation\\\/\"]}]},{\"@type\":\"ImageObject\",\"inLanguage\":\"fr-FR\",\"@id\":\"https:\\\/\\\/www.minerva-calibration.com\\\/fr\\\/services-detalonnage-reparation\\\/#primaryimage\",\"url\":\"https:\\\/\\\/www.minerva-calibration.com\\\/wp-content\\\/uploads\\\/2017\\\/06\\\/proces-Minerva-calibrations-1.png\",\"contentUrl\":\"https:\\\/\\\/www.minerva-calibration.com\\\/wp-content\\\/uploads\\\/2017\\\/06\\\/proces-Minerva-calibrations-1.png\"},{\"@type\":\"WebSite\",\"@id\":\"https:\\\/\\\/www.minerva-calibration.com\\\/#website\",\"url\":\"https:\\\/\\\/www.minerva-calibration.com\\\/\",\"name\":\"Minerva Metrology &amp; Calibration\",\"description\":\"Specialised in high accuracy calibrations\",\"potentialAction\":[{\"@type\":\"SearchAction\",\"target\":{\"@type\":\"EntryPoint\",\"urlTemplate\":\"https:\\\/\\\/www.minerva-calibration.com\\\/?s={search_term_string}\"},\"query-input\":{\"@type\":\"PropertyValueSpecification\",\"valueRequired\":true,\"valueName\":\"search_term_string\"}}],\"inLanguage\":\"fr-FR\"}]}<\/script>\n<!-- \/ Yoast SEO plugin. -->","yoast_head_json":{"title":"Services d'\u00e9talonnage et de r\u00e9paration &#8212; Minerva Metrology &amp; Calibration","description":"Ce n\u2019est jamais simple d\u2019envoyer ses instruments pour r\u00e9paration ou calibration. Les \u00e9quipes de Minerva sont form\u00e9es pour assurer un service transparent.","robots":{"index":"index","follow":"follow","max-snippet":"max-snippet:-1","max-image-preview":"max-image-preview:large","max-video-preview":"max-video-preview:-1"},"canonical":"https:\/\/www.minerva-calibration.com\/fr\/services-detalonnage-reparation\/","og_locale":"fr_FR","og_type":"article","og_title":"Services d'\u00e9talonnage et de r\u00e9paration &#8212; Minerva Metrology &amp; Calibration","og_description":"Ce n\u2019est jamais simple d\u2019envoyer ses instruments pour r\u00e9paration ou calibration. Les \u00e9quipes de Minerva sont form\u00e9es pour assurer un service transparent.","og_url":"https:\/\/www.minerva-calibration.com\/fr\/services-detalonnage-reparation\/","og_site_name":"Minerva Metrology &amp; Calibration","article_publisher":"https:\/\/www.facebook.com\/minervametrology\/","article_modified_time":"2025-07-07T21:19:53+00:00","og_image":[{"width":745,"height":279,"url":"https:\/\/www.minerva-calibration.com\/wp-content\/uploads\/2017\/06\/proces-Minerva-calibrations-1.png","type":"image\/png"}],"twitter_card":"summary_large_image","twitter_site":"@Minerva_Cal","twitter_misc":{"Dur\u00e9e de lecture estim\u00e9e":"2 minutes"},"schema":{"@context":"https:\/\/schema.org","@graph":[{"@type":"WebPage","@id":"https:\/\/www.minerva-calibration.com\/fr\/services-detalonnage-reparation\/","url":"https:\/\/www.minerva-calibration.com\/fr\/services-detalonnage-reparation\/","name":"Services d'\u00e9talonnage et de r\u00e9paration &#8212; Minerva Metrology &amp; Calibration","isPartOf":{"@id":"https:\/\/www.minerva-calibration.com\/#website"},"primaryImageOfPage":{"@id":"https:\/\/www.minerva-calibration.com\/fr\/services-detalonnage-reparation\/#primaryimage"},"image":{"@id":"https:\/\/www.minerva-calibration.com\/fr\/services-detalonnage-reparation\/#primaryimage"},"thumbnailUrl":"https:\/\/www.minerva-calibration.com\/wp-content\/uploads\/2017\/06\/proces-Minerva-calibrations-1.png","datePublished":"2017-07-13T09:05:26+00:00","dateModified":"2025-07-07T21:19:53+00:00","description":"Ce n\u2019est jamais simple d\u2019envoyer ses instruments pour r\u00e9paration ou calibration. Les \u00e9quipes de Minerva sont form\u00e9es pour assurer un service transparent.","inLanguage":"fr-FR","potentialAction":[{"@type":"ReadAction","target":["https:\/\/www.minerva-calibration.com\/fr\/services-detalonnage-reparation\/"]}]},{"@type":"ImageObject","inLanguage":"fr-FR","@id":"https:\/\/www.minerva-calibration.com\/fr\/services-detalonnage-reparation\/#primaryimage","url":"https:\/\/www.minerva-calibration.com\/wp-content\/uploads\/2017\/06\/proces-Minerva-calibrations-1.png","contentUrl":"https:\/\/www.minerva-calibration.com\/wp-content\/uploads\/2017\/06\/proces-Minerva-calibrations-1.png"},{"@type":"WebSite","@id":"https:\/\/www.minerva-calibration.com\/#website","url":"https:\/\/www.minerva-calibration.com\/","name":"Minerva Metrology &amp; Calibration","description":"Specialised in high accuracy calibrations","potentialAction":[{"@type":"SearchAction","target":{"@type":"EntryPoint","urlTemplate":"https:\/\/www.minerva-calibration.com\/?s={search_term_string}"},"query-input":{"@type":"PropertyValueSpecification","valueRequired":true,"valueName":"search_term_string"}}],"inLanguage":"fr-FR"}]}},"_links":{"self":[{"href":"https:\/\/www.minerva-calibration.com\/fr\/wp-json\/wp\/v2\/pages\/33910","targetHints":{"allow":["GET"]}}],"collection":[{"href":"https:\/\/www.minerva-calibration.com\/fr\/wp-json\/wp\/v2\/pages"}],"about":[{"href":"https:\/\/www.minerva-calibration.com\/fr\/wp-json\/wp\/v2\/types\/page"}],"author":[{"embeddable":true,"href":"https:\/\/www.minerva-calibration.com\/fr\/wp-json\/wp\/v2\/users\/1"}],"replies":[{"embeddable":true,"href":"https:\/\/www.minerva-calibration.com\/fr\/wp-json\/wp\/v2\/comments?post=33910"}],"version-history":[{"count":9,"href":"https:\/\/www.minerva-calibration.com\/fr\/wp-json\/wp\/v2\/pages\/33910\/revisions"}],"predecessor-version":[{"id":58977,"href":"https:\/\/www.minerva-calibration.com\/fr\/wp-json\/wp\/v2\/pages\/33910\/revisions\/58977"}],"wp:attachment":[{"href":"https:\/\/www.minerva-calibration.com\/fr\/wp-json\/wp\/v2\/media?parent=33910"}],"curies":[{"name":"wp","href":"https:\/\/api.w.org\/{rel}","templated":true}]}}