{"id":34361,"date":"2017-07-17T14:52:28","date_gmt":"2017-07-17T14:52:28","guid":{"rendered":"https:\/\/www.minerva-calibration.com\/services-detalonnage-reparation\/autorisiertes-fluke-service-center\/"},"modified":"2025-07-07T23:17:49","modified_gmt":"2025-07-07T21:17:49","slug":"fluke-service-center","status":"publish","type":"page","link":"https:\/\/www.minerva-calibration.com\/fr\/services-detalonnage-reparation\/fluke-service-center\/","title":{"rendered":"Centre de service agr\u00e9\u00e9 Fluke"},"content":{"rendered":"<p>[et_pb_section fb_built=\u00a0\u00bb1&Prime; _builder_version=\u00a0\u00bb4.16&Prime; background_color=\u00a0\u00bb#399947&Prime; use_background_color_gradient=\u00a0\u00bbon\u00a0\u00bb background_color_gradient_stops=\u00a0\u00bb#399947 0%|#399947 100%\u00a0\u00bb background_color_gradient_start=\u00a0\u00bb#399947&Prime; background_color_gradient_end=\u00a0\u00bb#399947&Prime; background_image=\u00a0\u00bbhttps:\/\/www.minerva-calibration.com\/wp-content\/uploads\/2017\/07\/Minerva00103.jpg\u00a0\u00bb custom_padding=\u00a0\u00bb22px|0px|31px|0px\u00a0\u00bb global_colors_info=\u00a0\u00bb{}\u00a0\u00bb][et_pb_row _builder_version=\u00a0\u00bb4.16&Prime; global_colors_info=\u00a0\u00bb{}\u00a0\u00bb][et_pb_column type=\u00a0\u00bb4_4&Prime; _builder_version=\u00a0\u00bb4.16&Prime; custom_padding=\u00a0\u00bb|||\u00a0\u00bb global_colors_info=\u00a0\u00bb{}\u00a0\u00bb custom_padding__hover=\u00a0\u00bb|||\u00a0\u00bb][et_pb_post_title meta=\u00a0\u00bboff\u00a0\u00bb featured_image=\u00a0\u00bboff\u00a0\u00bb _builder_version=\u00a0\u00bb4.16&Prime; title_text_color=\u00a0\u00bb#ffffff\u00a0\u00bb title_font_size=\u00a0\u00bb40px\u00a0\u00bb global_colors_info=\u00a0\u00bb{}\u00a0\u00bb][\/et_pb_post_title][\/et_pb_column][\/et_pb_row][\/et_pb_section][et_pb_section fb_built=\u00a0\u00bb1&Prime; _builder_version=\u00a0\u00bb4.16&Prime; custom_padding=\u00a0\u00bb0px|0px|34px|0px\u00a0\u00bb global_colors_info=\u00a0\u00bb{}\u00a0\u00bb][et_pb_row _builder_version=\u00a0\u00bb4.16&Prime; global_colors_info=\u00a0\u00bb{}\u00a0\u00bb][et_pb_column type=\u00a0\u00bb4_4&Prime; _builder_version=\u00a0\u00bb4.16&Prime; custom_padding=\u00a0\u00bb|||\u00a0\u00bb global_colors_info=\u00a0\u00bb{}\u00a0\u00bb custom_padding__hover=\u00a0\u00bb|||\u00a0\u00bb][et_pb_dcsbcm_divi_breadcrumbs_module separator=\u00a0\u00bbsep-arrow\u00a0\u00bb hide_currentbreadcrumb=\u00a0\u00bboff\u00a0\u00bb _builder_version=\u00a0\u00bb4.16&Prime; fontsbreadcrumbs_text_color=\u00a0\u00bb#399947&Prime; fontsseperator_text_color=\u00a0\u00bb#399947&Prime; fontsseperator_font_size=\u00a0\u00bb18&Prime; fontsbreadcrumblinks_text_color=\u00a0\u00bb#399947&Prime; custom_margin=\u00a0\u00bb|20px||\u00a0\u00bb fontsbreadcrumbs_font_size_tablet=\u00a0\u00bb51&Prime; fontsbreadcrumbs_line_height_tablet=\u00a0\u00bb2&Prime; fontsseperator_font_size_tablet=\u00a0\u00bb51&Prime; fontsseperator_line_height_tablet=\u00a0\u00bb2&Prime; fontsbreadcrumblinks_font_size_tablet=\u00a0\u00bb51&Prime; fontsbreadcrumblinks_line_height_tablet=\u00a0\u00bb2&Prime; global_colors_info=\u00a0\u00bb{}\u00a0\u00bb]&lt;div class=\u00a0\u00bbdcsbcm_divi_breadcrumbs_wrapper clearfix et_pb_module et_pb_bg_layout_light et_pb_dcsbcm_divi_breadcrumbs_module_1&Prime;&gt;<br \/>\n&lt;div class=\u00a0\u00bbdcsbcm_divi_breadcrumbs\u00a0\u00bb&gt;&lt;span class=\u00a0\u00bbdcsbcm_divi_breadcrumb\u00a0\u00bb&gt;&lt;a href=\u00a0\u00bbhttp:\/\/minerva-calibration.com\/\u00a0\u00bb rel=\u00a0\u00bbv:url\u00a0\u00bb&gt;Home&lt;\/a&gt;&lt;\/span&gt;&lt;span class=\u00a0\u00bbdcsbcm_separator\u00a0\u00bb&gt;\u00a0\u2192\u00a0&lt;\/span&gt;&lt;\/div&gt;<br \/>\n&lt;\/div&gt;<br \/>\n&lt;!&#8211; .dcsbcm_divi_breadcrumbs_wrapper &#8211;&gt;[\/et_pb_dcsbcm_divi_breadcrumbs_module][\/et_pb_column][\/et_pb_row][et_pb_row _builder_version=\u00a0\u00bb4.16&Prime; custom_padding=\u00a0\u00bb2px|0px|1px|0px\u00a0\u00bb global_colors_info=\u00a0\u00bb{}\u00a0\u00bb][et_pb_column type=\u00a0\u00bb4_4&Prime; _builder_version=\u00a0\u00bb4.16&Prime; custom_padding=\u00a0\u00bb|||\u00a0\u00bb global_colors_info=\u00a0\u00bb{}\u00a0\u00bb custom_padding__hover=\u00a0\u00bb|||\u00a0\u00bb][et_pb_text _builder_version=\u00a0\u00bb4.16&Prime; global_colors_info=\u00a0\u00bb{}\u00a0\u00bb]<\/p>\n<h2>Minerva : Centre de service Fluke agr\u00e9\u00e9 en EMEA<\/h2>\n<p><strong>Minerva est le centre privil\u00e9gi\u00e9 pour faire calibrer vos instruments Fluke en EMEA.\u00a0<a href=\"http:\/\/eu.flukecal.com\/support\/service-centers\"><img decoding=\"async\" class=\"alignright wp-image-33798 size-full\" title=\"Fluke authorized service center\" src=\"https:\/\/www.minerva-calibration.com\/wp-content\/uploads\/2017\/07\/Fluke-authorize-service-center-logo.png\" alt=\"Fluke authorized service center\" width=\"283\" height=\"150\" \/><\/a><\/strong><\/p>\n<p>En 2007, Fluke Calibration a choisi Minerva comme centre de service agr\u00e9\u00e9 pour l\u2019Europe, le Moyen-Orient et l\u2019Afrique (EMEA). En tant que centre de service Fluke nous sommes \u00e9quip\u00e9s des instruments, \u00e9talons, proc\u00e9dures et comp\u00e9tences n\u00e9cessaires pour respecter les exigences de qualit\u00e9 et de performance Fluke.<\/p>\n<p>Gr\u00e2ce \u00e0 notre service d\u2019entretien d\u2019excellence et notre laboratoire de m\u00e9trologie, nous proposons le <a href=\"https:\/\/www.minerva-calibration.com\/fr\/services-detalonnage-reparation\/services-detalonnage\/\">service de calibration<\/a> et le s<a href=\"https:\/\/www.minerva-calibration.com\/fr\/services-detalonnage-reparation\/services-reparation\/\">ervice de r\u00e9paration<\/a>\u00a0pour d\u2019autres marques comme DHI, Ruska, Hart Scientific et Pressurements.<\/p>\n<p>[\/et_pb_text][\/et_pb_column][\/et_pb_row][\/et_pb_section][et_pb_section fb_built=\u00a0\u00bb1&Prime; _builder_version=\u00a0\u00bb4.16&Prime; background_color=\u00a0\u00bb#f2f2f2&Prime; custom_padding=\u00a0\u00bb22px|0px|19px|0px\u00a0\u00bb global_colors_info=\u00a0\u00bb{}\u00a0\u00bb][et_pb_row make_equal=\u00a0\u00bbon\u00a0\u00bb _builder_version=\u00a0\u00bb4.16&Prime; global_colors_info=\u00a0\u00bb{}\u00a0\u00bb column_structure=\u00a0\u00bb1_3,1_3,1_3&Prime;][et_pb_column type=\u00a0\u00bb1_3&Prime; _builder_version=\u00a0\u00bb4.16&Prime; custom_padding=\u00a0\u00bb|||\u00a0\u00bb global_colors_info=\u00a0\u00bb{}\u00a0\u00bb custom_padding__hover=\u00a0\u00bb|||\u00a0\u00bb][et_pb_cta title=\u00a0\u00bbNotre port\u00e9e\u00a0\u00bb button_url=\u00a0\u00bb\/wp-content\/uploads\/2019\/10\/Minvervas-Technical-Scope-2019fa.pdf\u00a0\u00bb url_new_window=\u00a0\u00bbon\u00a0\u00bb button_text=\u00a0\u00bbT\u00e9l\u00e9charger\u00a0\u00bb _builder_version=\u00a0\u00bb3.27.3&Prime; header_font=\u00a0\u00bb||||\u00a0\u00bb body_font=\u00a0\u00bb||||\u00a0\u00bb body_text_color=\u00a0\u00bb#ffffff\u00a0\u00bb body_font_size=\u00a0\u00bb14&Prime; body_line_height=\u00a0\u00bb1.7em\u00a0\u00bb max_width=\u00a0\u00bb100%\u00a0\u00bb max_width_tablet=\u00a0\u00bb50px\u00a0\u00bb max_width_phone=\u00a0\u00bb50px\u00a0\u00bb header_font_size_tablet=\u00a0\u00bb26&Prime; header_font_size_phone=\u00a0\u00bb26&Prime; header_letter_spacing_tablet=\u00a0\u00bb0px\u00a0\u00bb header_letter_spacing_phone=\u00a0\u00bb0px\u00a0\u00bb header_line_height_tablet=\u00a0\u00bb1em\u00a0\u00bb header_line_height_phone=\u00a0\u00bb1em\u00a0\u00bb body_font_size_tablet=\u00a0\u00bb14&Prime; body_font_size_phone=\u00a0\u00bb14&Prime; body_letter_spacing_tablet=\u00a0\u00bb0px\u00a0\u00bb body_letter_spacing_phone=\u00a0\u00bb0px\u00a0\u00bb body_line_height_tablet=\u00a0\u00bb1.7em\u00a0\u00bb body_line_height_phone=\u00a0\u00bb1.7em\u00a0\u00bb button_text_size_tablet=\u00a0\u00bb18&Prime; button_text_size_phone=\u00a0\u00bb18&Prime; button_letter_spacing_tablet=\u00a0\u00bb0&Prime; button_letter_spacing_phone=\u00a0\u00bb0&Prime; use_border_color=\u00a0\u00bboff\u00a0\u00bb border_color=\u00a0\u00bb#ffffff\u00a0\u00bb border_width=\u00a0\u00bb1px\u00a0\u00bb border_style=\u00a0\u00bbsolid\u00a0\u00bb button_border_radius_hover=\u00a0\u00bb3&Prime; button_letter_spacing_hover=\u00a0\u00bb0&Prime; global_module=\u00a0\u00bb33374&Prime; global_colors_info=\u00a0\u00bb{}\u00a0\u00bb button_letter_spacing_hover_tablet=\u00a0\u00bb0&Prime; button_letter_spacing_hover_phone=\u00a0\u00bb0&Prime; button_text_size__hover_enabled=\u00a0\u00bboff\u00a0\u00bb button_one_text_size__hover_enabled=\u00a0\u00bboff\u00a0\u00bb button_two_text_size__hover_enabled=\u00a0\u00bboff\u00a0\u00bb button_text_color__hover_enabled=\u00a0\u00bboff\u00a0\u00bb button_one_text_color__hover_enabled=\u00a0\u00bboff\u00a0\u00bb button_two_text_color__hover_enabled=\u00a0\u00bboff\u00a0\u00bb button_border_width__hover_enabled=\u00a0\u00bboff\u00a0\u00bb button_one_border_width__hover_enabled=\u00a0\u00bboff\u00a0\u00bb button_two_border_width__hover_enabled=\u00a0\u00bboff\u00a0\u00bb button_border_color__hover_enabled=\u00a0\u00bboff\u00a0\u00bb button_one_border_color__hover_enabled=\u00a0\u00bboff\u00a0\u00bb button_two_border_color__hover_enabled=\u00a0\u00bboff\u00a0\u00bb button_border_radius__hover_enabled=\u00a0\u00bbon\u00a0\u00bb button_one_border_radius__hover_enabled=\u00a0\u00bboff\u00a0\u00bb button_two_border_radius__hover_enabled=\u00a0\u00bboff\u00a0\u00bb button_letter_spacing__hover_enabled=\u00a0\u00bbon\u00a0\u00bb button_one_letter_spacing__hover_enabled=\u00a0\u00bboff\u00a0\u00bb button_two_letter_spacing__hover_enabled=\u00a0\u00bboff\u00a0\u00bb button_bg_color__hover_enabled=\u00a0\u00bboff\u00a0\u00bb button_one_bg_color__hover_enabled=\u00a0\u00bboff\u00a0\u00bb button_two_bg_color__hover_enabled=\u00a0\u00bboff\u00a0\u00bb]<\/p>\n<p><a href=\"https:\/\/www.minerva-calibration.com\/wp-content\/uploads\/2019\/10\/Minvervas-Technical-Scope-2019fa.pdf\" target=\"_blank\" rel=\"noopener noreferrer\"><img decoding=\"async\" class=\"aligncenter wp-image-33835 size-thumbnail\" title=\"technical scope minerva\" src=\"https:\/\/www.minerva-calibration.com\/wp-content\/uploads\/2017\/09\/Scope-FR-150x150.png\" alt=\"port\u00e9e\" width=\"150\" height=\"150\" \/><\/a><\/p>\n<p>[\/et_pb_cta][\/et_pb_column][et_pb_column type=\u00a0\u00bb1_3&Prime; _builder_version=\u00a0\u00bb4.16&Prime; custom_padding=\u00a0\u00bb|||\u00a0\u00bb global_colors_info=\u00a0\u00bb{}\u00a0\u00bb custom_padding__hover=\u00a0\u00bb|||\u00a0\u00bb][et_pb_blurb title=\u00a0\u00bbN&rsquo;h\u00e9sitez pas \u00e0 nous contacter!\u00a0\u00bb url=\u00a0\u00bb\/contact\u00a0\u00bb use_icon=\u00a0\u00bbon\u00a0\u00bb font_icon=\u00a0\u00bb&#xe010;||divi||400&Prime; image_icon_background_color=\u00a0\u00bb#ffffff\u00a0\u00bb image_icon_width=\u00a0\u00bb96px\u00a0\u00bb image_icon_width_tablet=\u00a0\u00bb96px\u00a0\u00bb image_icon_width_phone=\u00a0\u00bb96px\u00a0\u00bb content_max_width_tablet=\u00a0\u00bb550px\u00a0\u00bb content_max_width_phone=\u00a0\u00bb550px\u00a0\u00bb admin_label=\u00a0\u00bbBlurb contact\u00a0\u00bb _builder_version=\u00a0\u00bb4.16&Prime; header_font=\u00a0\u00bb||||\u00a0\u00bb header_text_color=\u00a0\u00bb#ffffff\u00a0\u00bb body_font=\u00a0\u00bb||||\u00a0\u00bb body_font_size=\u00a0\u00bb14&Prime; body_line_height=\u00a0\u00bb1.7em\u00a0\u00bb background_color=\u00a0\u00bb#399947&Prime; image_icon_custom_padding=\u00a0\u00bb25px|25px|25px|25px|false|false\u00a0\u00bb text_orientation=\u00a0\u00bbcenter\u00a0\u00bb background_layout=\u00a0\u00bbdark\u00a0\u00bb max_width=\u00a0\u00bb100%\u00a0\u00bb max_width_tablet=\u00a0\u00bb100%\u00a0\u00bb max_width_phone=\u00a0\u00bb100%\u00a0\u00bb custom_margin=\u00a0\u00bb|||\u00a0\u00bb custom_margin_tablet=\u00a0\u00bb|||\u00a0\u00bb custom_margin_phone=\u00a0\u00bb|||\u00a0\u00bb custom_padding=\u00a0\u00bb40px|||\u00a0\u00bb custom_padding_tablet=\u00a0\u00bb40px|||\u00a0\u00bb custom_padding_phone=\u00a0\u00bb40px|||\u00a0\u00bb header_font_size_tablet=\u00a0\u00bb18&Prime; header_font_size_phone=\u00a0\u00bb18&Prime; header_letter_spacing_tablet=\u00a0\u00bb0px\u00a0\u00bb header_letter_spacing_phone=\u00a0\u00bb0px\u00a0\u00bb header_line_height_tablet=\u00a0\u00bb1em\u00a0\u00bb header_line_height_phone=\u00a0\u00bb1em\u00a0\u00bb body_font_size_tablet=\u00a0\u00bb14&Prime; body_font_size_phone=\u00a0\u00bb14&Prime; body_letter_spacing_tablet=\u00a0\u00bb0px\u00a0\u00bb body_letter_spacing_phone=\u00a0\u00bb0px\u00a0\u00bb body_line_height_tablet=\u00a0\u00bb1.7em\u00a0\u00bb body_line_height_phone=\u00a0\u00bb1.7em\u00a0\u00bb border_width_all=\u00a0\u00bb1px\u00a0\u00bb border_color_all=\u00a0\u00bb#ffffff\u00a0\u00bb border_style_all=\u00a0\u00bbsolid\u00a0\u00bb border_radii_image=\u00a0\u00bbon|100%|100%|100%|100%\u00a0\u00bb use_border_color=\u00a0\u00bbon\u00a0\u00bb border_color=\u00a0\u00bb#ffffff\u00a0\u00bb border_width=\u00a0\u00bb1px\u00a0\u00bb border_style=\u00a0\u00bbsolid\u00a0\u00bb image_max_width=\u00a0\u00bb100%\u00a0\u00bb icon_font_size=\u00a0\u00bb96px\u00a0\u00bb image_max_width_tablet=\u00a0\u00bb100%\u00a0\u00bb icon_font_size_tablet=\u00a0\u00bb96px\u00a0\u00bb image_max_width_phone=\u00a0\u00bb100%\u00a0\u00bb icon_font_size_phone=\u00a0\u00bb96px\u00a0\u00bb use_circle=\u00a0\u00bbon\u00a0\u00bb use_circle_border=\u00a0\u00bboff\u00a0\u00bb circle_border_color=\u00a0\u00bb#399947&Prime; circle_color=\u00a0\u00bb#ffffff\u00a0\u00bb global_module=\u00a0\u00bb27913&Prime; saved_tabs=\u00a0\u00bball\u00a0\u00bb global_colors_info=\u00a0\u00bb{}\u00a0\u00bb image_icon_background_color__sticky_enabled=\u00a0\u00bb#399947&Prime; image_icon_background_color__sticky=\u00a0\u00bb#399947&Prime;]<\/p>\n<p>Notre \u00e9quipe est \u00e0 votre disposition.<\/p>\n<p>[\/et_pb_blurb][\/et_pb_column][et_pb_column type=\u00a0\u00bb1_3&Prime; _builder_version=\u00a0\u00bb4.16&Prime; custom_padding=\u00a0\u00bb|||\u00a0\u00bb global_colors_info=\u00a0\u00bb{}\u00a0\u00bb custom_padding__hover=\u00a0\u00bb|||\u00a0\u00bb][\/et_pb_column][\/et_pb_row][\/et_pb_section]<\/p>\n","protected":false},"excerpt":{"rendered":"<p>&lt;div class=\u00a0\u00bbdcsbcm_divi_breadcrumbs_wrapper clearfix et_pb_module et_pb_bg_layout_light et_pb_dcsbcm_divi_breadcrumbs_module_1&Prime;&gt; &lt;div class=\u00a0\u00bbdcsbcm_divi_breadcrumbs\u00a0\u00bb&gt;&lt;span class=\u00a0\u00bbdcsbcm_divi_breadcrumb\u00a0\u00bb&gt;&lt;a href=\u00a0\u00bbhttp:\/\/minerva-calibration.com\/\u00a0\u00bb rel=\u00a0\u00bbv:url\u00a0\u00bb&gt;Home&lt;\/a&gt;&lt;\/span&gt;&lt;span class=\u00a0\u00bbdcsbcm_separator\u00a0\u00bb&gt;\u00a0\u2192\u00a0&lt;\/span&gt;&lt;\/div&gt; &lt;\/div&gt; &lt;!&#8211; .dcsbcm_divi_breadcrumbs_wrapper &#8211;&gt;Minerva : Centre de service Fluke agr\u00e9\u00e9 en EMEA Minerva est le centre privil\u00e9gi\u00e9 pour faire calibrer vos instruments Fluke en EMEA.\u00a0 En 2007, Fluke Calibration a choisi Minerva comme centre de service agr\u00e9\u00e9 pour l\u2019Europe, le Moyen-Orient et l\u2019Afrique [&hellip;]<\/p>\n","protected":false},"author":1,"featured_media":33798,"parent":33910,"menu_order":0,"comment_status":"closed","ping_status":"closed","template":"","meta":{"_acf_changed":false,"_et_pb_use_builder":"on","_et_pb_old_content":"","_et_gb_content_width":"","footnotes":""},"class_list":["post-34361","page","type-page","status-publish","has-post-thumbnail","hentry"],"acf":[],"yoast_head":"<!-- This site is optimized with the Yoast SEO plugin v27.4 - https:\/\/yoast.com\/product\/yoast-seo-wordpress\/ -->\n<title>Fluke Authorized Service Center: Minerva Metrology and Calibration<\/title>\n<meta name=\"description\" content=\"Nous sommes le centre privil\u00e9gi\u00e9 pour faire calibrer vos instruments Fluke en EMEA. Avec \u00e9quip\u00e9s des instruments, proc\u00e9dures et comp\u00e9tences n\u00e9cessaires!\" \/>\n<meta name=\"robots\" content=\"index, follow, max-snippet:-1, max-image-preview:large, max-video-preview:-1\" \/>\n<link rel=\"canonical\" href=\"https:\/\/www.minerva-calibration.com\/fr\/services-detalonnage-reparation\/fluke-service-center\/\" \/>\n<meta property=\"og:locale\" content=\"fr_FR\" \/>\n<meta property=\"og:type\" content=\"article\" \/>\n<meta property=\"og:title\" content=\"Fluke Authorized Service Center: Minerva Metrology and Calibration\" \/>\n<meta property=\"og:description\" content=\"Nous sommes le centre privil\u00e9gi\u00e9 pour faire calibrer vos instruments Fluke en EMEA. Avec \u00e9quip\u00e9s des instruments, proc\u00e9dures et comp\u00e9tences n\u00e9cessaires!\" \/>\n<meta property=\"og:url\" content=\"https:\/\/www.minerva-calibration.com\/fr\/services-detalonnage-reparation\/fluke-service-center\/\" \/>\n<meta property=\"og:site_name\" content=\"Minerva Metrology &amp; Calibration\" \/>\n<meta property=\"article:publisher\" content=\"https:\/\/www.facebook.com\/minervametrology\/\" \/>\n<meta property=\"article:modified_time\" content=\"2025-07-07T21:17:49+00:00\" \/>\n<meta property=\"og:image\" content=\"https:\/\/www.minerva-calibration.com\/wp-content\/uploads\/2017\/07\/Fluke-authorize-service-center-logo.png\" \/>\n\t<meta property=\"og:image:width\" content=\"283\" \/>\n\t<meta property=\"og:image:height\" content=\"150\" \/>\n\t<meta property=\"og:image:type\" content=\"image\/png\" \/>\n<meta name=\"twitter:card\" content=\"summary_large_image\" \/>\n<meta name=\"twitter:site\" content=\"@Minerva_Cal\" \/>\n<meta name=\"twitter:label1\" content=\"Dur\u00e9e de lecture estim\u00e9e\" \/>\n\t<meta name=\"twitter:data1\" content=\"2 minutes\" \/>\n<script type=\"application\/ld+json\" class=\"yoast-schema-graph\">{\"@context\":\"https:\\\/\\\/schema.org\",\"@graph\":[{\"@type\":\"WebPage\",\"@id\":\"https:\\\/\\\/www.minerva-calibration.com\\\/fr\\\/services-detalonnage-reparation\\\/fluke-service-center\\\/\",\"url\":\"https:\\\/\\\/www.minerva-calibration.com\\\/fr\\\/services-detalonnage-reparation\\\/fluke-service-center\\\/\",\"name\":\"Fluke Authorized Service Center: Minerva Metrology and Calibration\",\"isPartOf\":{\"@id\":\"https:\\\/\\\/www.minerva-calibration.com\\\/#website\"},\"primaryImageOfPage\":{\"@id\":\"https:\\\/\\\/www.minerva-calibration.com\\\/fr\\\/services-detalonnage-reparation\\\/fluke-service-center\\\/#primaryimage\"},\"image\":{\"@id\":\"https:\\\/\\\/www.minerva-calibration.com\\\/fr\\\/services-detalonnage-reparation\\\/fluke-service-center\\\/#primaryimage\"},\"thumbnailUrl\":\"https:\\\/\\\/www.minerva-calibration.com\\\/wp-content\\\/uploads\\\/2017\\\/07\\\/Fluke-authorize-service-center-logo.png\",\"datePublished\":\"2017-07-17T14:52:28+00:00\",\"dateModified\":\"2025-07-07T21:17:49+00:00\",\"description\":\"Nous sommes le centre privil\u00e9gi\u00e9 pour faire calibrer vos instruments Fluke en EMEA. Avec \u00e9quip\u00e9s des instruments, proc\u00e9dures et comp\u00e9tences n\u00e9cessaires!\",\"breadcrumb\":{\"@id\":\"https:\\\/\\\/www.minerva-calibration.com\\\/fr\\\/services-detalonnage-reparation\\\/fluke-service-center\\\/#breadcrumb\"},\"inLanguage\":\"fr-FR\",\"potentialAction\":[{\"@type\":\"ReadAction\",\"target\":[\"https:\\\/\\\/www.minerva-calibration.com\\\/fr\\\/services-detalonnage-reparation\\\/fluke-service-center\\\/\"]}]},{\"@type\":\"ImageObject\",\"inLanguage\":\"fr-FR\",\"@id\":\"https:\\\/\\\/www.minerva-calibration.com\\\/fr\\\/services-detalonnage-reparation\\\/fluke-service-center\\\/#primaryimage\",\"url\":\"https:\\\/\\\/www.minerva-calibration.com\\\/wp-content\\\/uploads\\\/2017\\\/07\\\/Fluke-authorize-service-center-logo.png\",\"contentUrl\":\"https:\\\/\\\/www.minerva-calibration.com\\\/wp-content\\\/uploads\\\/2017\\\/07\\\/Fluke-authorize-service-center-logo.png\",\"width\":283,\"height\":150,\"caption\":\"Fluke authorized service center\"},{\"@type\":\"BreadcrumbList\",\"@id\":\"https:\\\/\\\/www.minerva-calibration.com\\\/fr\\\/services-detalonnage-reparation\\\/fluke-service-center\\\/#breadcrumb\",\"itemListElement\":[{\"@type\":\"ListItem\",\"position\":1,\"name\":\"Services d&#8217;\u00e9talonnage et de r\u00e9paration\",\"item\":\"https:\\\/\\\/www.minerva-calibration.com\\\/fr\\\/services-detalonnage-reparation\\\/\"},{\"@type\":\"ListItem\",\"position\":2,\"name\":\"Centre de service agr\u00e9\u00e9 Fluke\"}]},{\"@type\":\"WebSite\",\"@id\":\"https:\\\/\\\/www.minerva-calibration.com\\\/#website\",\"url\":\"https:\\\/\\\/www.minerva-calibration.com\\\/\",\"name\":\"Minerva Metrology &amp; Calibration\",\"description\":\"Specialised in high accuracy calibrations\",\"potentialAction\":[{\"@type\":\"SearchAction\",\"target\":{\"@type\":\"EntryPoint\",\"urlTemplate\":\"https:\\\/\\\/www.minerva-calibration.com\\\/?s={search_term_string}\"},\"query-input\":{\"@type\":\"PropertyValueSpecification\",\"valueRequired\":true,\"valueName\":\"search_term_string\"}}],\"inLanguage\":\"fr-FR\"}]}<\/script>\n<!-- \/ Yoast SEO plugin. -->","yoast_head_json":{"title":"Fluke Authorized Service Center: Minerva Metrology and Calibration","description":"Nous sommes le centre privil\u00e9gi\u00e9 pour faire calibrer vos instruments Fluke en EMEA. Avec \u00e9quip\u00e9s des instruments, proc\u00e9dures et comp\u00e9tences n\u00e9cessaires!","robots":{"index":"index","follow":"follow","max-snippet":"max-snippet:-1","max-image-preview":"max-image-preview:large","max-video-preview":"max-video-preview:-1"},"canonical":"https:\/\/www.minerva-calibration.com\/fr\/services-detalonnage-reparation\/fluke-service-center\/","og_locale":"fr_FR","og_type":"article","og_title":"Fluke Authorized Service Center: Minerva Metrology and Calibration","og_description":"Nous sommes le centre privil\u00e9gi\u00e9 pour faire calibrer vos instruments Fluke en EMEA. Avec \u00e9quip\u00e9s des instruments, proc\u00e9dures et comp\u00e9tences n\u00e9cessaires!","og_url":"https:\/\/www.minerva-calibration.com\/fr\/services-detalonnage-reparation\/fluke-service-center\/","og_site_name":"Minerva Metrology &amp; Calibration","article_publisher":"https:\/\/www.facebook.com\/minervametrology\/","article_modified_time":"2025-07-07T21:17:49+00:00","og_image":[{"width":283,"height":150,"url":"https:\/\/www.minerva-calibration.com\/wp-content\/uploads\/2017\/07\/Fluke-authorize-service-center-logo.png","type":"image\/png"}],"twitter_card":"summary_large_image","twitter_site":"@Minerva_Cal","twitter_misc":{"Dur\u00e9e de lecture estim\u00e9e":"2 minutes"},"schema":{"@context":"https:\/\/schema.org","@graph":[{"@type":"WebPage","@id":"https:\/\/www.minerva-calibration.com\/fr\/services-detalonnage-reparation\/fluke-service-center\/","url":"https:\/\/www.minerva-calibration.com\/fr\/services-detalonnage-reparation\/fluke-service-center\/","name":"Fluke Authorized Service Center: Minerva Metrology and Calibration","isPartOf":{"@id":"https:\/\/www.minerva-calibration.com\/#website"},"primaryImageOfPage":{"@id":"https:\/\/www.minerva-calibration.com\/fr\/services-detalonnage-reparation\/fluke-service-center\/#primaryimage"},"image":{"@id":"https:\/\/www.minerva-calibration.com\/fr\/services-detalonnage-reparation\/fluke-service-center\/#primaryimage"},"thumbnailUrl":"https:\/\/www.minerva-calibration.com\/wp-content\/uploads\/2017\/07\/Fluke-authorize-service-center-logo.png","datePublished":"2017-07-17T14:52:28+00:00","dateModified":"2025-07-07T21:17:49+00:00","description":"Nous sommes le centre privil\u00e9gi\u00e9 pour faire calibrer vos instruments Fluke en EMEA. Avec \u00e9quip\u00e9s des instruments, proc\u00e9dures et comp\u00e9tences n\u00e9cessaires!","breadcrumb":{"@id":"https:\/\/www.minerva-calibration.com\/fr\/services-detalonnage-reparation\/fluke-service-center\/#breadcrumb"},"inLanguage":"fr-FR","potentialAction":[{"@type":"ReadAction","target":["https:\/\/www.minerva-calibration.com\/fr\/services-detalonnage-reparation\/fluke-service-center\/"]}]},{"@type":"ImageObject","inLanguage":"fr-FR","@id":"https:\/\/www.minerva-calibration.com\/fr\/services-detalonnage-reparation\/fluke-service-center\/#primaryimage","url":"https:\/\/www.minerva-calibration.com\/wp-content\/uploads\/2017\/07\/Fluke-authorize-service-center-logo.png","contentUrl":"https:\/\/www.minerva-calibration.com\/wp-content\/uploads\/2017\/07\/Fluke-authorize-service-center-logo.png","width":283,"height":150,"caption":"Fluke authorized service center"},{"@type":"BreadcrumbList","@id":"https:\/\/www.minerva-calibration.com\/fr\/services-detalonnage-reparation\/fluke-service-center\/#breadcrumb","itemListElement":[{"@type":"ListItem","position":1,"name":"Services d&#8217;\u00e9talonnage et de r\u00e9paration","item":"https:\/\/www.minerva-calibration.com\/fr\/services-detalonnage-reparation\/"},{"@type":"ListItem","position":2,"name":"Centre de service agr\u00e9\u00e9 Fluke"}]},{"@type":"WebSite","@id":"https:\/\/www.minerva-calibration.com\/#website","url":"https:\/\/www.minerva-calibration.com\/","name":"Minerva Metrology &amp; Calibration","description":"Specialised in high accuracy calibrations","potentialAction":[{"@type":"SearchAction","target":{"@type":"EntryPoint","urlTemplate":"https:\/\/www.minerva-calibration.com\/?s={search_term_string}"},"query-input":{"@type":"PropertyValueSpecification","valueRequired":true,"valueName":"search_term_string"}}],"inLanguage":"fr-FR"}]}},"_links":{"self":[{"href":"https:\/\/www.minerva-calibration.com\/fr\/wp-json\/wp\/v2\/pages\/34361","targetHints":{"allow":["GET"]}}],"collection":[{"href":"https:\/\/www.minerva-calibration.com\/fr\/wp-json\/wp\/v2\/pages"}],"about":[{"href":"https:\/\/www.minerva-calibration.com\/fr\/wp-json\/wp\/v2\/types\/page"}],"author":[{"embeddable":true,"href":"https:\/\/www.minerva-calibration.com\/fr\/wp-json\/wp\/v2\/users\/1"}],"replies":[{"embeddable":true,"href":"https:\/\/www.minerva-calibration.com\/fr\/wp-json\/wp\/v2\/comments?post=34361"}],"version-history":[{"count":4,"href":"https:\/\/www.minerva-calibration.com\/fr\/wp-json\/wp\/v2\/pages\/34361\/revisions"}],"predecessor-version":[{"id":58976,"href":"https:\/\/www.minerva-calibration.com\/fr\/wp-json\/wp\/v2\/pages\/34361\/revisions\/58976"}],"up":[{"embeddable":true,"href":"https:\/\/www.minerva-calibration.com\/fr\/wp-json\/wp\/v2\/pages\/33910"}],"wp:featuredmedia":[{"embeddable":true,"href":"https:\/\/www.minerva-calibration.com\/fr\/wp-json\/wp\/v2\/media\/33798"}],"wp:attachment":[{"href":"https:\/\/www.minerva-calibration.com\/fr\/wp-json\/wp\/v2\/media?parent=34361"}],"curies":[{"name":"wp","href":"https:\/\/api.w.org\/{rel}","templated":true}]}}