{"id":36645,"date":"2017-07-19T13:35:54","date_gmt":"2017-07-19T13:35:54","guid":{"rendered":"https:\/\/www.minerva-calibration.com\/notre-entreprise\/vacatures\/"},"modified":"2025-07-04T17:59:43","modified_gmt":"2025-07-04T15:59:43","slug":"postes-vacants","status":"publish","type":"page","link":"https:\/\/www.minerva-calibration.com\/fr\/notre-entreprise\/postes-vacants\/","title":{"rendered":"Postes vacants"},"content":{"rendered":"<p>[et_pb_section fb_built=\u00a0\u00bb1&Prime; _builder_version=\u00a0\u00bb4.16&Prime; background_color=\u00a0\u00bb#399947&Prime; use_background_color_gradient=\u00a0\u00bbon\u00a0\u00bb background_image=\u00a0\u00bbhttps:\/\/www.minerva-calibration.com\/wp-content\/uploads\/2017\/08\/lab-team-minerva.jpg\u00a0\u00bb custom_padding=\u00a0\u00bb22px|0px|31px|0px\u00a0\u00bb global_colors_info=\u00a0\u00bb{}\u00a0\u00bb][et_pb_row _builder_version=\u00a0\u00bb4.16&Prime; global_colors_info=\u00a0\u00bb{}\u00a0\u00bb][et_pb_column type=\u00a0\u00bb4_4&Prime; _builder_version=\u00a0\u00bb4.16&Prime; custom_padding=\u00a0\u00bb|||\u00a0\u00bb global_colors_info=\u00a0\u00bb{}\u00a0\u00bb custom_padding__hover=\u00a0\u00bb|||\u00a0\u00bb][et_pb_post_title meta=\u00a0\u00bboff\u00a0\u00bb featured_image=\u00a0\u00bboff\u00a0\u00bb _builder_version=\u00a0\u00bb4.16&Prime; title_text_color=\u00a0\u00bb#ffffff\u00a0\u00bb title_font_size=\u00a0\u00bb40px\u00a0\u00bb global_colors_info=\u00a0\u00bb{}\u00a0\u00bb][\/et_pb_post_title][\/et_pb_column][\/et_pb_row][\/et_pb_section][et_pb_section fb_built=\u00a0\u00bb1&Prime; _builder_version=\u00a0\u00bb4.16&Prime; custom_padding=\u00a0\u00bb0px|0px|5px|0px\u00a0\u00bb global_colors_info=\u00a0\u00bb{}\u00a0\u00bb][et_pb_row _builder_version=\u00a0\u00bb4.16&Prime; custom_padding=\u00a0\u00bb37px|0px|0px|0px\u00a0\u00bb global_colors_info=\u00a0\u00bb{}\u00a0\u00bb][et_pb_column type=\u00a0\u00bb4_4&Prime; _builder_version=\u00a0\u00bb4.16&Prime; custom_padding=\u00a0\u00bb|||\u00a0\u00bb global_colors_info=\u00a0\u00bb{}\u00a0\u00bb custom_padding__hover=\u00a0\u00bb|||\u00a0\u00bb][et_pb_dcsbcm_divi_breadcrumbs_module separator=\u00a0\u00bbsep-arrow\u00a0\u00bb hide_currentbreadcrumb=\u00a0\u00bboff\u00a0\u00bb _builder_version=\u00a0\u00bb4.16&Prime; fontsbreadcrumbs_text_color=\u00a0\u00bb#399947&Prime; fontsseperator_text_color=\u00a0\u00bb#399947&Prime; fontsseperator_font_size=\u00a0\u00bb18&Prime; fontsbreadcrumblinks_text_color=\u00a0\u00bb#399947&Prime; custom_margin=\u00a0\u00bb|20px||\u00a0\u00bb fontsbreadcrumbs_font_size_tablet=\u00a0\u00bb51&Prime; fontsbreadcrumbs_line_height_tablet=\u00a0\u00bb2&Prime; fontsseperator_font_size_tablet=\u00a0\u00bb51&Prime; fontsseperator_line_height_tablet=\u00a0\u00bb2&Prime; fontsbreadcrumblinks_font_size_tablet=\u00a0\u00bb51&Prime; fontsbreadcrumblinks_line_height_tablet=\u00a0\u00bb2&Prime; global_colors_info=\u00a0\u00bb{}\u00a0\u00bb]<\/p>\n<p>&lt;div class=\u00a0\u00bbdcsbcm_divi_breadcrumbs_wrapper clearfix et_pb_module et_pb_bg_layout_light et_pb_dcsbcm_divi_breadcrumbs_module_1&Prime;&gt;<br \/>\n &lt;div class=\u00a0\u00bbdcsbcm_divi_breadcrumbs\u00a0\u00bb&gt;&lt;span class=\u00a0\u00bbdcsbcm_divi_breadcrumb\u00a0\u00bb&gt;&lt;a href=\u00a0\u00bbhttps:\/\/www.minerva-calibration.com\/\u00a0\u00bb rel=\u00a0\u00bbv:url\u00a0\u00bb&gt;Home&lt;\/a&gt;&lt;\/span&gt;&lt;span class=\u00a0\u00bbdcsbcm_separator\u00a0\u00bb&gt;\u00a0\u2192\u00a0&lt;\/span&gt;&lt;\/div&gt;<br \/>\n &lt;\/div&gt;<br \/>\n &lt;!&#8211; .dcsbcm_divi_breadcrumbs_wrapper &#8211;&gt;<\/p>\n<p>[\/et_pb_dcsbcm_divi_breadcrumbs_module][et_pb_text _builder_version=\u00a0\u00bb4.16&Prime; border_style=\u00a0\u00bbsolid\u00a0\u00bb global_colors_info=\u00a0\u00bb{}\u00a0\u00bb]<\/p>\n<h2>Minerva Metrology and Calibration s\u2019agrandit !<\/h2>\n<p><strong>Notre \u00e9quipe a une mission claire : offrir \u00e0 nos clients des services et des produits de calibration de pression de grande qualit\u00e9, tout en garantissant une tra\u00e7abilit\u00e9 facile et fiable, du vide jusqu\u2019\u00e0 de tr\u00e8s hautes pressions.<\/strong><\/p>\n<p>Minerva est une entreprise reconnue et appr\u00e9ci\u00e9e \u00e0 l\u2019international avec un portefeuille toujours en expansion de clients fid\u00e8les et exigeants. Notre client\u00e8le compte des industries de l\u2019a\u00e9rospatial, de l\u2019instrumentation, du p\u00e9trole et gaz, de la production d\u2019\u00e9nergie, des produits pharmaceutiques et de nombreux instituts nationaux de m\u00e9trologie.\u00a0Nos calibrations de pression sont certifi\u00e9es ISO\/IEC 17025.<\/p>\n<p>&nbsp;<\/p>\n<h2>Postes \u00e0 pourvoir\u00a0<span style=\"color: #399947; font-size: 26px;\">(en anglais):<\/span><\/h2>\n<p>[\/et_pb_text][\/et_pb_column][\/et_pb_row][\/et_pb_section][et_pb_section fb_built=\u00a0\u00bb1&Prime; _builder_version=\u00a0\u00bb4.16&Prime; background_color=\u00a0\u00bb#e0e0e0&Prime; global_colors_info=\u00a0\u00bb{}\u00a0\u00bb][et_pb_row _builder_version=\u00a0\u00bb4.16&Prime; background_size=\u00a0\u00bbinitial\u00a0\u00bb background_position=\u00a0\u00bbtop_left\u00a0\u00bb background_repeat=\u00a0\u00bbrepeat\u00a0\u00bb global_colors_info=\u00a0\u00bb{}\u00a0\u00bb column_structure=\u00a0\u00bb2_3,1_3&Prime;][et_pb_column type=\u00a0\u00bb2_3&Prime; _builder_version=\u00a0\u00bb4.16&Prime; custom_padding=\u00a0\u00bb|||\u00a0\u00bb global_colors_info=\u00a0\u00bb{}\u00a0\u00bb custom_padding__hover=\u00a0\u00bb|||\u00a0\u00bb][et_pb_text _builder_version=\u00a0\u00bb4.16&Prime; global_colors_info=\u00a0\u00bb{}\u00a0\u00bb]<\/p>\n<h3><strong>PRODUCT &amp; SOFTWARE SUPPORT SPECIALIST<\/strong><\/h3>\n<p>For our growing customer base in Netherlands and Belgium we are opening a position for a PRODUCT &amp; SOFTWARE SUPPORT SPECIALIST who will provide first line technical and software support to customers in Netherland, Belgium and other European countries.<\/p>\n<p><strong>Required education:<\/strong><br \/>\n Degree in electrical\/ electronics engineering<\/p>\n<p><strong>Experience:<\/strong><br \/>\n Minimum of 2-3 yrs experience in metrology \/ measurement and test applications and use &amp; operation of Fluke MET\/CAL software<\/p>\n<p><strong>Other requirements:<\/strong><br \/>\n Can work independ and is a problem solver, no 9-5 mentatlity, willing to travel and has a customer focussed attitude. <a href=\"https:\/\/www.minerva-calibration.com\/wp-content\/uploads\/2017\/07\/product_software_support_specialist.pdf\" target=\"_blank\" rel=\"noopener\">Download the complete profile<\/a>.<\/p>\n<p>[\/et_pb_text][\/et_pb_column][et_pb_column type=\u00a0\u00bb1_3&Prime; _builder_version=\u00a0\u00bb4.16&Prime; custom_padding=\u00a0\u00bb|||\u00a0\u00bb global_colors_info=\u00a0\u00bb{}\u00a0\u00bb custom_padding__hover=\u00a0\u00bb|||\u00a0\u00bb][et_pb_blurb title=\u00a0\u00bbApply\u00a0\u00bb use_icon=\u00a0\u00bbon\u00a0\u00bb font_icon=\u00a0\u00bb&#x5a;||divi||400&Prime; image_icon_background_color=\u00a0\u00bb#ffffff\u00a0\u00bb image_icon_width=\u00a0\u00bb48px\u00a0\u00bb _builder_version=\u00a0\u00bb4.16&Prime; image_icon_custom_padding=\u00a0\u00bb25px|25px|25px|25px|false|false\u00a0\u00bb custom_padding=\u00a0\u00bb25px|25px|25px|25px\u00a0\u00bb border_width_all=\u00a0\u00bb0px\u00a0\u00bb border_color_all=\u00a0\u00bb#399947&Prime; border_style_all=\u00a0\u00bbsolid\u00a0\u00bb border_radii_image=\u00a0\u00bbon|100%|100%|100%|100%\u00a0\u00bb border_width_all_image=\u00a0\u00bb3px\u00a0\u00bb border_color_all_image=\u00a0\u00bb#399947&Prime; use_border_color=\u00a0\u00bbon\u00a0\u00bb border_color=\u00a0\u00bb#399947&Prime; image_max_width=\u00a0\u00bbnone\u00a0\u00bb use_circle=\u00a0\u00bbon\u00a0\u00bb use_circle_border=\u00a0\u00bbon\u00a0\u00bb circle_color=\u00a0\u00bb#ffffff\u00a0\u00bb global_colors_info=\u00a0\u00bb{}\u00a0\u00bb image_icon_background_color__sticky_enabled=\u00a0\u00bb#399947&Prime; image_icon_background_color__sticky=\u00a0\u00bb#399947&Prime;]<\/p>\n<p>Are you, or do you have the ambition to become, a PRODUCT &amp; SOFTWARE SUPPORT SPECIALIST?<\/p>\n<p><a href=\"mailto:jobs@minerva-calibration.com?subject=Application\">Send us your application<\/a>.<\/p>\n<p>[\/et_pb_blurb][\/et_pb_column][\/et_pb_row][\/et_pb_section][et_pb_section fb_built=\u00a0\u00bb1&Prime; _builder_version=\u00a0\u00bb4.16&Prime; background_color=\u00a0\u00bb#e0e0e0&Prime; custom_padding=\u00a0\u00bb22px|0px|19px|0px\u00a0\u00bb global_colors_info=\u00a0\u00bb{}\u00a0\u00bb][et_pb_row make_equal=\u00a0\u00bbon\u00a0\u00bb _builder_version=\u00a0\u00bb4.16&Prime; global_colors_info=\u00a0\u00bb{}\u00a0\u00bb column_structure=\u00a0\u00bb1_2,1_2&Prime;][et_pb_column type=\u00a0\u00bb1_2&Prime; _builder_version=\u00a0\u00bb4.16&Prime; custom_padding=\u00a0\u00bb|||\u00a0\u00bb global_colors_info=\u00a0\u00bb{}\u00a0\u00bb custom_padding__hover=\u00a0\u00bb|||\u00a0\u00bb][et_pb_text _builder_version=\u00a0\u00bb4.16&Prime; border_style=\u00a0\u00bbsolid\u00a0\u00bb global_colors_info=\u00a0\u00bb{}\u00a0\u00bb]<\/p>\n<h2>Candidatures spontan\u00e9es<\/h2>\n<p>Nous sommes int\u00e9ress\u00e9s par les candidatures concernant le domaine technique, le commerce et la relation client.<\/p>\n<ul>\n<li>Seriez-vous int\u00e9ress\u00e9 pour travailler dans une entreprise de taille moyenne au c\u0153ur des Pays-Bas ?<\/li>\n<li>Au sein d\u2019une \u00e9quipe motiv\u00e9e toujours en expansion et \u00e0 la recherche des meilleurs moyens d\u2019am\u00e9liorer nos services ?<\/li>\n<\/ul>\n<p>Alors veuillez envoyer vos candidatures \u00e0 Henk de Lange, Directeur G\u00e9n\u00e9ral,\u00a0<a href=\"mailto:jobs@minerva-calibration.com\">jobs@minerva-calibration.com<\/a>\u00a0ou contactez-nous pour plus d\u2019informations au +31 33 46 22 000.<\/p>\n<p>[\/et_pb_text][\/et_pb_column][et_pb_column type=\u00a0\u00bb1_2&Prime; _builder_version=\u00a0\u00bb4.16&Prime; custom_padding=\u00a0\u00bb|||\u00a0\u00bb global_colors_info=\u00a0\u00bb{}\u00a0\u00bb custom_padding__hover=\u00a0\u00bb|||\u00a0\u00bb][et_pb_text _builder_version=\u00a0\u00bb4.16&Prime; background_color=\u00a0\u00bb#e0e0e0&Prime; border_style=\u00a0\u00bbsolid\u00a0\u00bb global_colors_info=\u00a0\u00bb{}\u00a0\u00bb]<\/p>\n<h2>Rejoignez-vous notre \u00e9quipe ?<\/h2>\n<p>[\/et_pb_text][et_pb_image src=\u00a0\u00bbhttps:\/\/www.minerva-calibration.com\/wp-content\/uploads\/2025\/05\/Minerva-31-scaled.jpg\u00a0\u00bb show_in_lightbox=\u00a0\u00bbon\u00a0\u00bb align_tablet=\u00a0\u00bbcenter\u00a0\u00bb align_last_edited=\u00a0\u00bbon|desktop\u00a0\u00bb _builder_version=\u00a0\u00bb4.27.4&Prime; animation_style=\u00a0\u00bbslide\u00a0\u00bb animation_direction=\u00a0\u00bbleft\u00a0\u00bb animation_duration=\u00a0\u00bb500ms\u00a0\u00bb animation_intensity_slide=\u00a0\u00bb10%\u00a0\u00bb hover_enabled=\u00a0\u00bb0&Prime; border_style=\u00a0\u00bbsolid\u00a0\u00bb always_center_on_mobile=\u00a0\u00bbon\u00a0\u00bb global_colors_info=\u00a0\u00bb{}\u00a0\u00bb title_text=\u00a0\u00bbMinerva-31&Prime; sticky_enabled=\u00a0\u00bb0&Prime; align_phone=\u00a0\u00bbcenter\u00a0\u00bb][\/et_pb_image][\/et_pb_column][\/et_pb_row][\/et_pb_section]<\/p>\n","protected":false},"excerpt":{"rendered":"<p>&lt;div class=\u00a0\u00bbdcsbcm_divi_breadcrumbs_wrapper clearfix et_pb_module et_pb_bg_layout_light et_pb_dcsbcm_divi_breadcrumbs_module_1&Prime;&gt; &lt;div class=\u00a0\u00bbdcsbcm_divi_breadcrumbs\u00a0\u00bb&gt;&lt;span class=\u00a0\u00bbdcsbcm_divi_breadcrumb\u00a0\u00bb&gt;&lt;a href=\u00a0\u00bbhttps:\/\/www.minerva-calibration.com\/\u00a0\u00bb rel=\u00a0\u00bbv:url\u00a0\u00bb&gt;Home&lt;\/a&gt;&lt;\/span&gt;&lt;span class=\u00a0\u00bbdcsbcm_separator\u00a0\u00bb&gt;\u00a0\u2192\u00a0&lt;\/span&gt;&lt;\/div&gt; &lt;\/div&gt; &lt;!&#8211; .dcsbcm_divi_breadcrumbs_wrapper &#8211;&gt; Minerva Metrology and Calibration s\u2019agrandit ! Notre \u00e9quipe a une mission claire : offrir \u00e0 nos clients des services et des produits de calibration de pression de grande qualit\u00e9, tout en garantissant une tra\u00e7abilit\u00e9 facile et fiable, du vide [&hellip;]<\/p>\n","protected":false},"author":1,"featured_media":0,"parent":33895,"menu_order":0,"comment_status":"closed","ping_status":"closed","template":"","meta":{"_acf_changed":false,"_et_pb_use_builder":"on","_et_pb_old_content":"<h2>Minerva Metrology and Calibration is expanding!<\/h2><p><strong>Our team has one mission: providing our customers with premium pressure calibration products and services, ensuring carefree, reliable traceability from vacuum to very high pressure.<\/strong><\/p><p>Minerva is an internationally\u00a0renowned and well appreciated company with a loyal, demanding and growing customer base. Our customers include industries like aerospace, process instruments, oil and gas, energy production, pharmaceutical, and multiple national measurement institutes.<\/p><p>Our pressure calibrations are ISO\/IEC 17025 accredited.<\/p><p>\u00a0<\/p><h2>Current vacancies<\/h2><h3>SENIOR LABORATORY TECHNICIAN \/ QUALITY TEAM LEADER (PART-TIME)<\/h3><p>For our innovative metrology lab, we are looking for a\u00a0Senior Laboratory Technician \/ Quality Team Leader\u00a0who is able to perform pressure calibrations and issue ISO\/IEC 17025 compliant certificates. You will join our team of calibration technicians. Curious about our lab?\u00a0Take a virtual tour.<\/p><p>Required education:<br \/> Technical oriented HBO or University \/ equivalent to BA or Master degree.<\/p><p>Experience:<br \/> 5 - 10 years\u2019 experience in Professional Calibration<br \/> 2 - 3 years\u2019 experience in quality assurance<\/p><p>Other requirements:<br \/> A good vision, math and statistical skills, and a sharp eye-hand coordination.\u00a0You need the ability to analyze and interpret data and other information in order to complete pressure calibration procedures.\u00a0Download the extensive job description.<\/p><p>Apply:<br \/> Are you, or do you have the ambition to become, a senior\u00a0technician with the potential skills to grow towards a role of Quality Team Lead?\u00a0Send us your application.<\/p><p>\u00a0<\/p><h2>Open applications<\/h2><p>We are interested in receiving applications for technical, sales and customer support positions. Are you interested in working at a medium sized company in the heart of the Netherlands? In a dedicated team that is growing and continuously looking for ways to improve our service? Then please send your application to Henk de Lange, General Manager,\u00a0jobs@minerva-calibration.com\u00a0or contact us for more information via\u00a0+31 33 46 22 000.<\/p>","_et_gb_content_width":"","footnotes":""},"class_list":["post-36645","page","type-page","status-publish","hentry"],"acf":[],"yoast_head":"<!-- This site is optimized with the Yoast SEO plugin v27.4 - https:\/\/yoast.com\/product\/yoast-seo-wordpress\/ -->\n<title>Postes vacants &#8212; Minerva Metrology &amp; Calibration<\/title>\n<meta name=\"robots\" content=\"index, follow, max-snippet:-1, max-image-preview:large, max-video-preview:-1\" \/>\n<link rel=\"canonical\" href=\"https:\/\/www.minerva-calibration.com\/fr\/notre-entreprise\/postes-vacants\/\" \/>\n<meta property=\"og:locale\" content=\"fr_FR\" \/>\n<meta property=\"og:type\" content=\"article\" \/>\n<meta property=\"og:title\" content=\"Postes vacants &#8212; Minerva Metrology &amp; Calibration\" \/>\n<meta property=\"og:description\" content=\"&lt;div class=&quot;dcsbcm_divi_breadcrumbs_wrapper clearfix et_pb_module et_pb_bg_layout_light et_pb_dcsbcm_divi_breadcrumbs_module_1&quot;&gt; &lt;div class=&quot;dcsbcm_divi_breadcrumbs&quot;&gt;&lt;span class=&quot;dcsbcm_divi_breadcrumb&quot;&gt;&lt;a href=&quot;https:\/\/www.minerva-calibration.com\/&quot; rel=&quot;v:url&quot;&gt;Home&lt;\/a&gt;&lt;\/span&gt;&lt;span class=&quot;dcsbcm_separator&quot;&gt;\u00a0\u2192\u00a0&lt;\/span&gt;&lt;\/div&gt; &lt;\/div&gt; &lt;!-- .dcsbcm_divi_breadcrumbs_wrapper --&gt; Minerva Metrology and Calibration s\u2019agrandit ! Notre \u00e9quipe a une mission claire : offrir \u00e0 nos clients des services et des produits de calibration de pression de grande qualit\u00e9, tout en garantissant une tra\u00e7abilit\u00e9 facile et fiable, du vide [&hellip;]\" \/>\n<meta property=\"og:url\" content=\"https:\/\/www.minerva-calibration.com\/fr\/notre-entreprise\/postes-vacants\/\" \/>\n<meta property=\"og:site_name\" content=\"Minerva Metrology &amp; Calibration\" \/>\n<meta property=\"article:publisher\" content=\"https:\/\/www.facebook.com\/minervametrology\/\" \/>\n<meta property=\"article:modified_time\" content=\"2025-07-04T15:59:43+00:00\" \/>\n<meta name=\"twitter:card\" content=\"summary_large_image\" \/>\n<meta name=\"twitter:site\" content=\"@Minerva_Cal\" \/>\n<meta name=\"twitter:label1\" content=\"Dur\u00e9e de lecture estim\u00e9e\" \/>\n\t<meta name=\"twitter:data1\" content=\"2 minutes\" \/>\n<script type=\"application\/ld+json\" class=\"yoast-schema-graph\">{\"@context\":\"https:\\\/\\\/schema.org\",\"@graph\":[{\"@type\":\"WebPage\",\"@id\":\"https:\\\/\\\/www.minerva-calibration.com\\\/fr\\\/notre-entreprise\\\/postes-vacants\\\/\",\"url\":\"https:\\\/\\\/www.minerva-calibration.com\\\/fr\\\/notre-entreprise\\\/postes-vacants\\\/\",\"name\":\"Postes vacants &#8212; Minerva Metrology &amp; Calibration\",\"isPartOf\":{\"@id\":\"https:\\\/\\\/www.minerva-calibration.com\\\/#website\"},\"datePublished\":\"2017-07-19T13:35:54+00:00\",\"dateModified\":\"2025-07-04T15:59:43+00:00\",\"breadcrumb\":{\"@id\":\"https:\\\/\\\/www.minerva-calibration.com\\\/fr\\\/notre-entreprise\\\/postes-vacants\\\/#breadcrumb\"},\"inLanguage\":\"fr-FR\",\"potentialAction\":[{\"@type\":\"ReadAction\",\"target\":[\"https:\\\/\\\/www.minerva-calibration.com\\\/fr\\\/notre-entreprise\\\/postes-vacants\\\/\"]}]},{\"@type\":\"BreadcrumbList\",\"@id\":\"https:\\\/\\\/www.minerva-calibration.com\\\/fr\\\/notre-entreprise\\\/postes-vacants\\\/#breadcrumb\",\"itemListElement\":[{\"@type\":\"ListItem\",\"position\":1,\"name\":\"\u00e0 propos de notre entreprise\",\"item\":\"https:\\\/\\\/www.minerva-calibration.com\\\/fr\\\/notre-entreprise\\\/\"},{\"@type\":\"ListItem\",\"position\":2,\"name\":\"Postes vacants\"}]},{\"@type\":\"WebSite\",\"@id\":\"https:\\\/\\\/www.minerva-calibration.com\\\/#website\",\"url\":\"https:\\\/\\\/www.minerva-calibration.com\\\/\",\"name\":\"Minerva Metrology &amp; Calibration\",\"description\":\"Specialised in high accuracy calibrations\",\"potentialAction\":[{\"@type\":\"SearchAction\",\"target\":{\"@type\":\"EntryPoint\",\"urlTemplate\":\"https:\\\/\\\/www.minerva-calibration.com\\\/?s={search_term_string}\"},\"query-input\":{\"@type\":\"PropertyValueSpecification\",\"valueRequired\":true,\"valueName\":\"search_term_string\"}}],\"inLanguage\":\"fr-FR\"}]}<\/script>\n<!-- \/ Yoast SEO plugin. -->","yoast_head_json":{"title":"Postes vacants &#8212; Minerva Metrology &amp; Calibration","robots":{"index":"index","follow":"follow","max-snippet":"max-snippet:-1","max-image-preview":"max-image-preview:large","max-video-preview":"max-video-preview:-1"},"canonical":"https:\/\/www.minerva-calibration.com\/fr\/notre-entreprise\/postes-vacants\/","og_locale":"fr_FR","og_type":"article","og_title":"Postes vacants &#8212; Minerva Metrology &amp; Calibration","og_description":"&lt;div class=\"dcsbcm_divi_breadcrumbs_wrapper clearfix et_pb_module et_pb_bg_layout_light et_pb_dcsbcm_divi_breadcrumbs_module_1\"&gt; &lt;div class=\"dcsbcm_divi_breadcrumbs\"&gt;&lt;span class=\"dcsbcm_divi_breadcrumb\"&gt;&lt;a href=\"https:\/\/www.minerva-calibration.com\/\" rel=\"v:url\"&gt;Home&lt;\/a&gt;&lt;\/span&gt;&lt;span class=\"dcsbcm_separator\"&gt;\u00a0\u2192\u00a0&lt;\/span&gt;&lt;\/div&gt; &lt;\/div&gt; &lt;!-- .dcsbcm_divi_breadcrumbs_wrapper --&gt; Minerva Metrology and Calibration s\u2019agrandit ! Notre \u00e9quipe a une mission claire : offrir \u00e0 nos clients des services et des produits de calibration de pression de grande qualit\u00e9, tout en garantissant une tra\u00e7abilit\u00e9 facile et fiable, du vide [&hellip;]","og_url":"https:\/\/www.minerva-calibration.com\/fr\/notre-entreprise\/postes-vacants\/","og_site_name":"Minerva Metrology &amp; Calibration","article_publisher":"https:\/\/www.facebook.com\/minervametrology\/","article_modified_time":"2025-07-04T15:59:43+00:00","twitter_card":"summary_large_image","twitter_site":"@Minerva_Cal","twitter_misc":{"Dur\u00e9e de lecture estim\u00e9e":"2 minutes"},"schema":{"@context":"https:\/\/schema.org","@graph":[{"@type":"WebPage","@id":"https:\/\/www.minerva-calibration.com\/fr\/notre-entreprise\/postes-vacants\/","url":"https:\/\/www.minerva-calibration.com\/fr\/notre-entreprise\/postes-vacants\/","name":"Postes vacants &#8212; Minerva Metrology &amp; Calibration","isPartOf":{"@id":"https:\/\/www.minerva-calibration.com\/#website"},"datePublished":"2017-07-19T13:35:54+00:00","dateModified":"2025-07-04T15:59:43+00:00","breadcrumb":{"@id":"https:\/\/www.minerva-calibration.com\/fr\/notre-entreprise\/postes-vacants\/#breadcrumb"},"inLanguage":"fr-FR","potentialAction":[{"@type":"ReadAction","target":["https:\/\/www.minerva-calibration.com\/fr\/notre-entreprise\/postes-vacants\/"]}]},{"@type":"BreadcrumbList","@id":"https:\/\/www.minerva-calibration.com\/fr\/notre-entreprise\/postes-vacants\/#breadcrumb","itemListElement":[{"@type":"ListItem","position":1,"name":"\u00e0 propos de notre entreprise","item":"https:\/\/www.minerva-calibration.com\/fr\/notre-entreprise\/"},{"@type":"ListItem","position":2,"name":"Postes vacants"}]},{"@type":"WebSite","@id":"https:\/\/www.minerva-calibration.com\/#website","url":"https:\/\/www.minerva-calibration.com\/","name":"Minerva Metrology &amp; Calibration","description":"Specialised in high accuracy calibrations","potentialAction":[{"@type":"SearchAction","target":{"@type":"EntryPoint","urlTemplate":"https:\/\/www.minerva-calibration.com\/?s={search_term_string}"},"query-input":{"@type":"PropertyValueSpecification","valueRequired":true,"valueName":"search_term_string"}}],"inLanguage":"fr-FR"}]}},"_links":{"self":[{"href":"https:\/\/www.minerva-calibration.com\/fr\/wp-json\/wp\/v2\/pages\/36645","targetHints":{"allow":["GET"]}}],"collection":[{"href":"https:\/\/www.minerva-calibration.com\/fr\/wp-json\/wp\/v2\/pages"}],"about":[{"href":"https:\/\/www.minerva-calibration.com\/fr\/wp-json\/wp\/v2\/types\/page"}],"author":[{"embeddable":true,"href":"https:\/\/www.minerva-calibration.com\/fr\/wp-json\/wp\/v2\/users\/1"}],"replies":[{"embeddable":true,"href":"https:\/\/www.minerva-calibration.com\/fr\/wp-json\/wp\/v2\/comments?post=36645"}],"version-history":[{"count":6,"href":"https:\/\/www.minerva-calibration.com\/fr\/wp-json\/wp\/v2\/pages\/36645\/revisions"}],"predecessor-version":[{"id":58964,"href":"https:\/\/www.minerva-calibration.com\/fr\/wp-json\/wp\/v2\/pages\/36645\/revisions\/58964"}],"up":[{"embeddable":true,"href":"https:\/\/www.minerva-calibration.com\/fr\/wp-json\/wp\/v2\/pages\/33895"}],"wp:attachment":[{"href":"https:\/\/www.minerva-calibration.com\/fr\/wp-json\/wp\/v2\/media?parent=36645"}],"curies":[{"name":"wp","href":"https:\/\/api.w.org\/{rel}","templated":true}]}}