{"id":36655,"date":"2017-07-17T14:00:51","date_gmt":"2017-07-17T14:00:51","guid":{"rendered":"https:\/\/www.minerva-calibration.com\/notre-entreprise\/wereldwijde-accreditatie\/"},"modified":"2025-07-03T19:46:30","modified_gmt":"2025-07-03T17:46:30","slug":"laboratoire-detalonnage-accredite","status":"publish","type":"page","link":"https:\/\/www.minerva-calibration.com\/fr\/notre-entreprise\/laboratoire-detalonnage-accredite\/","title":{"rendered":"Laboratoire d\u2019etalonnage accredite"},"content":{"rendered":"<p>[et_pb_section fb_built=\u00a0\u00bb1&Prime; _builder_version=\u00a0\u00bb4.16&Prime; background_color=\u00a0\u00bb#399947&Prime; use_background_color_gradient=\u00a0\u00bbon\u00a0\u00bb background_image=\u00a0\u00bbhttps:\/\/www.minerva-calibration.com\/wp-content\/uploads\/2017\/06\/Minerva00107.jpg\u00a0\u00bb custom_padding=\u00a0\u00bb22px|0px|31px|0px\u00a0\u00bb global_colors_info=\u00a0\u00bb{}\u00a0\u00bb][et_pb_row _builder_version=\u00a0\u00bb4.16&Prime; global_colors_info=\u00a0\u00bb{}\u00a0\u00bb][et_pb_column type=\u00a0\u00bb4_4&Prime; _builder_version=\u00a0\u00bb4.16&Prime; custom_padding=\u00a0\u00bb|||\u00a0\u00bb global_colors_info=\u00a0\u00bb{}\u00a0\u00bb custom_padding__hover=\u00a0\u00bb|||\u00a0\u00bb][et_pb_post_title meta=\u00a0\u00bboff\u00a0\u00bb featured_image=\u00a0\u00bboff\u00a0\u00bb _builder_version=\u00a0\u00bb4.16&Prime; title_text_color=\u00a0\u00bb#ffffff\u00a0\u00bb title_font_size=\u00a0\u00bb40px\u00a0\u00bb global_colors_info=\u00a0\u00bb{}\u00a0\u00bb][\/et_pb_post_title][\/et_pb_column][\/et_pb_row][\/et_pb_section][et_pb_section fb_built=\u00a0\u00bb1&Prime; _builder_version=\u00a0\u00bb4.16&Prime; custom_padding=\u00a0\u00bb0px|0px|34px|0px\u00a0\u00bb global_colors_info=\u00a0\u00bb{}\u00a0\u00bb][et_pb_row _builder_version=\u00a0\u00bb4.16&Prime; custom_padding=\u00a0\u00bb37px|0px|22px|0px\u00a0\u00bb global_colors_info=\u00a0\u00bb{}\u00a0\u00bb][et_pb_column type=\u00a0\u00bb4_4&Prime; _builder_version=\u00a0\u00bb4.16&Prime; custom_padding=\u00a0\u00bb|||\u00a0\u00bb global_colors_info=\u00a0\u00bb{}\u00a0\u00bb custom_padding__hover=\u00a0\u00bb|||\u00a0\u00bb][et_pb_dcsbcm_divi_breadcrumbs_module separator=\u00a0\u00bbsep-arrow\u00a0\u00bb hide_currentbreadcrumb=\u00a0\u00bboff\u00a0\u00bb _builder_version=\u00a0\u00bb4.16&Prime; fontsbreadcrumbs_text_color=\u00a0\u00bb#399947&Prime; fontsseperator_text_color=\u00a0\u00bb#399947&Prime; fontsseperator_font_size=\u00a0\u00bb18&Prime; fontsbreadcrumblinks_text_color=\u00a0\u00bb#399947&Prime; custom_margin=\u00a0\u00bb|20px||\u00a0\u00bb fontsbreadcrumbs_font_size_tablet=\u00a0\u00bb51&Prime; fontsbreadcrumbs_line_height_tablet=\u00a0\u00bb2&Prime; fontsseperator_font_size_tablet=\u00a0\u00bb51&Prime; fontsseperator_line_height_tablet=\u00a0\u00bb2&Prime; fontsbreadcrumblinks_font_size_tablet=\u00a0\u00bb51&Prime; fontsbreadcrumblinks_line_height_tablet=\u00a0\u00bb2&Prime; global_colors_info=\u00a0\u00bb{}\u00a0\u00bb]&lt;div class=\u00a0\u00bbdcsbcm_divi_breadcrumbs_wrapper clearfix et_pb_module et_pb_bg_layout_light et_pb_dcsbcm_divi_breadcrumbs_module_1&Prime;&gt;<br \/>\n&lt;div class=\u00a0\u00bbdcsbcm_divi_breadcrumbs\u00a0\u00bb&gt;&lt;span class=\u00a0\u00bbdcsbcm_divi_breadcrumb\u00a0\u00bb&gt;&lt;a href=\u00a0\u00bbhttps:\/\/www.minerva-calibration.com\/\u00a0\u00bb rel=\u00a0\u00bbv:url\u00a0\u00bb&gt;Home&lt;\/a&gt;&lt;\/span&gt;&lt;span class=\u00a0\u00bbdcsbcm_separator\u00a0\u00bb&gt;\u00a0\u2192\u00a0&lt;\/span&gt;&lt;\/div&gt;<br \/>\n&lt;\/div&gt;<br \/>\n&lt;!&#8211; .dcsbcm_divi_breadcrumbs_wrapper &#8211;&gt;<br \/>\n[\/et_pb_dcsbcm_divi_breadcrumbs_module][\/et_pb_column][\/et_pb_row][et_pb_row _builder_version=\u00a0\u00bb4.16&Prime; custom_padding=\u00a0\u00bb1px|0px|17px|0px\u00a0\u00bb global_colors_info=\u00a0\u00bb{}\u00a0\u00bb][et_pb_column type=\u00a0\u00bb4_4&Prime; _builder_version=\u00a0\u00bb4.16&Prime; custom_padding=\u00a0\u00bb|||\u00a0\u00bb global_colors_info=\u00a0\u00bb{}\u00a0\u00bb custom_padding__hover=\u00a0\u00bb|||\u00a0\u00bb][et_pb_text _builder_version=\u00a0\u00bb4.27.4&Prime; hover_enabled=\u00a0\u00bb0&Prime; border_style=\u00a0\u00bbsolid\u00a0\u00bb global_colors_info=\u00a0\u00bb{}\u00a0\u00bb sticky_enabled=\u00a0\u00bb0&Prime;]<\/p>\n<h2>Notre accreditation \u00e0 l\u2019\u00e9chelle mondiale<\/h2>\n<p><strong>Minerva poss\u00e8de un laboratoire d\u2019\u00e9talonnage accredite de haute pr\u00e9cision innovant exceptionnel \u00e0 Amersfoort, aux Pays-Bas. Notre accr\u00e9ditation nous a \u00e9t\u00e9 attribu\u00e9e en 1988 par le conseil n\u00e9erlandais de l\u2019accr\u00e9ditation (Dutch Accreditation Council (RvA)) et garantit une reconnaissance par le ILAC Mutual Recognition Arrangement (ILAC MRA).<\/strong><\/p>\n<p><a href=\"https:\/\/www.minerva-calibration.com\/wp-content\/uploads\/2025\/02\/K-048-UK-feb-2025.jpg\"><img decoding=\"async\" class=\"wp-image-58571 alignright size-medium\" src=\"https:\/\/www.minerva-calibration.com\/wp-content\/uploads\/2025\/02\/K-048-UK-feb-2025-225x300.jpg\" alt=\"\" width=\"225\" height=\"300\" \/><\/a><\/p>\n<p>Notre accr\u00e9ditation s\u2019appuie sur la norme ISO\/IEC 17025. Avec cette accr\u00e9ditation, Minerva est en mesure d\u2019\u00e9talonner une large gamme d\u2019\u00e9quipement d\u2019\u00e9talonnage de pression sp\u00e9cialis\u00e9, sur une plage de pressions comprise entre 0 Pascal absolu (vide) et 5000 bar.<\/p>\n<p>Pour un compl\u00e9ment d\u2019informations, consultez\u00a0<a href=\"https:\/\/www.rva.nl\/alle-geaccrediteerden\/k048\/\" target=\"_blank\" rel=\"noopener\">le site Web du RvA\u00a0<\/a>pour le champ d&rsquo;application technique actuel de notre laboratoire d\u2019\u00e9talonnage. Vous y trouverez les types d\u2019instruments de mesure que nous pouvons \u00e9talonner y compris nos incertitudes de mesure d\u00e9montr\u00e9es.<\/p>\n<p>Nous sommes fiers de pr\u00e9senter nos installations d\u2019\u00e9talonnage, enti\u00e8rement r\u00e9nov\u00e9es en 2016. Nous proposons des prestations de service haut de gamme avec des incertitudes tr\u00e8s faibles. Pour en savoir plus,\u00a0<a href=\"https:\/\/www.minerva-calibration.com\/contact.html\">contactez-nous!<\/a><\/p>\n<p>[\/et_pb_text][\/et_pb_column][\/et_pb_row][\/et_pb_section][et_pb_section fb_built=\u00a0\u00bb1&Prime; admin_label=\u00a0\u00bbSection\u00a0\u00bb _builder_version=\u00a0\u00bb4.16&Prime; background_color=\u00a0\u00bb#ffffff\u00a0\u00bb custom_padding=\u00a0\u00bb0px|0px|10px|0px\u00a0\u00bb locked=\u00a0\u00bboff\u00a0\u00bb global_colors_info=\u00a0\u00bb{}\u00a0\u00bb][et_pb_row admin_label=\u00a0\u00bbRow\u00a0\u00bb _builder_version=\u00a0\u00bb4.16&Prime; custom_padding=\u00a0\u00bb37px|0px|5px|0px\u00a0\u00bb global_colors_info=\u00a0\u00bb{}\u00a0\u00bb][et_pb_column type=\u00a0\u00bb4_4&Prime; _builder_version=\u00a0\u00bb4.16&Prime; custom_padding=\u00a0\u00bb|||\u00a0\u00bb global_colors_info=\u00a0\u00bb{}\u00a0\u00bb custom_padding__hover=\u00a0\u00bb|||\u00a0\u00bb][et_pb_text admin_label=\u00a0\u00bbText\u00a0\u00bb _builder_version=\u00a0\u00bb4.18.0&Prime; border_style=\u00a0\u00bbsolid\u00a0\u00bb global_colors_info=\u00a0\u00bb{}\u00a0\u00bb]<\/p>\n<p>&nbsp;<\/p>\n<h3>Regardez la vid\u00e9o pour voir\u00a0le laboratoire Minerva\u00a0de vos propres yeux!<\/h3>\n<p>[\/et_pb_text][et_pb_video src=\u00a0\u00bbhttps:\/\/www.youtube.com\/watch?v=iuuq3w_liZs\u00a0\u00bb image_src=\u00a0\u00bbhttps:\/\/www.minerva-calibration.com\/wp-content\/uploads\/2019\/06\/Schermafbeelding-2019-06-14-om-11.27.48.png\u00a0\u00bb image_src_last_edited=\u00a0\u00bboff|desktop\u00a0\u00bb admin_label=\u00a0\u00bbVideo\u00a0\u00bb _builder_version=\u00a0\u00bb4.18.0&Prime; width=\u00a0\u00bb100%\u00a0\u00bb global_colors_info=\u00a0\u00bb{}\u00a0\u00bb image_src__hover_enabled=\u00a0\u00bboff|desktop\u00a0\u00bb][\/et_pb_video][\/et_pb_column][\/et_pb_row][et_pb_row _builder_version=\u00a0\u00bb4.16&Prime; background_size=\u00a0\u00bbinitial\u00a0\u00bb background_position=\u00a0\u00bbtop_left\u00a0\u00bb background_repeat=\u00a0\u00bbrepeat\u00a0\u00bb global_colors_info=\u00a0\u00bb{}\u00a0\u00bb][et_pb_column type=\u00a0\u00bb4_4&Prime; _builder_version=\u00a0\u00bb4.16&Prime; custom_padding=\u00a0\u00bb|||\u00a0\u00bb global_colors_info=\u00a0\u00bb{}\u00a0\u00bb custom_padding__hover=\u00a0\u00bb|||\u00a0\u00bb][et_pb_text _builder_version=\u00a0\u00bb4.18.0&Prime; global_colors_info=\u00a0\u00bb{}\u00a0\u00bb]<\/p>\n<h2>\u00ab\u00a0Promenez-vous\u00a0\u00bb dans notre laboratoire d&rsquo;\u00e9talonnage via cette visite virtuelle<\/h2>\n<p>Vous \u00eates toujours les bienvenus pour nous rendre visite et nous sommes heureux de vous faire visiter la vraie vie!<\/p>\n<p style=\"text-align: center;\">[\/et_pb_text][et_pb_code _builder_version=\u00a0\u00bb4.18.0&Prime; global_colors_info=\u00a0\u00bb{}\u00a0\u00bb]<pee><iframe frameborder=\"0\" height=\"650\" data-src=\"https:\/\/www.google.com\/maps\/embed?pb=!1m0!3m2!1snl!2snl!4v1493732836224!6m8!1m7!1sF%3A-BUjoc5WoHno%2FWP9COpyPT9I%2FAAAAAAAABr4%2Ff3H3dyVgVTwni693sbD5LAZ4v5D9SUvgwCLIB!2m2!1d52.16073693142967!2d5.358730104076614!3f269.89!4f-19.47!5f0.7820865974627469\" data-cookie-name=\"cookieconsent\" data-cookie-value=\"accept\" \/ style=\"border:0\" width=\"800\"><\/iframe><\/pee>[\/et_pb_code][\/et_pb_column][\/et_pb_row][\/et_pb_section][et_pb_section fb_built=\u00a0\u00bb1&Prime; _builder_version=\u00a0\u00bb4.16&Prime; background_color=\u00a0\u00bb#ffffff\u00a0\u00bb custom_padding=\u00a0\u00bb0px|0px|10px|0px\u00a0\u00bb global_colors_info=\u00a0\u00bb{}\u00a0\u00bb][et_pb_row _builder_version=\u00a0\u00bb4.16&Prime; custom_padding=\u00a0\u00bb18px|0px|18px|0px\u00a0\u00bb global_colors_info=\u00a0\u00bb{}\u00a0\u00bb][et_pb_column type=\u00a0\u00bb4_4&Prime; _builder_version=\u00a0\u00bb4.16&Prime; custom_padding=\u00a0\u00bb|||\u00a0\u00bb global_colors_info=\u00a0\u00bb{}\u00a0\u00bb custom_padding__hover=\u00a0\u00bb|||\u00a0\u00bb][et_pb_text _builder_version=\u00a0\u00bb4.16&Prime; module_alignment=\u00a0\u00bbleft\u00a0\u00bb border_style=\u00a0\u00bbsolid\u00a0\u00bb global_colors_info=\u00a0\u00bb{}\u00a0\u00bb]<\/p>\n<h3>Minerva est accr\u00e9dit\u00e9e par le Conseil d&rsquo;accr\u00e9ditation (Raad van Accreditatie):<br \/>\n<a href=\"https:\/\/www.rva.nl\/scopes\/details\/K048\" target=\"_blank\" rel=\"noopener\"><img decoding=\"async\" class=\"alignright wp-image-32082 size-full\" title=\"Raad van Accreditatie\" src=\"http:\/\/minerva-calibration.com\/wp-content\/uploads\/2017\/07\/RvA-logo-k048-250.png\" alt=\"Raad van Accreditatie\" width=\"250\" height=\"226\" srcset=\"https:\/\/www.minerva-calibration.com\/wp-content\/uploads\/2017\/07\/RvA-logo-k048-250.png 250w, https:\/\/www.minerva-calibration.com\/wp-content\/uploads\/2017\/07\/RvA-logo-k048-250-24x22.png 24w, https:\/\/www.minerva-calibration.com\/wp-content\/uploads\/2017\/07\/RvA-logo-k048-250-36x33.png 36w, https:\/\/www.minerva-calibration.com\/wp-content\/uploads\/2017\/07\/RvA-logo-k048-250-48x43.png 48w\" sizes=\"(max-width: 250px) 100vw, 250px\" \/><\/a><\/h3>\n<p>[\/et_pb_text][\/et_pb_column][\/et_pb_row][\/et_pb_section][et_pb_section fb_built=\u00a0\u00bb1&Prime; _builder_version=\u00a0\u00bb4.16&Prime; background_color=\u00a0\u00bb#f2f2f2&Prime; custom_padding=\u00a0\u00bb22px|0px|19px|0px\u00a0\u00bb global_colors_info=\u00a0\u00bb{}\u00a0\u00bb][et_pb_row column_structure=\u00a0\u00bb1_3,1_3,1_3&Prime; make_equal=\u00a0\u00bbon\u00a0\u00bb _builder_version=\u00a0\u00bb4.16&Prime; global_colors_info=\u00a0\u00bb{}\u00a0\u00bb][et_pb_column type=\u00a0\u00bb1_3&Prime; _builder_version=\u00a0\u00bb4.16&Prime; custom_padding=\u00a0\u00bb|||\u00a0\u00bb global_colors_info=\u00a0\u00bb{}\u00a0\u00bb custom_padding__hover=\u00a0\u00bb|||\u00a0\u00bb][\/et_pb_column][et_pb_column type=\u00a0\u00bb1_3&Prime; _builder_version=\u00a0\u00bb4.16&Prime; custom_padding=\u00a0\u00bb|||\u00a0\u00bb global_colors_info=\u00a0\u00bb{}\u00a0\u00bb custom_padding__hover=\u00a0\u00bb|||\u00a0\u00bb][et_pb_blurb title=\u00a0\u00bbContactez-nous!\u00a0\u00bb url=\u00a0\u00bb\/fr\/contact\u00a0\u00bb use_icon=\u00a0\u00bbon\u00a0\u00bb font_icon=\u00a0\u00bb&#xe010;||divi||400&Prime; image_icon_background_color=\u00a0\u00bb#ffffff\u00a0\u00bb image_icon_width=\u00a0\u00bb48px\u00a0\u00bb _builder_version=\u00a0\u00bb4.16&Prime; header_text_color=\u00a0\u00bb#ffffff\u00a0\u00bb background_color=\u00a0\u00bb#399947&Prime; image_icon_custom_padding=\u00a0\u00bb25px|25px|25px|25px|false|false\u00a0\u00bb text_orientation=\u00a0\u00bbcenter\u00a0\u00bb background_layout=\u00a0\u00bbdark\u00a0\u00bb custom_margin=\u00a0\u00bb|||\u00a0\u00bb custom_padding=\u00a0\u00bb40px|||\u00a0\u00bb border_radii_image=\u00a0\u00bbon|100%|100%|100%|100%\u00a0\u00bb border_style=\u00a0\u00bbsolid\u00a0\u00bb use_circle=\u00a0\u00bbon\u00a0\u00bb circle_color=\u00a0\u00bb#ffffff\u00a0\u00bb global_colors_info=\u00a0\u00bb{}\u00a0\u00bb image_icon_background_color__sticky_enabled=\u00a0\u00bb#399947&Prime; image_icon_background_color__sticky=\u00a0\u00bb#399947&Prime;]Notre \u00e9quipe est pr\u00eate pour vous.<\/p>\n<p>&nbsp;<br \/>\n[\/et_pb_blurb][\/et_pb_column][et_pb_column type=\u00a0\u00bb1_3&Prime; _builder_version=\u00a0\u00bb4.16&Prime; custom_padding=\u00a0\u00bb|||\u00a0\u00bb global_colors_info=\u00a0\u00bb{}\u00a0\u00bb custom_padding__hover=\u00a0\u00bb|||\u00a0\u00bb][\/et_pb_column][\/et_pb_row][\/et_pb_section]<\/p>\n","protected":false},"excerpt":{"rendered":"<p>Minerva poss\u00e8de un laboratoire d\u2019\u00e9talonnage de haute pr\u00e9cision innovant exceptionnel \u00e0 Amersfoort, aux Pays-Bas. <\/p>\n","protected":false},"author":1,"featured_media":58571,"parent":33895,"menu_order":0,"comment_status":"closed","ping_status":"closed","template":"","meta":{"_acf_changed":false,"_et_pb_use_builder":"on","_et_pb_old_content":"","_et_gb_content_width":"","footnotes":""},"class_list":["post-36655","page","type-page","status-publish","has-post-thumbnail","hentry"],"acf":[],"yoast_head":"<!-- This site is optimized with the Yoast SEO plugin v27.3 - https:\/\/yoast.com\/product\/yoast-seo-wordpress\/ -->\n<title>Laboratoire d\u2019etalonnage accredite &#8212; Minerva Metrology &amp; Calibration<\/title>\n<meta name=\"robots\" content=\"index, follow, max-snippet:-1, max-image-preview:large, max-video-preview:-1\" \/>\n<link rel=\"canonical\" href=\"https:\/\/www.minerva-calibration.com\/fr\/notre-entreprise\/laboratoire-detalonnage-accredite\/\" \/>\n<meta property=\"og:locale\" content=\"fr_FR\" \/>\n<meta property=\"og:type\" content=\"article\" \/>\n<meta property=\"og:title\" content=\"Laboratoire d\u2019etalonnage accredite &#8212; Minerva Metrology &amp; Calibration\" \/>\n<meta property=\"og:description\" content=\"Minerva poss\u00e8de un laboratoire d\u2019\u00e9talonnage de haute pr\u00e9cision innovant exceptionnel \u00e0 Amersfoort, aux Pays-Bas.\" \/>\n<meta property=\"og:url\" content=\"https:\/\/www.minerva-calibration.com\/fr\/notre-entreprise\/laboratoire-detalonnage-accredite\/\" \/>\n<meta property=\"og:site_name\" content=\"Minerva Metrology &amp; Calibration\" \/>\n<meta property=\"article:publisher\" content=\"https:\/\/www.facebook.com\/minervametrology\/\" \/>\n<meta property=\"article:modified_time\" content=\"2025-07-03T17:46:30+00:00\" \/>\n<meta property=\"og:image\" content=\"https:\/\/www.minerva-calibration.com\/wp-content\/uploads\/2025\/02\/K-048-UK-feb-2025.jpg\" \/>\n\t<meta property=\"og:image:width\" content=\"1512\" \/>\n\t<meta property=\"og:image:height\" content=\"2016\" \/>\n\t<meta property=\"og:image:type\" content=\"image\/jpeg\" \/>\n<meta name=\"twitter:card\" content=\"summary_large_image\" \/>\n<meta name=\"twitter:site\" content=\"@Minerva_Cal\" \/>\n<meta name=\"twitter:label1\" content=\"Dur\u00e9e de lecture estim\u00e9e\" \/>\n\t<meta name=\"twitter:data1\" content=\"2 minutes\" \/>\n<script type=\"application\/ld+json\" class=\"yoast-schema-graph\">{\"@context\":\"https:\\\/\\\/schema.org\",\"@graph\":[{\"@type\":\"WebPage\",\"@id\":\"https:\\\/\\\/www.minerva-calibration.com\\\/fr\\\/notre-entreprise\\\/laboratoire-detalonnage-accredite\\\/\",\"url\":\"https:\\\/\\\/www.minerva-calibration.com\\\/fr\\\/notre-entreprise\\\/laboratoire-detalonnage-accredite\\\/\",\"name\":\"Laboratoire d\u2019etalonnage accredite &#8212; Minerva Metrology &amp; Calibration\",\"isPartOf\":{\"@id\":\"https:\\\/\\\/www.minerva-calibration.com\\\/#website\"},\"primaryImageOfPage\":{\"@id\":\"https:\\\/\\\/www.minerva-calibration.com\\\/fr\\\/notre-entreprise\\\/laboratoire-detalonnage-accredite\\\/#primaryimage\"},\"image\":{\"@id\":\"https:\\\/\\\/www.minerva-calibration.com\\\/fr\\\/notre-entreprise\\\/laboratoire-detalonnage-accredite\\\/#primaryimage\"},\"thumbnailUrl\":\"https:\\\/\\\/www.minerva-calibration.com\\\/wp-content\\\/uploads\\\/2025\\\/02\\\/K-048-UK-feb-2025.jpg\",\"datePublished\":\"2017-07-17T14:00:51+00:00\",\"dateModified\":\"2025-07-03T17:46:30+00:00\",\"breadcrumb\":{\"@id\":\"https:\\\/\\\/www.minerva-calibration.com\\\/fr\\\/notre-entreprise\\\/laboratoire-detalonnage-accredite\\\/#breadcrumb\"},\"inLanguage\":\"fr-FR\",\"potentialAction\":[{\"@type\":\"ReadAction\",\"target\":[\"https:\\\/\\\/www.minerva-calibration.com\\\/fr\\\/notre-entreprise\\\/laboratoire-detalonnage-accredite\\\/\"]}]},{\"@type\":\"ImageObject\",\"inLanguage\":\"fr-FR\",\"@id\":\"https:\\\/\\\/www.minerva-calibration.com\\\/fr\\\/notre-entreprise\\\/laboratoire-detalonnage-accredite\\\/#primaryimage\",\"url\":\"https:\\\/\\\/www.minerva-calibration.com\\\/wp-content\\\/uploads\\\/2025\\\/02\\\/K-048-UK-feb-2025.jpg\",\"contentUrl\":\"https:\\\/\\\/www.minerva-calibration.com\\\/wp-content\\\/uploads\\\/2025\\\/02\\\/K-048-UK-feb-2025.jpg\",\"width\":1512,\"height\":2016},{\"@type\":\"BreadcrumbList\",\"@id\":\"https:\\\/\\\/www.minerva-calibration.com\\\/fr\\\/notre-entreprise\\\/laboratoire-detalonnage-accredite\\\/#breadcrumb\",\"itemListElement\":[{\"@type\":\"ListItem\",\"position\":1,\"name\":\"\u00e0 propos de notre entreprise\",\"item\":\"https:\\\/\\\/www.minerva-calibration.com\\\/fr\\\/notre-entreprise\\\/\"},{\"@type\":\"ListItem\",\"position\":2,\"name\":\"Laboratoire d\u2019etalonnage accredite\"}]},{\"@type\":\"WebSite\",\"@id\":\"https:\\\/\\\/www.minerva-calibration.com\\\/#website\",\"url\":\"https:\\\/\\\/www.minerva-calibration.com\\\/\",\"name\":\"Minerva Metrology &amp; Calibration\",\"description\":\"Specialised in high accuracy calibrations\",\"potentialAction\":[{\"@type\":\"SearchAction\",\"target\":{\"@type\":\"EntryPoint\",\"urlTemplate\":\"https:\\\/\\\/www.minerva-calibration.com\\\/?s={search_term_string}\"},\"query-input\":{\"@type\":\"PropertyValueSpecification\",\"valueRequired\":true,\"valueName\":\"search_term_string\"}}],\"inLanguage\":\"fr-FR\"}]}<\/script>\n<!-- \/ Yoast SEO plugin. -->","yoast_head_json":{"title":"Laboratoire d\u2019etalonnage accredite &#8212; Minerva Metrology &amp; Calibration","robots":{"index":"index","follow":"follow","max-snippet":"max-snippet:-1","max-image-preview":"max-image-preview:large","max-video-preview":"max-video-preview:-1"},"canonical":"https:\/\/www.minerva-calibration.com\/fr\/notre-entreprise\/laboratoire-detalonnage-accredite\/","og_locale":"fr_FR","og_type":"article","og_title":"Laboratoire d\u2019etalonnage accredite &#8212; Minerva Metrology &amp; Calibration","og_description":"Minerva poss\u00e8de un laboratoire d\u2019\u00e9talonnage de haute pr\u00e9cision innovant exceptionnel \u00e0 Amersfoort, aux Pays-Bas.","og_url":"https:\/\/www.minerva-calibration.com\/fr\/notre-entreprise\/laboratoire-detalonnage-accredite\/","og_site_name":"Minerva Metrology &amp; Calibration","article_publisher":"https:\/\/www.facebook.com\/minervametrology\/","article_modified_time":"2025-07-03T17:46:30+00:00","og_image":[{"width":1512,"height":2016,"url":"https:\/\/www.minerva-calibration.com\/wp-content\/uploads\/2025\/02\/K-048-UK-feb-2025.jpg","type":"image\/jpeg"}],"twitter_card":"summary_large_image","twitter_site":"@Minerva_Cal","twitter_misc":{"Dur\u00e9e de lecture estim\u00e9e":"2 minutes"},"schema":{"@context":"https:\/\/schema.org","@graph":[{"@type":"WebPage","@id":"https:\/\/www.minerva-calibration.com\/fr\/notre-entreprise\/laboratoire-detalonnage-accredite\/","url":"https:\/\/www.minerva-calibration.com\/fr\/notre-entreprise\/laboratoire-detalonnage-accredite\/","name":"Laboratoire d\u2019etalonnage accredite &#8212; Minerva Metrology &amp; Calibration","isPartOf":{"@id":"https:\/\/www.minerva-calibration.com\/#website"},"primaryImageOfPage":{"@id":"https:\/\/www.minerva-calibration.com\/fr\/notre-entreprise\/laboratoire-detalonnage-accredite\/#primaryimage"},"image":{"@id":"https:\/\/www.minerva-calibration.com\/fr\/notre-entreprise\/laboratoire-detalonnage-accredite\/#primaryimage"},"thumbnailUrl":"https:\/\/www.minerva-calibration.com\/wp-content\/uploads\/2025\/02\/K-048-UK-feb-2025.jpg","datePublished":"2017-07-17T14:00:51+00:00","dateModified":"2025-07-03T17:46:30+00:00","breadcrumb":{"@id":"https:\/\/www.minerva-calibration.com\/fr\/notre-entreprise\/laboratoire-detalonnage-accredite\/#breadcrumb"},"inLanguage":"fr-FR","potentialAction":[{"@type":"ReadAction","target":["https:\/\/www.minerva-calibration.com\/fr\/notre-entreprise\/laboratoire-detalonnage-accredite\/"]}]},{"@type":"ImageObject","inLanguage":"fr-FR","@id":"https:\/\/www.minerva-calibration.com\/fr\/notre-entreprise\/laboratoire-detalonnage-accredite\/#primaryimage","url":"https:\/\/www.minerva-calibration.com\/wp-content\/uploads\/2025\/02\/K-048-UK-feb-2025.jpg","contentUrl":"https:\/\/www.minerva-calibration.com\/wp-content\/uploads\/2025\/02\/K-048-UK-feb-2025.jpg","width":1512,"height":2016},{"@type":"BreadcrumbList","@id":"https:\/\/www.minerva-calibration.com\/fr\/notre-entreprise\/laboratoire-detalonnage-accredite\/#breadcrumb","itemListElement":[{"@type":"ListItem","position":1,"name":"\u00e0 propos de notre entreprise","item":"https:\/\/www.minerva-calibration.com\/fr\/notre-entreprise\/"},{"@type":"ListItem","position":2,"name":"Laboratoire d\u2019etalonnage accredite"}]},{"@type":"WebSite","@id":"https:\/\/www.minerva-calibration.com\/#website","url":"https:\/\/www.minerva-calibration.com\/","name":"Minerva Metrology &amp; Calibration","description":"Specialised in high accuracy calibrations","potentialAction":[{"@type":"SearchAction","target":{"@type":"EntryPoint","urlTemplate":"https:\/\/www.minerva-calibration.com\/?s={search_term_string}"},"query-input":{"@type":"PropertyValueSpecification","valueRequired":true,"valueName":"search_term_string"}}],"inLanguage":"fr-FR"}]}},"_links":{"self":[{"href":"https:\/\/www.minerva-calibration.com\/fr\/wp-json\/wp\/v2\/pages\/36655","targetHints":{"allow":["GET"]}}],"collection":[{"href":"https:\/\/www.minerva-calibration.com\/fr\/wp-json\/wp\/v2\/pages"}],"about":[{"href":"https:\/\/www.minerva-calibration.com\/fr\/wp-json\/wp\/v2\/types\/page"}],"author":[{"embeddable":true,"href":"https:\/\/www.minerva-calibration.com\/fr\/wp-json\/wp\/v2\/users\/1"}],"replies":[{"embeddable":true,"href":"https:\/\/www.minerva-calibration.com\/fr\/wp-json\/wp\/v2\/comments?post=36655"}],"version-history":[{"count":19,"href":"https:\/\/www.minerva-calibration.com\/fr\/wp-json\/wp\/v2\/pages\/36655\/revisions"}],"predecessor-version":[{"id":59259,"href":"https:\/\/www.minerva-calibration.com\/fr\/wp-json\/wp\/v2\/pages\/36655\/revisions\/59259"}],"up":[{"embeddable":true,"href":"https:\/\/www.minerva-calibration.com\/fr\/wp-json\/wp\/v2\/pages\/33895"}],"wp:featuredmedia":[{"embeddable":true,"href":"https:\/\/www.minerva-calibration.com\/fr\/wp-json\/wp\/v2\/media\/58571"}],"wp:attachment":[{"href":"https:\/\/www.minerva-calibration.com\/fr\/wp-json\/wp\/v2\/media?parent=36655"}],"curies":[{"name":"wp","href":"https:\/\/api.w.org\/{rel}","templated":true}]}}