{"id":27760,"date":"2017-07-13T10:05:57","date_gmt":"2017-07-13T10:05:57","guid":{"rendered":"https:\/\/www.minerva-calibration.com\/?page_id=27760\/"},"modified":"2025-02-14T11:28:44","modified_gmt":"2025-02-14T10:28:44","slug":"over-ons","status":"publish","type":"page","link":"https:\/\/www.minerva-calibration.com\/nl\/over-ons\/","title":{"rendered":"Over ons"},"content":{"rendered":"<p>[et_pb_section fb_built=&#8221;1&#8243; _builder_version=&#8221;4.16&#8243; background_color=&#8221;#399947&#8243; use_background_color_gradient=&#8221;on&#8221; background_color_gradient_stops=&#8221;#399947 0%|#399947 100%&#8221; background_color_gradient_start=&#8221;#399947&#8243; background_color_gradient_end=&#8221;#399947&#8243; background_image=&#8221;https:\/\/www.minerva-calibration.com\/wp-content\/uploads\/2017\/09\/header-calibration-fluke.jpg&#8221; custom_padding=&#8221;22px|0px|31px|0px&#8221; global_colors_info=&#8221;{}&#8221;][et_pb_row _builder_version=&#8221;4.16&#8243; global_colors_info=&#8221;{}&#8221;][et_pb_column type=&#8221;4_4&#8243; _builder_version=&#8221;4.16&#8243; custom_padding=&#8221;|||&#8221; global_colors_info=&#8221;{}&#8221; custom_padding__hover=&#8221;|||&#8221;][et_pb_post_title meta=&#8221;off&#8221; featured_image=&#8221;off&#8221; _builder_version=&#8221;4.16&#8243; title_text_color=&#8221;#ffffff&#8221; title_font_size=&#8221;40px&#8221; global_colors_info=&#8221;{}&#8221;][\/et_pb_post_title][\/et_pb_column][\/et_pb_row][\/et_pb_section][et_pb_section fb_built=&#8221;1&#8243; _builder_version=&#8221;4.16&#8243; custom_padding=&#8221;0px|0px|7px|0px&#8221; global_colors_info=&#8221;{}&#8221;][et_pb_row _builder_version=&#8221;4.16&#8243; custom_padding=&#8221;37px|0px|37px|0px&#8221; global_colors_info=&#8221;{}&#8221;][et_pb_column type=&#8221;4_4&#8243; _builder_version=&#8221;4.16&#8243; custom_padding=&#8221;|||&#8221; global_colors_info=&#8221;{}&#8221; custom_padding__hover=&#8221;|||&#8221;][et_pb_dcsbcm_divi_breadcrumbs_module separator=&#8221;sep-arrow&#8221; hide_currentbreadcrumb=&#8221;off&#8221; _builder_version=&#8221;4.16&#8243; fontsbreadcrumbs_text_color=&#8221;#399947&#8243; fontsseperator_text_color=&#8221;#399947&#8243; fontsseperator_font_size=&#8221;18&#8243; fontsbreadcrumblinks_text_color=&#8221;#399947&#8243; custom_margin=&#8221;|20px||&#8221; fontsbreadcrumbs_font_size_tablet=&#8221;51&#8243; fontsbreadcrumbs_line_height_tablet=&#8221;2&#8243; fontsseperator_font_size_tablet=&#8221;51&#8243; fontsseperator_line_height_tablet=&#8221;2&#8243; fontsbreadcrumblinks_font_size_tablet=&#8221;51&#8243; fontsbreadcrumblinks_line_height_tablet=&#8221;2&#8243; global_colors_info=&#8221;{}&#8221;]&lt;div class=&#8221;dcsbcm_divi_breadcrumbs_wrapper clearfix et_pb_module et_pb_bg_layout_light et_pb_dcsbcm_divi_breadcrumbs_module_1&#8243;&gt;<br \/>\n&lt;div class=&#8221;dcsbcm_divi_breadcrumbs&#8221;&gt;&lt;span class=&#8221;dcsbcm_divi_breadcrumb&#8221;&gt;&lt;a href=&#8221;https:\/\/www.minerva-calibration.com\/&#8221; rel=&#8221;v:url&#8221;&gt;Home&lt;\/a&gt;&lt;\/span&gt;&lt;span class=&#8221;dcsbcm_separator&#8221;&gt;\u00a0\u2192\u00a0&lt;\/span&gt;&lt;\/div&gt;<br \/>\n&lt;\/div&gt;<br \/>\n&lt;!&#8211; .dcsbcm_divi_breadcrumbs_wrapper &#8211;&gt;[\/et_pb_dcsbcm_divi_breadcrumbs_module][\/et_pb_column][\/et_pb_row][et_pb_row _builder_version=&#8221;4.16&#8243; custom_padding=&#8221;0px|0px|18px|0px&#8221; global_colors_info=&#8221;{}&#8221;][et_pb_column type=&#8221;4_4&#8243; _builder_version=&#8221;4.16&#8243; custom_padding=&#8221;|||&#8221; global_colors_info=&#8221;{}&#8221; custom_padding__hover=&#8221;|||&#8221;][et_pb_text _builder_version=&#8221;4.27.4&#8243; hover_enabled=&#8221;0&#8243; global_colors_info=&#8221;{}&#8221; sticky_enabled=&#8221;0&#8243;]<\/p>\n<p><strong>Minerva is een internationaal gerenommeerd en gewaardeerd bedrijf met een trouwe, veeleisende en groeiende klantenkring. Onze klanten komen uit industrie\u00ebn zoals de lucht- en ruimtevaart, procesinstrumenten, olie en gas, energieproductie en farmaceutische industrie en bevat meerdere nationale meetinstituten. We bieden kalibratie diensten aan die IEC\/ISO 17025 zijn geaccrediteerd.<\/strong><\/p>\n<h2>Onze missie<\/h2>\n<p>Minerva Metrology and Calibration verleent hoogwaardige kalibratie services, waarbij onze klanten kunnen rekenen op &#8216;carefree traceability&#8217;: betrouwbare herleidbaarheid en de zekerheid dat u uw instrumenten aan deskundigen overdraagt.<\/p>\n<h2>Onze kernwaarden<\/h2>\n<p>Onze kernwaarden zijn integer, involved, innovative, skilled en service oriented.<\/p>\n<p>Wij leven naar deze kernwaarden en meten jaarlijks in hoeverre onze merkbelofte en kernwaarden door onze klanten worden beleefd.\u00a0Dit houdt ons scherp en zorgt voor verbetering waardoor onze klant een betere dienstverlening ervaart.<\/p>\n<h2>Onze Visie<\/h2>\n<p><span style=\"font-size: 17px;\"><a href=\"https:\/\/www.minerva-calibration.com\/wp-content\/uploads\/2022\/08\/Tim-aan-het-werk-in-het-lab-2.jpeg\"><img decoding=\"async\" class=\"alignright wp-image-52910\" src=\"https:\/\/www.minerva-calibration.com\/wp-content\/uploads\/2022\/08\/Tim-aan-het-werk-in-het-lab-2.jpeg\" alt=\"\" width=\"500\" height=\"334\" \/><\/a>Het is onze ambitie om wereldwijd bekend en erkend te worden als hoogwaardige metrologie partner. Wij doen elke dag ons best om een betrouwbare en transparante partner voor onze klanten te zijn. Om hun innovatieve kalibratiediensten te verlenen, zonder dat zij zich ergens zorgen over hoeven te maken.\u00a0<\/span><\/p>\n<p>Onze focus ligt nu op het leveren van uitstekende high-end en hoge precisie drukkalibratie apparatuur en de service en ondersteuning daarvan.\u00a0Wij zijn tevreden als onze klanten zo nauwkeurig en veilig mogelijk kunnen werken met zo min mogelijk downtime.<\/p>\n<p>Oorspronkelijk was Minerva actief <a href=\"https:\/\/www.minerva-calibration.com\/nl\/over-ons\/geschiedenis-minerva\/\">in de automobielindustrie<\/a>. Dit is door de jaren heen doorontwikkeld en vanaf de jaren tachtig zijn wij uitsluitend actief in de high-end drukmetrologiemarkt.<\/p>\n<h2>Voor wie werken wij en in welke markten?<\/h2>\n<p>Onze prestigieuze klantenbasis omvat veel nationale metrologie instituten en bedrijven uit hightech-industrie\u00ebn zoals uit de lucht- en ruimtevaart, gas en olie, farmaceutische en elektronica industrie.<\/p>\n<p>[\/et_pb_text][\/et_pb_column][\/et_pb_row][\/et_pb_section][et_pb_section fb_built=&#8221;1&#8243; _builder_version=&#8221;4.16&#8243; global_colors_info=&#8221;{}&#8221;][et_pb_row column_structure=&#8221;1_2,1_2&#8243; _builder_version=&#8221;4.16&#8243; custom_padding=&#8221;16px|0px|37px|0px&#8221; global_colors_info=&#8221;{}&#8221;][et_pb_column type=&#8221;1_2&#8243; _builder_version=&#8221;4.16&#8243; custom_padding=&#8221;|||&#8221; global_colors_info=&#8221;{}&#8221; custom_padding__hover=&#8221;|||&#8221;][et_pb_text _builder_version=&#8221;4.16&#8243; global_colors_info=&#8221;{}&#8221;]<\/p>\n<p>Onze diensten in EMEA en wereldwijd:<\/p>\n<ul>\n<li><a href=\"https:\/\/www.minerva-calibration.com\/nl\/kalibratie-reparatie-service\/\">kalibratie en reparatie diensten<\/a><\/li>\n<li><a href=\"https:\/\/www.minerva-calibration.com\/training-and-consultancy\/\">training &#038; consultancy<\/a><\/li>\n<li><a title=\"Minerva producten\" href=\"https:\/\/www.minerva-calibration.com\/products\/?product_cat=minerva-products\">verkoop van Minerva kalibratie producten<\/a>.<\/li>\n<\/ul>\n<p>[\/et_pb_text][\/et_pb_column][et_pb_column type=&#8221;1_2&#8243; _builder_version=&#8221;4.16&#8243; custom_padding=&#8221;|||&#8221; global_colors_info=&#8221;{}&#8221; custom_padding__hover=&#8221;|||&#8221;][et_pb_text _builder_version=&#8221;4.16&#8243; global_colors_info=&#8221;{}&#8221;]<\/p>\n<p>Onze diensten in Nederland, Belgi\u00eb en Luxemburg:<\/p>\n<ul>\n<li><a href=\"https:\/\/www.minerva-calibration.com\/nl\/kalibratie-reparatie-service\/\">kalibratie en reparatie diensten<\/a><\/li>\n<li><a href=\"https:\/\/www.minerva-calibration.com\/training-and-consultancy\/\">training &#038; consultancy<\/a><\/li>\n<li>verkoop van\u00a0<a href=\"https:\/\/www.minerva-calibration.com\/products\/\">Fluke en Minerva kalibratieproducten<\/a><\/li>\n<\/ul>\n<p>[\/et_pb_text][\/et_pb_column][\/et_pb_row][\/et_pb_section][et_pb_section fb_built=&#8221;1&#8243; _builder_version=&#8221;4.16&#8243; background_color=&#8221;#e0e0e0&#8243; custom_padding=&#8221;22px|0px|19px|0px&#8221; global_colors_info=&#8221;{}&#8221;][et_pb_row column_structure=&#8221;1_3,1_3,1_3&#8243; make_equal=&#8221;on&#8221; _builder_version=&#8221;4.16&#8243; global_colors_info=&#8221;{}&#8221;][et_pb_column type=&#8221;1_3&#8243; _builder_version=&#8221;4.16&#8243; custom_padding=&#8221;|||&#8221; global_colors_info=&#8221;{}&#8221; custom_padding__hover=&#8221;|||&#8221;][et_pb_blurb title=&#8221;Stel uw vraag aan ons team!&#8221; url=&#8221;\/nl\/over-ons\/team\/&#8221; use_icon=&#8221;on&#8221; font_icon=&#8221;&#xe0a1;||divi||400&#8243; image_icon_background_color=&#8221;#ffffff&#8221; image_icon_width=&#8221;48px&#8221; _builder_version=&#8221;4.16&#8243; background_color=&#8221;#ffffff&#8221; image_icon_custom_padding=&#8221;25px|25px|25px|25px|false|false&#8221; custom_padding=&#8221;15px|15px|15px|15px&#8221; border_radii_image=&#8221;on|100%|100%|100%|100%&#8221; border_width_all_image=&#8221;3px&#8221; border_color_all_image=&#8221;#399947&#8243; image_max_width=&#8221;none&#8221; use_circle=&#8221;on&#8221; use_circle_border=&#8221;on&#8221; circle_color=&#8221;#ffffff&#8221; global_colors_info=&#8221;{}&#8221; image_icon_background_color__sticky_enabled=&#8221;#399947&#8243; image_icon_background_color__sticky=&#8221;#399947&#8243;]<\/p>\n<p>In de afgelopen jaren is ons team gegroeid tot bijna 20 professionals, van technische specialisten tot klantenservice professionals.<\/p>\n<p>Wij staan klaar om u te helpen!<\/p>\n<p>[\/et_pb_blurb][\/et_pb_column][et_pb_column type=&#8221;1_3&#8243; _builder_version=&#8221;4.16&#8243; custom_padding=&#8221;|||&#8221; global_colors_info=&#8221;{}&#8221; custom_padding__hover=&#8221;|||&#8221;][et_pb_blurb title=&#8221;Bekijk onze vacatures&#8221; url=&#8221;\/nl\/over-ons\/vacatures\/&#8221; use_icon=&#8221;on&#8221; font_icon=&#8221;&#x6c;||divi||400&#8243; image_icon_background_color=&#8221;#ffffff&#8221; image_icon_width=&#8221;48px&#8221; _builder_version=&#8221;4.16&#8243; background_color=&#8221;#ffffff&#8221; image_icon_custom_padding=&#8221;25px|25px|25px|25px|false|false&#8221; custom_padding=&#8221;15px|15px|15px|15px&#8221; border_radii_image=&#8221;on|100%|100%|100%|100%&#8221; border_width_all_image=&#8221;3px&#8221; border_color_all_image=&#8221;#399947&#8243; image_max_width=&#8221;none&#8221; use_circle=&#8221;on&#8221; use_circle_border=&#8221;on&#8221; circle_color=&#8221;#ffffff&#8221; global_colors_info=&#8221;{}&#8221; image_icon_background_color__sticky_enabled=&#8221;#399947&#8243; image_icon_background_color__sticky=&#8221;#399947&#8243;]Ons team heeft \u00e9\u00e9n missie: het leveren van premium drukkalibratieproducten en -diensten, om de traceerbaarheid van vacu\u00fcm tot zeer hoge druk te waarborgen. Komt u ons team versterken?<br \/>\n[\/et_pb_blurb][\/et_pb_column][et_pb_column type=&#8221;1_3&#8243; _builder_version=&#8221;4.16&#8243; custom_padding=&#8221;|||&#8221; global_colors_info=&#8221;{}&#8221; custom_padding__hover=&#8221;|||&#8221;][et_pb_number_counter title=&#8221;Proud to call these companies our clients!&#8221; number=&#8221;1115&#8243; percent_sign=&#8221;off&#8221; _builder_version=&#8221;4.17.6&#8243; background_color=&#8221;#ffffff&#8221; custom_padding=&#8221;15px|15px|15px|15px&#8221; global_colors_info=&#8221;{}&#8221;][\/et_pb_number_counter][et_pb_button button_url=&#8221;\/nl\/over-ons\/klanten\/&#8221; button_text=&#8221;Bekijk onze klanten&#8221; button_alignment=&#8221;center&#8221; _builder_version=&#8221;4.16&#8243; global_colors_info=&#8221;{}&#8221; button_text_size__hover_enabled=&#8221;off&#8221; button_one_text_size__hover_enabled=&#8221;off&#8221; button_two_text_size__hover_enabled=&#8221;off&#8221; button_text_color__hover_enabled=&#8221;off&#8221; button_one_text_color__hover_enabled=&#8221;off&#8221; button_two_text_color__hover_enabled=&#8221;off&#8221; button_border_width__hover_enabled=&#8221;off&#8221; button_one_border_width__hover_enabled=&#8221;off&#8221; button_two_border_width__hover_enabled=&#8221;off&#8221; button_border_color__hover_enabled=&#8221;off&#8221; button_one_border_color__hover_enabled=&#8221;off&#8221; button_two_border_color__hover_enabled=&#8221;off&#8221; button_border_radius__hover_enabled=&#8221;off&#8221; button_one_border_radius__hover_enabled=&#8221;off&#8221; button_two_border_radius__hover_enabled=&#8221;off&#8221; button_letter_spacing__hover_enabled=&#8221;off&#8221; button_one_letter_spacing__hover_enabled=&#8221;off&#8221; button_two_letter_spacing__hover_enabled=&#8221;off&#8221; button_bg_color__hover_enabled=&#8221;off&#8221; button_one_bg_color__hover_enabled=&#8221;off&#8221; button_two_bg_color__hover_enabled=&#8221;off&#8221;][\/et_pb_button][\/et_pb_column][\/et_pb_row][\/et_pb_section]<\/p>\n","protected":false},"excerpt":{"rendered":"<p>&lt;div class=&#8221;dcsbcm_divi_breadcrumbs_wrapper clearfix et_pb_module et_pb_bg_layout_light et_pb_dcsbcm_divi_breadcrumbs_module_1&#8243;&gt; &lt;div class=&#8221;dcsbcm_divi_breadcrumbs&#8221;&gt;&lt;span class=&#8221;dcsbcm_divi_breadcrumb&#8221;&gt;&lt;a href=&#8221;https:\/\/www.minerva-calibration.com\/&#8221; rel=&#8221;v:url&#8221;&gt;Home&lt;\/a&gt;&lt;\/span&gt;&lt;span class=&#8221;dcsbcm_separator&#8221;&gt;\u00a0\u2192\u00a0&lt;\/span&gt;&lt;\/div&gt; &lt;\/div&gt; &lt;!&#8211; .dcsbcm_divi_breadcrumbs_wrapper &#8211;&gt;Minerva is een internationaal gerenommeerd en gewaardeerd bedrijf met een trouwe, veeleisende en groeiende klantenkring. Onze klanten komen uit industrie\u00ebn zoals de lucht- en ruimtevaart, procesinstrumenten, olie en gas, energieproductie en farmaceutische industrie en bevat meerdere nationale meetinstituten. We bieden [&hellip;]<\/p>\n","protected":false},"author":1,"featured_media":52906,"parent":0,"menu_order":0,"comment_status":"closed","ping_status":"closed","template":"","meta":{"_acf_changed":false,"_et_pb_use_builder":"on","_et_pb_old_content":"","_et_gb_content_width":"","footnotes":""},"class_list":["post-27760","page","type-page","status-publish","has-post-thumbnail","hentry"],"acf":[],"yoast_head":"<!-- This site is optimized with the Yoast SEO plugin v27.4 - https:\/\/yoast.com\/product\/yoast-seo-wordpress\/ -->\n<title>Over ons &#8212; Minerva Metrology &amp; Calibration<\/title>\n<meta name=\"robots\" content=\"index, follow, max-snippet:-1, max-image-preview:large, max-video-preview:-1\" \/>\n<link rel=\"canonical\" href=\"https:\/\/www.minerva-calibration.com\/nl\/over-ons\/\" \/>\n<meta property=\"og:locale\" content=\"nl_NL\" \/>\n<meta property=\"og:type\" content=\"article\" \/>\n<meta property=\"og:title\" content=\"Over ons &#8212; Minerva Metrology &amp; Calibration\" \/>\n<meta property=\"og:description\" content=\"&lt;div class=&quot;dcsbcm_divi_breadcrumbs_wrapper clearfix et_pb_module et_pb_bg_layout_light et_pb_dcsbcm_divi_breadcrumbs_module_1&quot;&gt; &lt;div class=&quot;dcsbcm_divi_breadcrumbs&quot;&gt;&lt;span class=&quot;dcsbcm_divi_breadcrumb&quot;&gt;&lt;a href=&quot;https:\/\/www.minerva-calibration.com\/&quot; rel=&quot;v:url&quot;&gt;Home&lt;\/a&gt;&lt;\/span&gt;&lt;span class=&quot;dcsbcm_separator&quot;&gt;\u00a0\u2192\u00a0&lt;\/span&gt;&lt;\/div&gt; &lt;\/div&gt; &lt;!-- .dcsbcm_divi_breadcrumbs_wrapper --&gt;Minerva is een internationaal gerenommeerd en gewaardeerd bedrijf met een trouwe, veeleisende en groeiende klantenkring. Onze klanten komen uit industrie\u00ebn zoals de lucht- en ruimtevaart, procesinstrumenten, olie en gas, energieproductie en farmaceutische industrie en bevat meerdere nationale meetinstituten. We bieden [&hellip;]\" \/>\n<meta property=\"og:url\" content=\"https:\/\/www.minerva-calibration.com\/nl\/over-ons\/\" \/>\n<meta property=\"og:site_name\" content=\"Minerva Metrology &amp; Calibration\" \/>\n<meta property=\"article:publisher\" content=\"https:\/\/www.facebook.com\/minervametrology\/\" \/>\n<meta property=\"article:modified_time\" content=\"2025-02-14T10:28:44+00:00\" \/>\n<meta property=\"og:image\" content=\"https:\/\/www.minerva-calibration.com\/wp-content\/uploads\/2022\/08\/Tim-aan-het-werk-in-het-lab-1.jpeg\" \/>\n\t<meta property=\"og:image:width\" content=\"1000\" \/>\n\t<meta property=\"og:image:height\" content=\"667\" \/>\n\t<meta property=\"og:image:type\" content=\"image\/jpeg\" \/>\n<meta name=\"twitter:card\" content=\"summary_large_image\" \/>\n<meta name=\"twitter:site\" content=\"@Minerva_Cal\" \/>\n<meta name=\"twitter:label1\" content=\"Geschatte leestijd\" \/>\n\t<meta name=\"twitter:data1\" content=\"3 minuten\" \/>\n<script type=\"application\/ld+json\" class=\"yoast-schema-graph\">{\"@context\":\"https:\\\/\\\/schema.org\",\"@graph\":[{\"@type\":\"WebPage\",\"@id\":\"https:\\\/\\\/www.minerva-calibration.com\\\/nl\\\/over-ons\\\/\",\"url\":\"https:\\\/\\\/www.minerva-calibration.com\\\/nl\\\/over-ons\\\/\",\"name\":\"Over ons &#8212; Minerva Metrology &amp; Calibration\",\"isPartOf\":{\"@id\":\"https:\\\/\\\/www.minerva-calibration.com\\\/#website\"},\"primaryImageOfPage\":{\"@id\":\"https:\\\/\\\/www.minerva-calibration.com\\\/nl\\\/over-ons\\\/#primaryimage\"},\"image\":{\"@id\":\"https:\\\/\\\/www.minerva-calibration.com\\\/nl\\\/over-ons\\\/#primaryimage\"},\"thumbnailUrl\":\"https:\\\/\\\/www.minerva-calibration.com\\\/wp-content\\\/uploads\\\/2022\\\/08\\\/Tim-aan-het-werk-in-het-lab-1.jpeg\",\"datePublished\":\"2017-07-13T10:05:57+00:00\",\"dateModified\":\"2025-02-14T10:28:44+00:00\",\"inLanguage\":\"nl-NL\",\"potentialAction\":[{\"@type\":\"ReadAction\",\"target\":[\"https:\\\/\\\/www.minerva-calibration.com\\\/nl\\\/over-ons\\\/\"]}]},{\"@type\":\"ImageObject\",\"inLanguage\":\"nl-NL\",\"@id\":\"https:\\\/\\\/www.minerva-calibration.com\\\/nl\\\/over-ons\\\/#primaryimage\",\"url\":\"https:\\\/\\\/www.minerva-calibration.com\\\/wp-content\\\/uploads\\\/2022\\\/08\\\/Tim-aan-het-werk-in-het-lab-1.jpeg\",\"contentUrl\":\"https:\\\/\\\/www.minerva-calibration.com\\\/wp-content\\\/uploads\\\/2022\\\/08\\\/Tim-aan-het-werk-in-het-lab-1.jpeg\",\"width\":1000,\"height\":667},{\"@type\":\"WebSite\",\"@id\":\"https:\\\/\\\/www.minerva-calibration.com\\\/#website\",\"url\":\"https:\\\/\\\/www.minerva-calibration.com\\\/\",\"name\":\"Minerva Metrology &amp; Calibration\",\"description\":\"Specialised in high accuracy calibrations\",\"potentialAction\":[{\"@type\":\"SearchAction\",\"target\":{\"@type\":\"EntryPoint\",\"urlTemplate\":\"https:\\\/\\\/www.minerva-calibration.com\\\/?s={search_term_string}\"},\"query-input\":{\"@type\":\"PropertyValueSpecification\",\"valueRequired\":true,\"valueName\":\"search_term_string\"}}],\"inLanguage\":\"nl-NL\"}]}<\/script>\n<!-- \/ Yoast SEO plugin. -->","yoast_head_json":{"title":"Over ons &#8212; Minerva Metrology &amp; Calibration","robots":{"index":"index","follow":"follow","max-snippet":"max-snippet:-1","max-image-preview":"max-image-preview:large","max-video-preview":"max-video-preview:-1"},"canonical":"https:\/\/www.minerva-calibration.com\/nl\/over-ons\/","og_locale":"nl_NL","og_type":"article","og_title":"Over ons &#8212; Minerva Metrology &amp; Calibration","og_description":"&lt;div class=\"dcsbcm_divi_breadcrumbs_wrapper clearfix et_pb_module et_pb_bg_layout_light et_pb_dcsbcm_divi_breadcrumbs_module_1\"&gt; &lt;div class=\"dcsbcm_divi_breadcrumbs\"&gt;&lt;span class=\"dcsbcm_divi_breadcrumb\"&gt;&lt;a href=\"https:\/\/www.minerva-calibration.com\/\" rel=\"v:url\"&gt;Home&lt;\/a&gt;&lt;\/span&gt;&lt;span class=\"dcsbcm_separator\"&gt;\u00a0\u2192\u00a0&lt;\/span&gt;&lt;\/div&gt; &lt;\/div&gt; &lt;!-- .dcsbcm_divi_breadcrumbs_wrapper --&gt;Minerva is een internationaal gerenommeerd en gewaardeerd bedrijf met een trouwe, veeleisende en groeiende klantenkring. Onze klanten komen uit industrie\u00ebn zoals de lucht- en ruimtevaart, procesinstrumenten, olie en gas, energieproductie en farmaceutische industrie en bevat meerdere nationale meetinstituten. We bieden [&hellip;]","og_url":"https:\/\/www.minerva-calibration.com\/nl\/over-ons\/","og_site_name":"Minerva Metrology &amp; Calibration","article_publisher":"https:\/\/www.facebook.com\/minervametrology\/","article_modified_time":"2025-02-14T10:28:44+00:00","og_image":[{"width":1000,"height":667,"url":"https:\/\/www.minerva-calibration.com\/wp-content\/uploads\/2022\/08\/Tim-aan-het-werk-in-het-lab-1.jpeg","type":"image\/jpeg"}],"twitter_card":"summary_large_image","twitter_site":"@Minerva_Cal","twitter_misc":{"Geschatte leestijd":"3 minuten"},"schema":{"@context":"https:\/\/schema.org","@graph":[{"@type":"WebPage","@id":"https:\/\/www.minerva-calibration.com\/nl\/over-ons\/","url":"https:\/\/www.minerva-calibration.com\/nl\/over-ons\/","name":"Over ons &#8212; Minerva Metrology &amp; Calibration","isPartOf":{"@id":"https:\/\/www.minerva-calibration.com\/#website"},"primaryImageOfPage":{"@id":"https:\/\/www.minerva-calibration.com\/nl\/over-ons\/#primaryimage"},"image":{"@id":"https:\/\/www.minerva-calibration.com\/nl\/over-ons\/#primaryimage"},"thumbnailUrl":"https:\/\/www.minerva-calibration.com\/wp-content\/uploads\/2022\/08\/Tim-aan-het-werk-in-het-lab-1.jpeg","datePublished":"2017-07-13T10:05:57+00:00","dateModified":"2025-02-14T10:28:44+00:00","inLanguage":"nl-NL","potentialAction":[{"@type":"ReadAction","target":["https:\/\/www.minerva-calibration.com\/nl\/over-ons\/"]}]},{"@type":"ImageObject","inLanguage":"nl-NL","@id":"https:\/\/www.minerva-calibration.com\/nl\/over-ons\/#primaryimage","url":"https:\/\/www.minerva-calibration.com\/wp-content\/uploads\/2022\/08\/Tim-aan-het-werk-in-het-lab-1.jpeg","contentUrl":"https:\/\/www.minerva-calibration.com\/wp-content\/uploads\/2022\/08\/Tim-aan-het-werk-in-het-lab-1.jpeg","width":1000,"height":667},{"@type":"WebSite","@id":"https:\/\/www.minerva-calibration.com\/#website","url":"https:\/\/www.minerva-calibration.com\/","name":"Minerva Metrology &amp; Calibration","description":"Specialised in high accuracy calibrations","potentialAction":[{"@type":"SearchAction","target":{"@type":"EntryPoint","urlTemplate":"https:\/\/www.minerva-calibration.com\/?s={search_term_string}"},"query-input":{"@type":"PropertyValueSpecification","valueRequired":true,"valueName":"search_term_string"}}],"inLanguage":"nl-NL"}]}},"_links":{"self":[{"href":"https:\/\/www.minerva-calibration.com\/nl\/wp-json\/wp\/v2\/pages\/27760","targetHints":{"allow":["GET"]}}],"collection":[{"href":"https:\/\/www.minerva-calibration.com\/nl\/wp-json\/wp\/v2\/pages"}],"about":[{"href":"https:\/\/www.minerva-calibration.com\/nl\/wp-json\/wp\/v2\/types\/page"}],"author":[{"embeddable":true,"href":"https:\/\/www.minerva-calibration.com\/nl\/wp-json\/wp\/v2\/users\/1"}],"replies":[{"embeddable":true,"href":"https:\/\/www.minerva-calibration.com\/nl\/wp-json\/wp\/v2\/comments?post=27760"}],"version-history":[{"count":26,"href":"https:\/\/www.minerva-calibration.com\/nl\/wp-json\/wp\/v2\/pages\/27760\/revisions"}],"predecessor-version":[{"id":58538,"href":"https:\/\/www.minerva-calibration.com\/nl\/wp-json\/wp\/v2\/pages\/27760\/revisions\/58538"}],"wp:featuredmedia":[{"embeddable":true,"href":"https:\/\/www.minerva-calibration.com\/nl\/wp-json\/wp\/v2\/media\/52906"}],"wp:attachment":[{"href":"https:\/\/www.minerva-calibration.com\/nl\/wp-json\/wp\/v2\/media?parent=27760"}],"curies":[{"name":"wp","href":"https:\/\/api.w.org\/{rel}","templated":true}]}}